{"id":9330,"date":"2020-06-13T01:24:41","date_gmt":"2020-06-12T23:24:41","guid":{"rendered":"https:\/\/webstore4.com\/\/?product=dahua-ipc-hdbw1431e-s4-full-hd-4mp-mini-dome-camera-met-ir-nachtzicht-120db-wdr-en-poe"},"modified":"2025-12-12T14:43:49","modified_gmt":"2025-12-12T13:43:49","slug":"dahua-ipc-hdbw2431e-s-s2-full-hd-4mp-mini-dome-camera-met-ir-nachtzicht-120db-wdr-en-poe","status":"publish","type":"product","link":"https:\/\/webstore4.com\/de\/product\/dahua-ipc-hdbw2431e-s-s2-full-hd-4mp-mini-dome-camera-met-ir-nachtzicht-120db-wdr-en-poe\/","title":{"rendered":"Dahua IPC-HDBW2431E-S-S2 Full HD 4MP mini dome camera met IR nachtzicht, 120dB WDR en PoE"},"content":{"rendered":"<p>De Dahua IPC-HDBW2431E-S-S2 is een 4 megapixel Full HD mini dome camera voor buiten met 120 dB WDR. De camera is zeer geschikt voor gebruik bij woningen, kantoren, restaurants, hotels en kleine bedrijfsruimten.<\/p>\n<p><strong>Gestochen scharfes Full-HD-Bild<\/strong><\/p>\n<p>Die Kamera zeigt Bilder in Full-HD-Aufl\u00f6sung von 2688\u00d71520 Pixeln an. Dar\u00fcber hinaus verf\u00fcgt die Kamera \u00fcber einen eingebauten IR-Sperrfilter (ICR), was sie zu einer echten Tag-\/Nachtkamera macht. Bei Dunkelheit kann die Kamera auch die integrierte IR-Beleuchtung einschalten, sodass Bilder auch bei v\u00f6lliger Dunkelheit (0 Lux) betrachtet werden k\u00f6nnen. Die IR-Beleuchtung hat eine Reichweite von 30 Metern. Die Kamera verf\u00fcgt \u00fcber einen 120 dB Wide Dynamic Range (WDR), wodurch die Kamera auch mit komplexen Lichtverh\u00e4ltnissen, beispielsweise durch Gegenlicht der Sonne oder Autoscheinwerfer, sehr gut zurechtkommt.<\/p>\n<p><strong>Zur\u00fcckziehen<\/strong><\/p>\n<p>De camera heeft een micro-SD slot voor een SD kaart tot 256 gigabyte. Beelden kunnen worden opgenomen op een NVR.<\/p>\n<p><strong>Kostenlose App<\/strong><\/p>\n<p>De camera ondersteunt de Dahua app voor\u00a0iOS en Android. De camera heeft een interne webserver en kan met elke webbrowser worden bekeken en beheerd.<\/p>\n<p>De camera moet worden gevoed met PoE of een 12VDC adapter die niet wordt meegeleverd. Kijk daarvoor onder het tabblad &#8220;Opties&#8221;.\u00a0De camera is verstelbaar over 3 assen en daardoor ook zeer geschikt om verticaal tegen een wand te plaatsen.\u00a0De camera is vandaalbestendig (IK10 rating).<\/p>\n<p><strong>Hauptmerkmale<\/strong><\/p>\n<ul>\n<li>4-Megapixel-Full-HD-Kamera<\/li>\n<li>Smart H.265 compressie<\/li>\n<li>120 dB WDR<\/li>\n<li>2.8mm lens<\/li>\n<li>Intelligente IR-LED mit einer Reichweite von bis zu 30 Metern<\/li>\n<li>IP67 wetterfest<\/li>\n<li>IK10 vandalensicher<\/li>\n<li>PoE- oder 12-VDC-Stromversorgung<\/li>\n<\/ul>\n<p><a href=\"https:\/\/www.webstore4ipcameras.nl\/Copyright\" target=\"_blank\" rel=\"noopener\"><span style=\"color: #ff6e03; font-size: 11px;\">\u00a9 Der Text ist urheberrechtlich gesch\u00fctzt<\/span><\/a><\/p>","protected":false},"excerpt":{"rendered":"<p>De Dahua IPC-HDBW2431E-S-S2 is een 4 megapixel Full HD mini dome camera voor buiten met 120 dB WDR. De camera is zeer geschikt voor gebruik bij woningen, kantoren, restaurants, hotels en kleine bedrijfsruimten. Haarscherp Full HD beeld De camera geeft beelden weer in Full HD resolutie van 2560&#215;1440 pixels. Verder beschikt de camera over een<\/p>\n<div class=\"klb-readmore button\"><a class=\"btn link\" href=\"https:\/\/webstore4.com\/de\/product\/dahua-ipc-hdbw2431e-s-s2-full-hd-4mp-mini-dome-camera-met-ir-nachtzicht-120db-wdr-en-poe\/\">Mehr lesen <i class=\"klbth-icon-right-arrow\"><\/i><\/a><\/div>","protected":false},"featured_media":9331,"comment_status":"open","ping_status":"closed","template":"","meta":[],"pwb-brand":[3376],"product_cat":[4184,4200,4199],"product_tag":[],"class_list":{"0":"post-9330","1":"product","2":"type-product","3":"status-publish","4":"has-post-thumbnail","6":"pwb-brand-dahua","7":"product_cat-cameras","8":"product_cat-dome-eyeball-cameras-cameras","9":"product_cat-dahua-starlight-series","10":"product_shipping_class-pakket","11":"pa_audio-nee","12":"pa_beeldhoek-graden-horizontaal-3914","13":"pa_beeldsensor-1-3-cmos","14":"pa_dag-nacht-ir-cut-filter-ja","15":"pa_draadloos-nee","16":"pa_geheugenkaart-type-micro-sdsdhcsdxc-256gb","17":"pa_ingebouwd-type-nachtzicht-infrared-ir-led","18":"pa_lens-mm-2-8","19":"pa_megapixel-4mp","20":"pa_merk-dahua","21":"pa_minimale-verlichting-0-008-lux-0-lux-met-ir","22":"pa_mobiele-app-fabrikant-ja","23":"pa_nachtzicht-ja","24":"pa_omgeving-binnen-en-buiten","25":"pa_opnemen-op-sd-kaart-ja","26":"pa_poe-802-3af","27":"pa_product-status-a","28":"pa_resolutie-max-pixels-full-hd-2560x1440","29":"pa_vandaalbestendig-ik10","30":"pa_verstelbare-assen-3631","31":"pa_voeding-12vdc","32":"pa_voeding-poe","33":"pa_wdr-ja","35":"first","36":"onbackorder","37":"taxable","38":"shipping-taxable","39":"purchasable","40":"product-type-simple"},"brands":[{"id":3376,"name":"Dahua","slug":"dahua"}],"_links":{"self":[{"href":"https:\/\/webstore4.com\/de\/wp-json\/wp\/v2\/product\/9330","targetHints":{"allow":["GET"]}}],"collection":[{"href":"https:\/\/webstore4.com\/de\/wp-json\/wp\/v2\/product"}],"about":[{"href":"https:\/\/webstore4.com\/de\/wp-json\/wp\/v2\/types\/product"}],"replies":[{"embeddable":true,"href":"https:\/\/webstore4.com\/de\/wp-json\/wp\/v2\/comments?post=9330"}],"wp:featuredmedia":[{"embeddable":true,"href":"https:\/\/webstore4.com\/de\/wp-json\/wp\/v2\/media\/9331"}],"wp:attachment":[{"href":"https:\/\/webstore4.com\/de\/wp-json\/wp\/v2\/media?parent=9330"}],"wp:term":[{"taxonomy":"pwb-brand","embeddable":true,"href":"https:\/\/webstore4.com\/de\/wp-json\/wp\/v2\/pwb-brand?post=9330"},{"taxonomy":"product_cat","embeddable":true,"href":"https:\/\/webstore4.com\/de\/wp-json\/wp\/v2\/product_cat?post=9330"},{"taxonomy":"product_tag","embeddable":true,"href":"https:\/\/webstore4.com\/de\/wp-json\/wp\/v2\/product_tag?post=9330"}],"curies":[{"name":"wp","href":"https:\/\/api.w.org\/{rel}","templated":true}]}}