{"id":9324,"date":"2020-06-07T16:55:13","date_gmt":"2020-06-07T14:55:13","guid":{"rendered":"https:\/\/webstore4.com\/\/?product=wl4-air-be150-l3-triple-beam-actieve-infrarood-universele-detector-set-tot-150m-voor-buiten"},"modified":"2026-04-28T12:50:49","modified_gmt":"2026-04-28T11:50:49","slug":"wl4-air-be150-l3-triple-beam-actieve-infrarood-universele-detector-set-tot-150m-voor-buiten","status":"publish","type":"product","link":"https:\/\/webstore4.com\/de\/product\/wl4-air-be150-l3-triple-beam-actieve-infrarood-universele-detector-set-tot-150m-voor-buiten\/","title":{"rendered":"WL4 AIR-BE150-L3 Dreistrahl-Aktiv-Infrarot-Universalmelder, eingestellt bis zu 150 m f\u00fcr den Au\u00dfenbereich"},"content":{"rendered":"<p>Der WL4 AIR-BE150-L3 ist ein Aktiv-Infrarot (AIR)-Universalmelderset f\u00fcr den Au\u00dfen- und Innenbereich mit 3 Strahlen und einer maximalen Entfernung von 150 m (im Freien). Das Set besteht aus einem Sender und einem Empf\u00e4nger, die f\u00fcr die Stromversorgung und den NO\/NC-Relaisanschluss verkabelt werden m\u00fcssen. Der WL4 AIR-BE150-L3 kann als Melder f\u00fcr Alarmanlagen, Zutrittskontrollsysteme, Smart-Home-Systeme, eine Gegensprechanlage und beispielsweise zum Anschluss an den Alarmeingang einer IP-Kamera verwendet werden.<\/p>\n<p><strong>M\u00f6glichkeiten<\/strong><\/p>\n<p>De WL4 AIR-BE150-L3 beschikt over 3 hoge precisie fresnel lenzen die kunnen worden ingesteld met hoek van horizontal 180\u00b0(\u00b190\u00b0) en verticaal 20\u00b0(\u00b110\u00b0). De uitlijning vindt plaats met het ingebouwde LED display. De detector set heeft een bereik van maximaal 150 meter buiten en 450 meter bij binnen gebruik. De detectie kan worden ingesteld bij doorbreking van alle 3 IR stralen of van alleen de bovenste of onderste 2 IR stralen.<\/p>\n<p>Der WL4 AIR-BE150-L3 verf\u00fcgt \u00fcber einen Sabotageschalter zum Entfernen der Gegenlichtblende und verf\u00fcgt \u00fcber ein NO\/NC-Relais als Alarmausgang. Der Melder verf\u00fcgt \u00fcber eine digitale Filtertechnik gegen direkte Sonneneinstrahlung oder beispielsweise Autoscheinwerfer. Der Melder kann auf unterschiedliche Wetterbedingungen wie Nebel, Regen, Schnee und Frost reagieren, um Fehlalarme zu minimieren. Der Melder ist wetterfest (IP65).<\/p>\n<p><strong>Installation<\/strong><\/p>\n<p>De WL4 AIR-BE150-L3 kan tegen een muur of paal worden gemonteerd. Paalbeugels worden meegeleverd. Onder het tabblad &#8216;Opties&#8217; hebben wij geschikte RVS montage palen en een optionele AIR-VWB verwarmingselement opgenomen. In de categorie &#8216;Benodigdheden \/ Voedingen&#8217; in onze webwinkel zijn geschikte 12VDC of 24VAC voedingen opgenomen. Ook onder &#8216;Opties&#8217; staan enkele geschikte voedingen.<\/p>\n<p><strong>Wichtigste Funktionen<\/strong><\/p>\n<ul>\n<li>Maximale Reichweite von 150 Metern f\u00fcr den Au\u00dfenbereich<\/li>\n<li>1 Relais NO\/NC (max. 30 VDC\/VAC, 1 A), NC-Sabotageschalter<\/li>\n<li>Alarmzyklus von <span style=\"color: #222222; font-family: sans-serif; font-size: 14px;\">\u2265<\/span>1,5s<\/li>\n<li>Einstellbar horizontal 180\u00b0(\u00b190\u00b0) und vertikal 20\u00b0(\u00b110\u00b0)<\/li>\n<li>Einstellbare Unterbrechungszeit (50 ms, 100 ms, 300 ms, 700 ms)<\/li>\n<li>4 einstellbare Frequenzen (f\u00fcr gro\u00dfe Entfernungen und Stapelung von Detektoren)<\/li>\n<li>Wetterbest\u00e4ndigkeit IP65<\/li>\n<li>Betriebstemperatur -25 \u00b0C bis +55 \u00b0C<\/li>\n<li>12VDC \/ 24VAC Stromversorgung<\/li>\n<\/ul>\n<p><a href=\"https:\/\/webstore4.com\/Copyright\/\" target=\"_blank\" rel=\"noopener\"><span style=\"color: #ff6e03; font-size: 11px;\">\u00a9 Der Text ist urheberrechtlich gesch\u00fctzt<\/span><\/a><\/p>","protected":false},"excerpt":{"rendered":"<p>De WL4 AIR-BE150-L3 is een actieve infrarood (AIR) universele detector set voor buiten en binnen met 3 beams en met een maximale afstand van 150m (buiten). De set bestaat uit een zender en ontvanger die bedraad moeten worden aangesloten voor voeding en de NO\/NC relais aansluiting.\u00a0De\u00a0WL4 AIR-BE150-L3 kan worden gebruikt als detector voor alarmsystemen, toegangscontrole<\/p>\n<div class=\"klb-readmore button\"><a class=\"btn link\" href=\"https:\/\/webstore4.com\/de\/product\/wl4-air-be150-l3-triple-beam-actieve-infrarood-universele-detector-set-tot-150m-voor-buiten\/\">Mehr lesen <i class=\"klbth-icon-right-arrow\"><\/i><\/a><\/div>","protected":false},"featured_media":9325,"comment_status":"open","ping_status":"closed","template":"","meta":[],"pwb-brand":[3380],"product_cat":[3466,4216],"product_tag":[],"class_list":{"0":"post-9324","1":"product","2":"type-product","3":"status-publish","4":"has-post-thumbnail","6":"pwb-brand-wl4","7":"product_cat-alarm","8":"product_cat-bewegingssensor","9":"product_shipping_class-pakket","10":"pa_bereik-in-meters-4456","11":"pa_merk-wl4","12":"pa_omgeving-binnen-en-buiten","13":"pa_voeding-12vdc","14":"pa_voeding-24vdc","16":"first","17":"onbackorder","18":"taxable","19":"shipping-taxable","20":"purchasable","21":"product-type-simple"},"brands":[{"id":3380,"name":"WL4","slug":"wl4"}],"_links":{"self":[{"href":"https:\/\/webstore4.com\/de\/wp-json\/wp\/v2\/product\/9324","targetHints":{"allow":["GET"]}}],"collection":[{"href":"https:\/\/webstore4.com\/de\/wp-json\/wp\/v2\/product"}],"about":[{"href":"https:\/\/webstore4.com\/de\/wp-json\/wp\/v2\/types\/product"}],"replies":[{"embeddable":true,"href":"https:\/\/webstore4.com\/de\/wp-json\/wp\/v2\/comments?post=9324"}],"wp:featuredmedia":[{"embeddable":true,"href":"https:\/\/webstore4.com\/de\/wp-json\/wp\/v2\/media\/9325"}],"wp:attachment":[{"href":"https:\/\/webstore4.com\/de\/wp-json\/wp\/v2\/media?parent=9324"}],"wp:term":[{"taxonomy":"pwb-brand","embeddable":true,"href":"https:\/\/webstore4.com\/de\/wp-json\/wp\/v2\/pwb-brand?post=9324"},{"taxonomy":"product_cat","embeddable":true,"href":"https:\/\/webstore4.com\/de\/wp-json\/wp\/v2\/product_cat?post=9324"},{"taxonomy":"product_tag","embeddable":true,"href":"https:\/\/webstore4.com\/de\/wp-json\/wp\/v2\/product_tag?post=9324"}],"curies":[{"name":"wp","href":"https:\/\/api.w.org\/{rel}","templated":true}]}}