{"id":9320,"date":"2020-06-07T13:38:42","date_gmt":"2020-06-07T11:38:42","guid":{"rendered":"https:\/\/webstore4.com\/\/?product=wl4-pa-12-2000-e-12v2a-universele-voeding-adapter-met-kabel"},"modified":"2026-01-11T15:47:56","modified_gmt":"2026-01-11T14:47:56","slug":"wl4-pa-12-2000-e-12v2a-voeding-adapter-met-kabel","status":"publish","type":"product","link":"https:\/\/webstore4.com\/de\/product\/wl4-pa-12-2000-e-12v2a-voeding-adapter-met-kabel\/","title":{"rendered":"WL4 PA-12-2000-E 12V\/2A Universal-Netzteil mit Kabel"},"content":{"rendered":"<p>Der WL4 PA-12-2000-E ist ein universeller 12-VDC-Netzadapter mit einem festen Netzkabel und einem 12-VDC-Kabel. Das Netzteil ist f\u00fcr den Innenbereich geeignet und gegen \u00dcberspannung gesch\u00fctzt. Der Adapter verf\u00fcgt \u00fcber einen 230V-Stecker und einen 12V - 2,1\/5,5 mm Stecker.<\/p>\n<p><strong>Wichtigste Funktionen<\/strong><\/p>\n<ul>\n<li>Eingang: 100 \u2013 240 V AC 50\/60 Hz<\/li>\n<li>Ausgang: 12 VDC 2000 mA 24 W max<\/li>\n<li>\u00dcberspannungschutz<\/li>\n<li>2 Jahre Garantie<\/li>\n<\/ul>\n<p><a href=\"https:\/\/www.webstore4ipcameras.nl\/Copyright\" target=\"_blank\" rel=\"noopener\"><span style=\"color: #ff6e03; font-size: 11px;\">\u00a9 Der Text ist urheberrechtlich gesch\u00fctzt<\/span><\/a><\/p>","protected":false},"excerpt":{"rendered":"<p>De WL4 PA-12-2000-E is een universele 12VDC voeding adapter met een vaste lichtnet kabel een 12VDC kabel. De voeding adapter is geschikt voor binnen gebruik en beschermd tegen overspanning. De adapter heeft een 230V stekker en een 12V &#8211; 2.1\/5.5 mm plug. Belangrijkste kenmerken Ingang: 100 &#8211; 240V AC 50\/60Hz Uitgang: 12VDC 2000mA 24W max<\/p>\n<div class=\"klb-readmore button\"><a class=\"btn link\" href=\"https:\/\/webstore4.com\/de\/product\/wl4-pa-12-2000-e-12v2a-voeding-adapter-met-kabel\/\">Mehr lesen <i class=\"klbth-icon-right-arrow\"><\/i><\/a><\/div>","protected":false},"featured_media":9321,"comment_status":"open","ping_status":"closed","template":"","meta":[],"pwb-brand":[3380],"product_cat":[3441,3458,4517],"product_tag":[],"class_list":{"0":"post-9320","1":"product","2":"type-product","3":"status-publish","4":"has-post-thumbnail","6":"pwb-brand-wl4","7":"product_cat-benodigdheden","8":"product_cat-voedingen","9":"product_cat-12v-adapter","10":"product_shipping_class-pakket","11":"pa_merk-wl4","13":"first","14":"instock","15":"taxable","16":"shipping-taxable","17":"purchasable","18":"product-type-simple"},"brands":[{"id":3380,"name":"WL4","slug":"wl4"}],"_links":{"self":[{"href":"https:\/\/webstore4.com\/de\/wp-json\/wp\/v2\/product\/9320","targetHints":{"allow":["GET"]}}],"collection":[{"href":"https:\/\/webstore4.com\/de\/wp-json\/wp\/v2\/product"}],"about":[{"href":"https:\/\/webstore4.com\/de\/wp-json\/wp\/v2\/types\/product"}],"replies":[{"embeddable":true,"href":"https:\/\/webstore4.com\/de\/wp-json\/wp\/v2\/comments?post=9320"}],"wp:featuredmedia":[{"embeddable":true,"href":"https:\/\/webstore4.com\/de\/wp-json\/wp\/v2\/media\/9321"}],"wp:attachment":[{"href":"https:\/\/webstore4.com\/de\/wp-json\/wp\/v2\/media?parent=9320"}],"wp:term":[{"taxonomy":"pwb-brand","embeddable":true,"href":"https:\/\/webstore4.com\/de\/wp-json\/wp\/v2\/pwb-brand?post=9320"},{"taxonomy":"product_cat","embeddable":true,"href":"https:\/\/webstore4.com\/de\/wp-json\/wp\/v2\/product_cat?post=9320"},{"taxonomy":"product_tag","embeddable":true,"href":"https:\/\/webstore4.com\/de\/wp-json\/wp\/v2\/product_tag?post=9320"}],"curies":[{"name":"wp","href":"https:\/\/api.w.org\/{rel}","templated":true}]}}