{"id":9316,"date":"2020-06-04T00:28:41","date_gmt":"2020-06-03T22:28:41","guid":{"rendered":"https:\/\/webstore4.com\/\/?product=hikvision-ds-kh6320-wte1-w-witte-ip-video-intercom-binnen-monitor-7-inch-touchscreen-poe-wifi"},"modified":"2025-02-08T10:06:22","modified_gmt":"2025-02-08T09:06:22","slug":"hikvision-ds-kh6320-wte1-w-witte-ip-video-intercom-binnen-monitor-7-inch-touchscreen-poe-wifi","status":"publish","type":"product","link":"https:\/\/webstore4.com\/de\/product\/hikvision-ds-kh6320-wte1-w-witte-ip-video-intercom-binnen-monitor-7-inch-touchscreen-poe-wifi\/","title":{"rendered":"Hikvision DS-KH6320-WTE1-W wei\u00dfer IP-Video-Gegensprechanlage-Innenmonitor 7-Zoll-Touchscreen, PoE, WLAN"},"content":{"rendered":"<div class=\"video-frame-box\" style=\"width: 100%; max-width: 480px; max-height: 270px; float: right; padding: 0px 10px 10px 10px;\">\n<div class=\"video-frame\"><iframe src=\"\/\/www.youtube.com\/embed\/TW-K5pFtcVg?rel=0&amp;modestbranding=1&amp;showinfo=0&amp;autohide=1\" width=\"480\" height=\"270\" frameborder=\"0\"><\/iframe><\/div>\n<\/div>\n<p>Der Hikvision DS-KH6320-WTE1-W ist ein IP-Video-Intercom-Innenmonitor der Pro-Serie mit einem 7-Zoll-Touchscreen, wei\u00dfem Rahmen, Standard-PoE-Stromversorgung und WLAN f\u00fcr den Einsatz im IP-Intercom-System der zweiten Generation von Hikvision. Der Monitor unterst\u00fctzt das SIP-Protokoll.<\/p>\n<p><strong>Eigenschaften<\/strong><\/p>\n<p>Der Touchscreen-Monitor verf\u00fcgt \u00fcber einen TFT-LCD-Bildschirm mit einer Aufl\u00f6sung von 1024\u00d7600 Pixeln. Es handelt sich um einen Hartglas-Touchscreen (kapazitiv). Pro Haus\/Wohnung k\u00f6nnen maximal 6 Monitore genutzt werden: 1 als Hauptmonitor und 5 als Nebenmonitor.<\/p>\n<p>Der Monitor zeichnet verpasste Anrufe auf und es ist m\u00f6glich, IP-Kamerabilder aus demselben Netzwerk anzuzeigen. Der Monitor verf\u00fcgt \u00fcber einen internen Speicher von 32 MB und es kann eine microSD-Karte mit bis zu 128 GB eingesetzt werden.<\/p>\n<p><strong>Montage<\/strong><\/p>\n<p>De DS-KH6320-WTE1-W moet worden opgebouwd met de bijgeleverde wandbeugel. Materiaal voor het bevestigen wordt meegeleverd. De wandbeugel kan eventueel op een Hikvision DS-KAB86 of DS-KAB118 inbouwdoos worden geplaatst. Wij hebben deze inbouwdozen opgenomen onder het tabblad &#8216;Opties&#8217;.<\/p>\n<p>De DS-KH6320-WTE1-W monitor kan bedraad worden aangesloten en met standaard 802.3af PoE via de netwerkkabel worden gevoed of draadloos via Wi-Fi worden verbonden en met 12VDC\/1A worden gevoed (voeding wordt niet meegeleverd). De monitor heeft 8 ingangen voor bedrade alarm detectoren en 2 uitgangen.<\/p>\n<p>Unter der Registerkarte \u201eDokumentation\u201c haben wir das Datenblatt und das Handbuch eingef\u00fcgt. Weitere Handb\u00fccher finden Sie auf der Hikvision-Website. Ein Link zur Produktseite ist enthalten.<\/p>\n<p><strong>Haupteigenschaften<\/strong><\/p>\n<ul>\n<li>7-Zoll-Touchscreen-Monitor der Pro-Serie<\/li>\n<li>Zeichnen Sie verpasste Anrufe auf und sehen Sie sich Bilder von IP-Kameras an<\/li>\n<li>WLAN oder Kabelverbindung<\/li>\n<li>TCP\/IP-, SIP- und RTSP-Netzwerkprotokoll<\/li>\n<li>Fern\u00f6ffnen von T\u00fcr und\/oder Tor mit Monitor oder App<\/li>\n<li>Sich gegenseitig anrufen<\/li>\n<li>Bauwesen<\/li>\n<li>8 Alarmeing\u00e4nge und 2 Relaisausg\u00e4nge<\/li>\n<li>Stromversorgung und Signal \u00fcber 1 Netzwerkkabel mit Standard 802.3af PoE<\/li>\n<\/ul>\n<p><a href=\"https:\/\/webstore4.com\/Copyright\/\" target=\"_blank\" rel=\"noopener\"><span style=\"color: #ff6e03; font-size: 11px;\">\u00a9 Der Text ist urheberrechtlich gesch\u00fctzt<\/span><\/a><\/p>","protected":false},"excerpt":{"rendered":"<p>De Hikvision DS-KH6320-WTE1-W is een Pro Series IP video intercom binnen monitor met een 7 inch touchscreen, witte omlijsting, standaard PoE voeding en Wi-Fi voor gebruik in het Hikvision second generation IP intercom systeem. De monitor ondersteunt het SIP protocol. Kenmerken De touch screen monitor heeft een TFT LCD scherm met een resolutie van 1024&#215;600<\/p>\n<div class=\"klb-readmore button\"><a class=\"btn link\" href=\"https:\/\/webstore4.com\/de\/product\/hikvision-ds-kh6320-wte1-w-witte-ip-video-intercom-binnen-monitor-7-inch-touchscreen-poe-wifi\/\">Mehr lesen <i class=\"klbth-icon-right-arrow\"><\/i><\/a><\/div>","protected":false},"featured_media":9317,"comment_status":"open","ping_status":"closed","template":"","meta":[],"pwb-brand":[3367],"product_cat":[4178,4182,4227,4228],"product_tag":[1680],"class_list":{"0":"post-9316","1":"product","2":"type-product","3":"status-publish","4":"has-post-thumbnail","6":"pwb-brand-hikvision","7":"product_cat-intercom","8":"product_cat-hikvision-ip-video","9":"product_cat-series-intercom","10":"product_cat-hikvision-2nd-generation","11":"product_tag-ds-kh6320-wte1","12":"product_shipping_class-pakket","13":"pa_aansluiting-netwerk-kabel","14":"pa_audio-microfoon-speaker","15":"pa_draadloos-ja-wi-fi-802-11","16":"pa_kaartlezer-nee","17":"pa_kleur-grijs","18":"pa_materiaal-kunststof","19":"pa_merk-hikvision","20":"pa_mobiele-app-fabrikant-ja","21":"pa_modulair-ja","22":"pa_montage-opbouw","23":"pa_omgeving-binnen","24":"pa_poe-802-3af","25":"pa_product-monitor","26":"pa_product-status-a","27":"pa_resolutie-monitor-1024-x-600","28":"pa_vandaalbestendig-nee","29":"pa_voeding-poe","31":"first","32":"instock","33":"taxable","34":"shipping-taxable","35":"purchasable","36":"product-type-simple"},"brands":[{"id":3367,"name":"Hikvision","slug":"hikvision"}],"_links":{"self":[{"href":"https:\/\/webstore4.com\/de\/wp-json\/wp\/v2\/product\/9316","targetHints":{"allow":["GET"]}}],"collection":[{"href":"https:\/\/webstore4.com\/de\/wp-json\/wp\/v2\/product"}],"about":[{"href":"https:\/\/webstore4.com\/de\/wp-json\/wp\/v2\/types\/product"}],"replies":[{"embeddable":true,"href":"https:\/\/webstore4.com\/de\/wp-json\/wp\/v2\/comments?post=9316"}],"wp:featuredmedia":[{"embeddable":true,"href":"https:\/\/webstore4.com\/de\/wp-json\/wp\/v2\/media\/9317"}],"wp:attachment":[{"href":"https:\/\/webstore4.com\/de\/wp-json\/wp\/v2\/media?parent=9316"}],"wp:term":[{"taxonomy":"pwb-brand","embeddable":true,"href":"https:\/\/webstore4.com\/de\/wp-json\/wp\/v2\/pwb-brand?post=9316"},{"taxonomy":"product_cat","embeddable":true,"href":"https:\/\/webstore4.com\/de\/wp-json\/wp\/v2\/product_cat?post=9316"},{"taxonomy":"product_tag","embeddable":true,"href":"https:\/\/webstore4.com\/de\/wp-json\/wp\/v2\/product_tag?post=9316"}],"curies":[{"name":"wp","href":"https:\/\/api.w.org\/{rel}","templated":true}]}}