{"id":9314,"date":"2020-05-30T19:02:27","date_gmt":"2020-05-30T17:02:27","guid":{"rendered":"https:\/\/webstore4.com\/\/?product=wl4-mon-m-9-mobiele-monitor-9-169"},"modified":"2024-04-19T15:10:37","modified_gmt":"2024-04-19T14:10:37","slug":"wl4-mon-m-9-mobiele-monitor-9-169","status":"publish","type":"product","link":"https:\/\/webstore4.com\/de\/product\/wl4-mon-m-9-mobiele-monitor-9-169\/","title":{"rendered":"WL4 MON-M-9 mobiler Monitor 9\u2033 16:9"},"content":{"rendered":"<p>Der WL4 MON-M-9 ist ein 9-Zoll-Monitor zur Video\u00fcberwachung in Fahrzeugen. Der WL4 MON-M-9 eignet sich sehr gut f\u00fcr den Einsatz in einem Auto, Transporter, Taxi, LKW, Personenbus, Stra\u00dfenbahn, Zug, Wohnmobil, Mietwagen, Pferdeanh\u00e4nger, Viehtransporter, Traktor, landwirtschaftlicher Maschine, Boot usw.<\/p>\n<p><strong>M\u00f6glichkeiten<\/strong><\/p>\n<p>Der Monitor zeigt Bilder in einer Aufl\u00f6sung von 800x480 Pixeln an. Der Monitor hat ein Seitenverh\u00e4ltnis von 16:9 und einen Kontrast von 500:1. Der Monitor wird an den VGA-Eingang des passenden mobilen NVR angeschlossen. Eine Fernbedienung, ein VGA-Kabel und ein Montagesockel sind im Lieferumfang enthalten. Der Monitor verf\u00fcgt \u00fcber eine feste Gegenlichtblende.<\/p>\n<p><strong>Installation<\/strong><\/p>\n<p>F\u00fcr die Installation des mobilen Videosystems und die Konfiguration des Servers sind Fachkenntnisse erforderlich. Wir liefern das System ausschlie\u00dflich an Gesch\u00e4ftskunden und Partner. Wir k\u00f6nnen die Installation eines kompletten Fahrzeugvideo- und Geo-Tracking-Systems bei einem erfahrenen, von BOVAG anerkannten Werkstattunternehmen veranlassen. Fragen Sie uns nach den M\u00f6glichkeiten.<\/p>\n<p><strong>Wichtigste Funktionen<\/strong><\/p>\n<ul>\n<li>9 Zoll Monitor f\u00fcr den mobilen Einsatz<\/li>\n<li>Helligkeit 300 cd\/m2<\/li>\n<li>1x VGA<\/li>\n<li>2 Jahre Garantie<\/li>\n<\/ul>\n<p><a href=\"https:\/\/webstore4.com\/Copyright\/\" target=\"_blank\" rel=\"noopener\"><span style=\"color: #ff6e03; font-size: 11px;\">\u00a9 Der Text ist urheberrechtlich gesch\u00fctzt<\/span><\/a><\/p>","protected":false},"excerpt":{"rendered":"<p>De WL4 MON-M-9 is een 9 inch monitor voor\u00a0video bewaking in voertuigen. De WL4 MON-M-9 is zeer geschikt voor gebruik in een auto, bestelbus, taxi, vrachtwagen, personen bus, tram, trein, camper, huurauto, paardentrailer, veevervoer, tractor, landbouwmachine, boot\u00a0etc. Mogelijkheden De monitor geeft beelden weer in een 800&#215;480 pixel resolutie. De monitor heeft een beeldverhouding van 16:9<\/p>\n<div class=\"klb-readmore button\"><a class=\"btn link\" href=\"https:\/\/webstore4.com\/de\/product\/wl4-mon-m-9-mobiele-monitor-9-169\/\">Mehr lesen <i class=\"klbth-icon-right-arrow\"><\/i><\/a><\/div>","protected":false},"featured_media":15087,"comment_status":"open","ping_status":"closed","template":"","meta":[],"pwb-brand":[3380],"product_cat":[4184,4240],"product_tag":[],"class_list":{"0":"post-9314","1":"product","2":"type-product","3":"status-publish","4":"has-post-thumbnail","6":"pwb-brand-wl4","7":"product_cat-cameras","8":"product_cat-voertuig-mobiele-ip-video-cameras","9":"product_shipping_class-pakket","10":"pa_draadloos-nee","11":"pa_merk-wl4","12":"pa_omgeving-binnen","13":"pa_voeding-12vdc","14":"pa_voeding-24vdc","16":"first","17":"instock","18":"taxable","19":"shipping-taxable","20":"purchasable","21":"product-type-simple"},"brands":[{"id":3380,"name":"WL4","slug":"wl4"}],"_links":{"self":[{"href":"https:\/\/webstore4.com\/de\/wp-json\/wp\/v2\/product\/9314","targetHints":{"allow":["GET"]}}],"collection":[{"href":"https:\/\/webstore4.com\/de\/wp-json\/wp\/v2\/product"}],"about":[{"href":"https:\/\/webstore4.com\/de\/wp-json\/wp\/v2\/types\/product"}],"replies":[{"embeddable":true,"href":"https:\/\/webstore4.com\/de\/wp-json\/wp\/v2\/comments?post=9314"}],"wp:featuredmedia":[{"embeddable":true,"href":"https:\/\/webstore4.com\/de\/wp-json\/wp\/v2\/media\/15087"}],"wp:attachment":[{"href":"https:\/\/webstore4.com\/de\/wp-json\/wp\/v2\/media?parent=9314"}],"wp:term":[{"taxonomy":"pwb-brand","embeddable":true,"href":"https:\/\/webstore4.com\/de\/wp-json\/wp\/v2\/pwb-brand?post=9314"},{"taxonomy":"product_cat","embeddable":true,"href":"https:\/\/webstore4.com\/de\/wp-json\/wp\/v2\/product_cat?post=9314"},{"taxonomy":"product_tag","embeddable":true,"href":"https:\/\/webstore4.com\/de\/wp-json\/wp\/v2\/product_tag?post=9314"}],"curies":[{"name":"wp","href":"https:\/\/api.w.org\/{rel}","templated":true}]}}