{"id":9285,"date":"2020-05-08T00:30:35","date_gmt":"2020-05-07T22:30:35","guid":{"rendered":"https:\/\/webstore4.com\/\/?product=dahua-g34-kabel-wartel-ip68-voor-montagedozen"},"modified":"2026-01-13T23:48:54","modified_gmt":"2026-01-13T22:48:54","slug":"dahua-g34-kabel-wartel-ip68-voor-montagedozen","status":"publish","type":"product","link":"https:\/\/webstore4.com\/de\/product\/dahua-g34-kabel-wartel-ip68-voor-montagedozen\/","title":{"rendered":"Dahua G3\/4 Kabelverschraubung IP68 f\u00fcr Montagedosen"},"content":{"rendered":"<p>Dahua G3\/4-Kabelverschraubung zur Verwendung mit Dahua-Montagedosen. Die Kabelverschraubung verf\u00fcgt \u00fcber eine Wetterbest\u00e4ndigkeit nach IP68 und wird h\u00e4ufig bei wei\u00dfen Montagedosen verwendet.<br \/>\nWebStore4 vertreibt auch die schwarze Version dieser Kabelverschraubung. Dies ist unter \u201eOptionen\u201c enthalten. Unter \u201eOptionen\u201c finden Sie auch einige passende Montagedosen.<\/p>\n<p><strong>Wichtigste Funktionen<\/strong><\/p>\n<ul>\n<li>G3\/4-Kabelverschraubung<\/li>\n<li>Wei\u00dfe Farbe, siehe Bild<\/li>\n<\/ul>\n<p><a href=\"https:\/\/webstore4.com\/Copyright\/\" target=\"_blank\" rel=\"noopener\"><span style=\"color: #ff6e03; font-size: 11px;\">\u00a9 Der Text ist urheberrechtlich gesch\u00fctzt<\/span><\/a><\/p>","protected":false},"excerpt":{"rendered":"<p>Dahua G3\/4 kabel wartel voor gebruik met Dahua montagedozen. De kabel wartel heeft een IP68 weersbestendigheid en wordt veelal toegepast met witte montageboxen. WebStore4 verkoopt ook de zwarte variant van deze kabel wartel. Deze is opgenomen onder &#8216;Opties&#8217;. Onder &#8216;Opties&#8217; zijn ook enkele geschikte montagedozen opgenomen. Belangrijkste kenmerken G3\/4 kabel wartel Witte kleur, zie afbeelding<\/p>\n<div class=\"klb-readmore button\"><a class=\"btn link\" href=\"https:\/\/webstore4.com\/de\/product\/dahua-g34-kabel-wartel-ip68-voor-montagedozen\/\">Mehr lesen <i class=\"klbth-icon-right-arrow\"><\/i><\/a><\/div>","protected":false},"featured_media":9286,"comment_status":"open","ping_status":"closed","template":"","meta":[],"pwb-brand":[3376],"product_cat":[4620],"product_tag":[],"class_list":{"0":"post-9285","1":"product","2":"type-product","3":"status-publish","4":"has-post-thumbnail","6":"pwb-brand-dahua","7":"product_cat-camera-toebehoren","8":"product_shipping_class-pakket","9":"pa_kleur-wit","10":"pa_materiaal-kunststof","11":"pa_merk-dahua","12":"pa_omgeving-binnen-en-buiten","13":"pa_product-kabel-wartel","14":"pa_product-status-k","16":"first","17":"onbackorder","18":"taxable","19":"shipping-taxable","20":"purchasable","21":"product-type-simple"},"brands":[{"id":3376,"name":"Dahua","slug":"dahua"}],"_links":{"self":[{"href":"https:\/\/webstore4.com\/de\/wp-json\/wp\/v2\/product\/9285","targetHints":{"allow":["GET"]}}],"collection":[{"href":"https:\/\/webstore4.com\/de\/wp-json\/wp\/v2\/product"}],"about":[{"href":"https:\/\/webstore4.com\/de\/wp-json\/wp\/v2\/types\/product"}],"replies":[{"embeddable":true,"href":"https:\/\/webstore4.com\/de\/wp-json\/wp\/v2\/comments?post=9285"}],"wp:featuredmedia":[{"embeddable":true,"href":"https:\/\/webstore4.com\/de\/wp-json\/wp\/v2\/media\/9286"}],"wp:attachment":[{"href":"https:\/\/webstore4.com\/de\/wp-json\/wp\/v2\/media?parent=9285"}],"wp:term":[{"taxonomy":"pwb-brand","embeddable":true,"href":"https:\/\/webstore4.com\/de\/wp-json\/wp\/v2\/pwb-brand?post=9285"},{"taxonomy":"product_cat","embeddable":true,"href":"https:\/\/webstore4.com\/de\/wp-json\/wp\/v2\/product_cat?post=9285"},{"taxonomy":"product_tag","embeddable":true,"href":"https:\/\/webstore4.com\/de\/wp-json\/wp\/v2\/product_tag?post=9285"}],"curies":[{"name":"wp","href":"https:\/\/api.w.org\/{rel}","templated":true}]}}