{"id":9277,"date":"2020-05-03T00:30:41","date_gmt":"2020-05-02T22:30:41","guid":{"rendered":"https:\/\/webstore4.com\/\/?product=hikvision-ds-2cd2t45g0p-i-full-hd-4mp-buiten-bullet-met-180-graden-beeldhoek-ir-poe-en-microsd-slot"},"modified":"2024-04-19T15:10:28","modified_gmt":"2024-04-19T14:10:28","slug":"hikvision-ds-2cd2t45g0p-i-full-hd-4mp-buiten-bullet","status":"publish","type":"product","link":"https:\/\/webstore4.com\/de\/product\/hikvision-ds-2cd2t45g0p-i-full-hd-4mp-buiten-bullet\/","title":{"rendered":"Hikvision DS-2CD2T45G0P-I Full HD 4MP Outdoor-Bullet mit 180-Grad-Betrachtungswinkel, IR, PoE und microSD-Steckplatz"},"content":{"rendered":"<div class=\"video-frame-box\" style=\"width: 100%; max-width: 480px; max-height: 270px; float: right; padding: 0px 10px 10px 10px;\">\n<div class=\"video-frame\"><iframe src=\"\/\/www.youtube.com\/embed\/TU0botYYgu8?rel=0&amp;modestbranding=1&amp;showinfo=0&amp;autohide=1\" width=\"480\" height=\"270\" frameborder=\"0\"><\/iframe><\/div>\n<\/div>\n<p>Die Hikvision DS-2CD2T45G0P-I ist eine Full-HD-4MP-Bullet-Kamera f\u00fcr den Au\u00dfenbereich mit einem horizontalen Betrachtungswinkel von 180 Grad, Infrarot-Nachtsicht, PoE und microSD-Steckplatz und eignet sich f\u00fcr den Au\u00dfen- und Innenbereich.<\/p>\n<p><strong>M\u00f6glichkeiten<\/strong><\/p>\n<p>Der Hikvision DS-2CD2T45G0P-I zeigt Bilder in einer Full-HD-Aufl\u00f6sung von 2688 x 1520 an. Die Kamera verf\u00fcgt \u00fcber einen eingebauten automatischen IR-Sperrfilter, was sie zu einer echten Tag-\/Nachtkamera macht. Bei Dunkelheit kann die Kamera die integrierte IR-Beleuchtung einschalten, die auch bei v\u00f6lliger Dunkelheit (0 Lux) f\u00fcr ein gestochen scharfes Bild sorgt. Die IR-Beleuchtung hat eine Reichweite von 20 Metern. Die Kamera verf\u00fcgt \u00fcber einen breiten Dynamikbereich (WDR) von 120 dB, der es der Kamera erm\u00f6glicht, komplexe Lichtverh\u00e4ltnisse zu bew\u00e4ltigen, beispielsweise durch Gegenlicht der Sonne oder Autoscheinwerfer.<\/p>\n<p>Die Kamera verf\u00fcgt \u00fcber ein festes Objektiv mit einem horizontalen Betrachtungswinkel von 180 Grad. Der Hikvision DS-2CD2T45G0P-I verf\u00fcgt unter anderem \u00fcber Bewegungserkennung und Linien\u00fcberschreitung. Bilder k\u00f6nnen unter anderem auf einem Netzwerk-Videorecorder (NVR) gespeichert werden. Die Kamera verf\u00fcgt au\u00dferdem \u00fcber die M\u00f6glichkeit, in der Kamera auf einer microSD-Speicherkarte mit bis zu maximal 256 GB aufzuzeichnen.<\/p>\n<p>Hikvision bietet eine kostenlose mobile App f\u00fcr Apple iOS und Android. Die Kamera verf\u00fcgt \u00fcber einen internen Webserver, der \u00fcber einen Webbrowser angezeigt und verwaltet werden kann. Die kostenlose Video Management Software (VMS) kann von der Hikvision-Website heruntergeladen werden. Unter dem Reiter \u201eDokumentation\u201c ist ein Link zur Produktseite des Herstellers eingebunden.<\/p>\n<p>Der Hikvision DS-2CD2T45G0P-I ist f\u00fcr den Innen- und Au\u00dfenbereich geeignet. Das Kamerageh\u00e4use besteht aus Metall und Kunststoff. Zur einfacheren Installation kann die Kamera \u00fcber das Netzwerkkabel mit Power over Ethernet (Standard 802.3af POE) mit Strom versorgt werden. PoE kann \u00fcber einen PoE-NVR, einen PoE-Switch oder mit einem PoE-Injektor bezogen werden. Die Kamera kann auch mit einem optionalen 12-V-Gleichstrom-Netzteil mit Strom versorgt werden. Unter dem Reiter \u201eOptionen\u201c k\u00f6nnen Sie angeben, ob ein Adapter enthalten sein soll. Passende Hikvision-Montagehalterungen sind unter der Registerkarte \u201eOptionen\u201c erh\u00e4ltlich.<\/p>\n<p><strong>Wichtigste Funktionen<\/strong><\/p>\n<ul>\n<li>4-Megapixel-Full-HD-Kamera mit Superweitwinkel-Blickwinkel von 180 Grad<\/li>\n<li>Tag-\/Nachtkamera mit automatischem mechanischem IR-Sperrfilter<\/li>\n<li>IR-Nachtsichtbeleuchtung bis zu 20 Meter<\/li>\n<li>Aufnahme in der Kamera auf SD-Karte mit bis zu 256 GB (nicht im Lieferumfang enthalten)<\/li>\n<li>120 dB breiter Dynamikbereich (WDR)<\/li>\n<li>Zonen-optionale Gegenlichtkompensation (BLC)<\/li>\n<li>3D-Digital-Rauschunterdr\u00fcckung (3D-DNR)<\/li>\n<li>Bewegungserkennung<\/li>\n<li>ONVIF-Protokoll<\/li>\n<li>H.265+-Codec<\/li>\n<li>Stromversorgung \u00fcber 12VDC-Adapter oder \u00fcber PoE (802.3af)<\/li>\n<\/ul>\n<p><a href=\"https:\/\/webstore4.com\/Copyright\/\" target=\"_blank\" rel=\"noopener\"><span style=\"color: #ff6e03; font-size: 11px;\">\u00a9 Der Text ist urheberrechtlich gesch\u00fctzt<\/span><\/a><\/p>","protected":false},"excerpt":{"rendered":"<p>Die Hikvision DS-2CD2T45G0P-I ist eine Full-HD-4MP-Bullet-Kamera f\u00fcr den Au\u00dfenbereich.<\/p>","protected":false},"featured_media":9278,"comment_status":"open","ping_status":"closed","template":"","meta":[],"pwb-brand":[3367],"product_cat":[3435,4184,4219],"product_tag":[],"class_list":{"0":"post-9277","1":"product","2":"type-product","3":"status-publish","4":"has-post-thumbnail","6":"pwb-brand-hikvision","7":"product_cat-ip-cameras","8":"product_cat-cameras","9":"product_cat-bullet-box-cameras-cameras","10":"product_shipping_class-pakket","11":"pa_alarm-ingang-uitgang-nee","12":"pa_audio-nee","13":"pa_beeldhoek-graden-horizontaal-3838","14":"pa_beeldsensor-1-2-7-cmos","15":"pa_dag-nacht-ir-cut-filter-ja","16":"pa_geheugenkaart-type-micro-sdsdhcsdxc-256gb","17":"pa_ingebouwd-type-nachtzicht-infrared-ir-led","18":"pa_lens-mm-1-68","19":"pa_materiaal-kunststof","20":"pa_materiaal-metaal","21":"pa_megapixel-4mp","22":"pa_merk-hikvision","23":"pa_minimale-verlichting-0-028-lux-0-lux-met-ir","24":"pa_mobiele-app-fabrikant-ja","25":"pa_nachtzicht-ja","26":"pa_omgeving-binnen-en-buiten","27":"pa_opnemen-op-sd-kaart-ja","28":"pa_poe-802-3af","29":"pa_product-status-a","30":"pa_resolutie-max-pixels-full-hd-2688x1520","31":"pa_vandaalbestendig-nee","32":"pa_voeding-12vdc","33":"pa_voeding-poe","34":"pa_wdr-ja","36":"first","37":"onbackorder","38":"taxable","39":"shipping-taxable","40":"purchasable","41":"product-type-simple"},"brands":[{"id":3367,"name":"Hikvision","slug":"hikvision"}],"_links":{"self":[{"href":"https:\/\/webstore4.com\/de\/wp-json\/wp\/v2\/product\/9277","targetHints":{"allow":["GET"]}}],"collection":[{"href":"https:\/\/webstore4.com\/de\/wp-json\/wp\/v2\/product"}],"about":[{"href":"https:\/\/webstore4.com\/de\/wp-json\/wp\/v2\/types\/product"}],"replies":[{"embeddable":true,"href":"https:\/\/webstore4.com\/de\/wp-json\/wp\/v2\/comments?post=9277"}],"wp:featuredmedia":[{"embeddable":true,"href":"https:\/\/webstore4.com\/de\/wp-json\/wp\/v2\/media\/9278"}],"wp:attachment":[{"href":"https:\/\/webstore4.com\/de\/wp-json\/wp\/v2\/media?parent=9277"}],"wp:term":[{"taxonomy":"pwb-brand","embeddable":true,"href":"https:\/\/webstore4.com\/de\/wp-json\/wp\/v2\/pwb-brand?post=9277"},{"taxonomy":"product_cat","embeddable":true,"href":"https:\/\/webstore4.com\/de\/wp-json\/wp\/v2\/product_cat?post=9277"},{"taxonomy":"product_tag","embeddable":true,"href":"https:\/\/webstore4.com\/de\/wp-json\/wp\/v2\/product_tag?post=9277"}],"curies":[{"name":"wp","href":"https:\/\/api.w.org\/{rel}","templated":true}]}}