{"id":9273,"date":"2020-05-02T19:32:26","date_gmt":"2020-05-02T17:32:26","guid":{"rendered":"https:\/\/webstore4.com\/\/?product=hikvision-ds-2cd2345g0p-i-full-hd-4mp-binnen-turret-met-180-graden-beeldhoek-ir-poe-en-microsd-slot"},"modified":"2026-04-07T15:48:01","modified_gmt":"2026-04-07T14:48:01","slug":"hikvision-ds-2cd2345g0p-i-full-hd-4mp-binnen-turret","status":"publish","type":"product","link":"https:\/\/webstore4.com\/de\/product\/hikvision-ds-2cd2345g0p-i-full-hd-4mp-binnen-turret\/","title":{"rendered":"Hikvision DS-2CD2345G0P-I Full HD 4MP binnen turret camera met 180 graden beeldhoek, IR, PoE en microSD slot"},"content":{"rendered":"<div class=\"video-frame-box\" style=\"width: 100%; max-width: 480px; max-height: 270px; float: right; padding: 0px 10px 10px 10px;\">\n<div class=\"video-frame\"><iframe src=\"\/\/www.youtube.com\/embed\/TU0botYYgu8?rel=0&amp;modestbranding=1&amp;showinfo=0&amp;autohide=1\" width=\"480\" height=\"270\" frameborder=\"0\"><\/iframe><\/div>\n<\/div>\n<p>Die Hikvision DS-2CD2345G0P-I ist eine Full-HD-4MP-Revolverkamera f\u00fcr den Innenbereich mit einem horizontalen Betrachtungswinkel von 180 Grad, Infrarot-Nachtsicht, PoE und microSD-Steckplatz und eignet sich f\u00fcr den Innenbereich.<\/p>\n<p><strong>M\u00f6glichkeiten<\/strong><\/p>\n<p>De Hikvision DS-2CD2345G0P-I\u00a0geeft beelden weer in een Full HD 2688&#215;1520 resolutie. De camera heeft een ingebouwd automatisch IR-cut filter en is daarmee een echte dag\/nacht camera. In donkere omstandigheden kan de camera de ingebouwde IR verlichting inschakelen waardoor er zelfs in volledige duisternis (0 Lux) een haarscherp beeld is.\u00a0De IR verlichting heeft een bereik van 10 meter. De camera beschikt over 120dB Wide Dynamic Range (WDR) waardoor de camera goed kan omgaan met complexe lichtomstandigheden als gevolg van bijvoorbeeld tegenlicht van de zon of auto koplampen.<\/p>\n<p>De camera beschikt over een vaste lens met een horizontale beeldhoek van 180 graden. De Hikvision DS-2CD2345G0P-I\u00a0beschikt over onder andere bewegingsdetectie en line crossing. Beelden kunnen onder meer worden opgeslagen op een Netwerk Video Recorder (NVR). De camera beschikt ook over de mogelijkheid om in de camera op te nemen op een microSD geheugenkaart tot maximaal 256Gb.<\/p>\n<p>Hikvision bietet eine kostenlose mobile App f\u00fcr Apple iOS und Android. Die Kamera verf\u00fcgt \u00fcber einen internen Webserver, der \u00fcber einen Webbrowser angezeigt und verwaltet werden kann. Die kostenlose Video Management Software (VMS) kann von der Hikvision-Website heruntergeladen werden. Unter der Registerkarte \u201eDokumentation\u201c finden Sie einen Link zur Produktseite des Herstellers.<\/p>\n<p>De Hikvision DS-2CD2345G0P-I is geschikt voor binnen gebruik. De behuizing van de camera is van metaal en kunststof. Voor installatiegemak kan de camera via de netwerkkabel worden gevoed met Power over Ethernet (standaard 802.3af POE). PoE kan worden verkregen door een PoE NVR, een PoE switch of met een PoE injector. De camera kan ook worden gevoed met een optionele 12VDC voeding adapter. Onder het tabblad &#8216;Opties&#8217; kan worden aangegeven of een adapter moet worden meegeleverd. Onder het tabblad &#8216;Opties&#8217; staan geschikte Hikvision montagebeugels.<\/p>\n<p><strong>Wichtigste Funktionen<\/strong><\/p>\n<ul>\n<li>4-Megapixel-Full-HD-Kamera mit Superweitwinkel-Blickwinkel von 180 Grad<\/li>\n<li>Tag-\/Nachtkamera mit automatischem mechanischem IR-Sperrfilter<\/li>\n<li>Intelligente IR-Nachtsichtbeleuchtung bis zu 10 Meter<\/li>\n<li>Aufnahme in der Kamera auf SD-Karte mit bis zu 256 GB (nicht im Lieferumfang enthalten)<\/li>\n<li>120 dB breiter Dynamikbereich (WDR)<\/li>\n<li>Zonen-optionale Gegenlichtkompensation (BLC)<\/li>\n<li>3D-Digital-Rauschunterdr\u00fcckung (3D-DNR)<\/li>\n<li>Bewegungserkennung<\/li>\n<li>ONVIF-Protokoll<\/li>\n<li>H.265+-Codec<\/li>\n<li>Stromversorgung \u00fcber 12VDC-Adapter oder \u00fcber PoE (802.3af)<\/li>\n<\/ul>\n<p><a href=\"https:\/\/webstore4.com\/Copyright\/\" target=\"_blank\" rel=\"noopener\"><span style=\"color: #ff6e03; font-size: 11px;\">\u00a9 Der Text ist urheberrechtlich gesch\u00fctzt<\/span><\/a><\/p>","protected":false},"excerpt":{"rendered":"<p>De Hikvision DS-2CD2345G0P-I is een Full HD 4MP binnen turret camera met een 180 graden horizontale beeldhoek.<\/p>","protected":false},"featured_media":9274,"comment_status":"open","ping_status":"closed","template":"","meta":[],"pwb-brand":[3367],"product_cat":[3435,4184,4185,4200],"product_tag":[3248],"class_list":{"0":"post-9273","1":"product","2":"type-product","3":"status-publish","4":"has-post-thumbnail","6":"pwb-brand-hikvision","7":"product_cat-ip-cameras","8":"product_cat-cameras","9":"product_cat-180-360-ptz-cameras","10":"product_cat-dome-eyeball-cameras-cameras","11":"product_tag-ds-2cd2345g0p-i","12":"product_shipping_class-pakket","13":"pa_alarm-ingang-uitgang-nee","14":"pa_audio-nee","15":"pa_beeldhoek-graden-horizontaal-3838","16":"pa_beeldsensor-1-2-7-cmos","17":"pa_dag-nacht-ir-cut-filter-ja","18":"pa_geheugenkaart-type-micro-sdsdhcsdxc-256gb","19":"pa_ingebouwd-type-nachtzicht-infrared-ir-led","20":"pa_lens-mm-1-68","21":"pa_materiaal-kunststof","22":"pa_materiaal-metaal","23":"pa_megapixel-4mp","24":"pa_merk-hikvision","25":"pa_minimale-verlichting-0-028-lux-0-lux-met-ir","26":"pa_mobiele-app-fabrikant-ja","27":"pa_nachtzicht-ja","28":"pa_omgeving-binnen","29":"pa_opnemen-op-sd-kaart-ja","30":"pa_poe-802-3af","31":"pa_product-status-a","32":"pa_resolutie-max-pixels-full-hd-2688x1520","33":"pa_vandaalbestendig-nee","34":"pa_voeding-12vdc","35":"pa_voeding-poe","36":"pa_wdr-ja","38":"first","39":"onbackorder","40":"taxable","41":"shipping-taxable","42":"purchasable","43":"product-type-simple"},"brands":[{"id":3367,"name":"Hikvision","slug":"hikvision"}],"_links":{"self":[{"href":"https:\/\/webstore4.com\/de\/wp-json\/wp\/v2\/product\/9273","targetHints":{"allow":["GET"]}}],"collection":[{"href":"https:\/\/webstore4.com\/de\/wp-json\/wp\/v2\/product"}],"about":[{"href":"https:\/\/webstore4.com\/de\/wp-json\/wp\/v2\/types\/product"}],"replies":[{"embeddable":true,"href":"https:\/\/webstore4.com\/de\/wp-json\/wp\/v2\/comments?post=9273"}],"wp:featuredmedia":[{"embeddable":true,"href":"https:\/\/webstore4.com\/de\/wp-json\/wp\/v2\/media\/9274"}],"wp:attachment":[{"href":"https:\/\/webstore4.com\/de\/wp-json\/wp\/v2\/media?parent=9273"}],"wp:term":[{"taxonomy":"pwb-brand","embeddable":true,"href":"https:\/\/webstore4.com\/de\/wp-json\/wp\/v2\/pwb-brand?post=9273"},{"taxonomy":"product_cat","embeddable":true,"href":"https:\/\/webstore4.com\/de\/wp-json\/wp\/v2\/product_cat?post=9273"},{"taxonomy":"product_tag","embeddable":true,"href":"https:\/\/webstore4.com\/de\/wp-json\/wp\/v2\/product_tag?post=9273"}],"curies":[{"name":"wp","href":"https:\/\/api.w.org\/{rel}","templated":true}]}}