{"id":9246,"date":"2020-04-15T00:30:30","date_gmt":"2020-04-14T22:30:30","guid":{"rendered":"https:\/\/webstore4.com\/\/?product=zkteco-webbased-zkbioaccess-software-licentie-tot-10-deuren"},"modified":"2024-04-19T15:10:24","modified_gmt":"2024-04-19T14:10:24","slug":"zkteco-webbased-zkbioaccess-software-licentie-tot-10-deuren","status":"publish","type":"product","link":"https:\/\/webstore4.com\/de\/product\/zkteco-webbased-zkbioaccess-software-licentie-tot-10-deuren\/","title":{"rendered":"ZKTeco webbasierte ZKBioAccess-Softwarelizenz f\u00fcr bis zu 10 T\u00fcren"},"content":{"rendered":"<p>Bei der ZKTeco ZKBioAccess 10 handelt es sich um eine Softwarelizenz f\u00fcr bis zu 10 T\u00fcren. Die Lizenz ist einmalig. ZKBioAccess ist webbasiert.<\/p>\n<p>Unter dem Reiter \u201eDokumentation\u201c gibt es einen Link zur Website des Herstellers mit umfangreichen Informationen und Download der ZKBioAccess-Software.<\/p>\n<p>Wir sind offizieller H\u00e4ndler von ZKTeco. Wir liefern ZKTeco auf Selbstinstallationsbasis.<\/p>\n<p><strong>Dokumentation<\/strong><\/p>\n<p><span style=\"font-size: 14px;\">Die Produktinformationen k\u00f6nnen Sie \u00fcber die untenstehenden Links auf der Website des Herstellers einsehen.<\/span><\/p>\n<p><span style=\"font-size: 14px;\"><a href=\"https:\/\/zkteco.eu\/products\/access-control\/software\/zkbioaccess\" target=\"_blank\" rel=\"noopener\"><span style=\"color: #ff6e03;\"><img decoding=\"async\" style=\"float: left; height: 20px; margin-left: 5px; margin-right: 5px; width: 20px;\" src=\"https:\/\/www.webstore4ipcameras.nl\/image\/data\/multistore\/pdf-icon.png\" alt=\"\">ZKTeco ZKBioAccess-Software<\/span><\/a><\/span><\/p>","protected":false},"excerpt":{"rendered":"<p>De ZKTeco ZKBioAccess 10 is een software licentie tot 10 deuren. De licentie is eenmalig.\u00a0ZKBioAccess is\u00a0webbased. Onder het tabblad &#8220;Documentatie&#8221; is een link opgenomen naar de website van de fabrikant met uitgebreide informatie en download van de ZKBioAccess software. Wij zijn officieel dealer van ZKTeco.\u00a0Wij leveren ZKTeco op basis van zelf-installatie. Documentatie Met onderstaande links<\/p>\n<div class=\"klb-readmore button\"><a class=\"btn link\" href=\"https:\/\/webstore4.com\/de\/product\/zkteco-webbased-zkbioaccess-software-licentie-tot-10-deuren\/\">Mehr lesen <i class=\"klbth-icon-right-arrow\"><\/i><\/a><\/div>","protected":false},"featured_media":9245,"comment_status":"closed","ping_status":"closed","template":"","meta":[],"pwb-brand":[3394],"product_cat":[4191,4193],"product_tag":[],"class_list":{"0":"post-9246","1":"product","2":"type-product","3":"status-publish","4":"has-post-thumbnail","6":"pwb-brand-zkteco","7":"product_cat-access","8":"product_cat-toegangscontrole-access","9":"pa_merk-zkteco","10":"pa_product-licenties","12":"first","13":"onbackorder","14":"taxable","15":"shipping-taxable","16":"purchasable","17":"product-type-simple"},"brands":[{"id":3394,"name":"ZKTeco","slug":"zkteco"}],"_links":{"self":[{"href":"https:\/\/webstore4.com\/de\/wp-json\/wp\/v2\/product\/9246","targetHints":{"allow":["GET"]}}],"collection":[{"href":"https:\/\/webstore4.com\/de\/wp-json\/wp\/v2\/product"}],"about":[{"href":"https:\/\/webstore4.com\/de\/wp-json\/wp\/v2\/types\/product"}],"replies":[{"embeddable":true,"href":"https:\/\/webstore4.com\/de\/wp-json\/wp\/v2\/comments?post=9246"}],"wp:featuredmedia":[{"embeddable":true,"href":"https:\/\/webstore4.com\/de\/wp-json\/wp\/v2\/media\/9245"}],"wp:attachment":[{"href":"https:\/\/webstore4.com\/de\/wp-json\/wp\/v2\/media?parent=9246"}],"wp:term":[{"taxonomy":"pwb-brand","embeddable":true,"href":"https:\/\/webstore4.com\/de\/wp-json\/wp\/v2\/pwb-brand?post=9246"},{"taxonomy":"product_cat","embeddable":true,"href":"https:\/\/webstore4.com\/de\/wp-json\/wp\/v2\/product_cat?post=9246"},{"taxonomy":"product_tag","embeddable":true,"href":"https:\/\/webstore4.com\/de\/wp-json\/wp\/v2\/product_tag?post=9246"}],"curies":[{"name":"wp","href":"https:\/\/api.w.org\/{rel}","templated":true}]}}