{"id":9244,"date":"2020-04-15T00:17:12","date_gmt":"2020-04-14T22:17:12","guid":{"rendered":"https:\/\/webstore4.com\/\/?product=zkteco-webbased-zkbioaccess-software-licentie-tot-5-deuren"},"modified":"2026-01-29T23:55:36","modified_gmt":"2026-01-29T22:55:36","slug":"zkteco-webbased-zkbioaccess-software-licentie-tot-5-deuren","status":"publish","type":"product","link":"https:\/\/webstore4.com\/de\/product\/zkteco-webbased-zkbioaccess-software-licentie-tot-5-deuren\/","title":{"rendered":"ZKTeco webbasierte ZKBioAccess-Softwarelizenz f\u00fcr bis zu 5 T\u00fcren"},"content":{"rendered":"<p>Bei der ZKTeco ZKBioAccess 5 handelt es sich um eine Softwarelizenz f\u00fcr bis zu 5 T\u00fcren. Die Lizenz ist einmalig. ZKBioAccess ist webbasiert.<\/p>\n<p>Unter dem Reiter \u201eDokumentation\u201c befindet sich ein Link zur Website des Herstellers mit umfangreichen Informationen und Download der ZKBioAccess-Software.<\/p>\n<p>Wir sind offizieller H\u00e4ndler von ZKTeco. Wir liefern ZKTeco auf Selbstinstallationsbasis.<\/p>\n<p><strong>Wichtigste Funktionen<\/strong><\/p>\n<ul>\n<li>ZKTeco licentie<\/li>\n<li>Geschikt voor maximaal 5 deuren<\/li>\n<\/ul>\n<p><a href=\"https:\/\/webstore4.com\/Copyright\/\" target=\"_blank\" rel=\"noopener\"><span style=\"color: #ff6e03; font-size: 11px;\">\u00a9 Der Text ist urheberrechtlich gesch\u00fctzt<\/span><\/a><\/p>","protected":false},"excerpt":{"rendered":"<p>De ZKTeco ZKBioAccess 5 is een software licentie tot 5 deuren. De licentie is eenmalig.\u00a0ZKBioAccess is webbased. Onder het tabblad &#8216;Documentatie&#8217; is een link opgenomen naar de website van de fabrikant met uitgebreide informatie en download van de ZKBioAccess software. Wij zijn officieel dealer van ZKTeco.\u00a0Wij leveren ZKTeco op basis van zelf-installatie. Belangrijkste kenmerken ZKTeco<\/p>\n<div class=\"klb-readmore button\"><a class=\"btn link\" href=\"https:\/\/webstore4.com\/de\/product\/zkteco-webbased-zkbioaccess-software-licentie-tot-5-deuren\/\">Mehr lesen <i class=\"klbth-icon-right-arrow\"><\/i><\/a><\/div>","protected":false},"featured_media":14902,"comment_status":"open","ping_status":"closed","template":"","meta":[],"pwb-brand":[3394],"product_cat":[4191,4193],"product_tag":[],"class_list":{"0":"post-9244","1":"product","2":"type-product","3":"status-publish","4":"has-post-thumbnail","6":"pwb-brand-zkteco","7":"product_cat-access","8":"product_cat-toegangscontrole-access","9":"pa_merk-zkteco","10":"pa_product-licenties","12":"first","13":"onbackorder","14":"taxable","15":"shipping-taxable","16":"purchasable","17":"product-type-simple"},"brands":[{"id":3394,"name":"ZKTeco","slug":"zkteco"}],"_links":{"self":[{"href":"https:\/\/webstore4.com\/de\/wp-json\/wp\/v2\/product\/9244","targetHints":{"allow":["GET"]}}],"collection":[{"href":"https:\/\/webstore4.com\/de\/wp-json\/wp\/v2\/product"}],"about":[{"href":"https:\/\/webstore4.com\/de\/wp-json\/wp\/v2\/types\/product"}],"replies":[{"embeddable":true,"href":"https:\/\/webstore4.com\/de\/wp-json\/wp\/v2\/comments?post=9244"}],"wp:featuredmedia":[{"embeddable":true,"href":"https:\/\/webstore4.com\/de\/wp-json\/wp\/v2\/media\/14902"}],"wp:attachment":[{"href":"https:\/\/webstore4.com\/de\/wp-json\/wp\/v2\/media?parent=9244"}],"wp:term":[{"taxonomy":"pwb-brand","embeddable":true,"href":"https:\/\/webstore4.com\/de\/wp-json\/wp\/v2\/pwb-brand?post=9244"},{"taxonomy":"product_cat","embeddable":true,"href":"https:\/\/webstore4.com\/de\/wp-json\/wp\/v2\/product_cat?post=9244"},{"taxonomy":"product_tag","embeddable":true,"href":"https:\/\/webstore4.com\/de\/wp-json\/wp\/v2\/product_tag?post=9244"}],"curies":[{"name":"wp","href":"https:\/\/api.w.org\/{rel}","templated":true}]}}