{"id":9231,"date":"2020-04-12T00:16:25","date_gmt":"2020-04-11T22:16:25","guid":{"rendered":"https:\/\/webstore4.com\/\/?product=wl4-rfid-tags-wit-met-key-ring-10-stuks"},"modified":"2024-08-21T19:14:45","modified_gmt":"2024-08-21T18:14:45","slug":"wl4-rfid-tags-wit-met-key-ring-10-stuks","status":"publish","type":"product","link":"https:\/\/webstore4.com\/de\/product\/wl4-rfid-tags-wit-met-key-ring-10-stuks\/","title":{"rendered":"WL4 RFID-Tags wei\u00df mit Schl\u00fcsselring (10 St\u00fcck)"},"content":{"rendered":"<p>De WL4 RFID tags wit zijn tien witte tags voor gebruik met een RFID toegangscontrole of kaartlezer. De tags zijn uitgevoerd met keyring. Deze tags functioneren op de frequentie 125KHz en zijn niet kopieerbaar.<\/p>\n<p><strong>Wichtigste Funktionen<\/strong><\/p>\n<ul>\n<li>10 St\u00fcck<\/li>\n<li>Mit Schl\u00fcsselring<\/li>\n<li>Frequenz 125 kHz<\/li>\n<li>Nicht kopierbar<\/li>\n<li>Wei\u00df<\/li>\n<\/ul>\n<p><a href=\"https:\/\/www.webstore4ipcameras.nl\/Copyright\" target=\"_blank\" rel=\"noopener\"><span style=\"color: #ff6e03; font-size: 11px;\">\u00a9 Der Text ist urheberrechtlich gesch\u00fctzt<\/span><\/a><\/p>","protected":false},"excerpt":{"rendered":"<p>De WL4 RFID tags wit zijn tien witte tags voor gebruik met een RFID toegangscontrole of kaartlezer. De tags zijn uitgevoerd met keyring. Deze tags functioneren op de frequentie 125KHz en zijn niet kopieerbaar. Belangrijkste kenmerken 10 stuks Met keyring Frequentie 125KHz Niet kopieerbaar Wit \u00a9 Tekst is auteursrechtelijk beschermd<\/p>","protected":false},"featured_media":17157,"comment_status":"open","ping_status":"closed","template":"","meta":[],"pwb-brand":[3380],"product_cat":[4191,4196],"product_tag":[],"class_list":{"0":"post-9231","1":"product","2":"type-product","3":"status-publish","4":"has-post-thumbnail","6":"pwb-brand-wl4","7":"product_cat-access","8":"product_cat-tags","9":"product_shipping_class-brievenbuspakket","10":"pa_frequentie-tags-en-readers-rfid-125-khz","11":"pa_kleur-wit","12":"pa_materiaal-kunststof","13":"pa_merk-wl4","14":"pa_product-tag","16":"first","17":"instock","18":"taxable","19":"shipping-taxable","20":"purchasable","21":"product-type-simple"},"brands":[{"id":3380,"name":"WL4","slug":"wl4"}],"_links":{"self":[{"href":"https:\/\/webstore4.com\/de\/wp-json\/wp\/v2\/product\/9231","targetHints":{"allow":["GET"]}}],"collection":[{"href":"https:\/\/webstore4.com\/de\/wp-json\/wp\/v2\/product"}],"about":[{"href":"https:\/\/webstore4.com\/de\/wp-json\/wp\/v2\/types\/product"}],"replies":[{"embeddable":true,"href":"https:\/\/webstore4.com\/de\/wp-json\/wp\/v2\/comments?post=9231"}],"wp:featuredmedia":[{"embeddable":true,"href":"https:\/\/webstore4.com\/de\/wp-json\/wp\/v2\/media\/17157"}],"wp:attachment":[{"href":"https:\/\/webstore4.com\/de\/wp-json\/wp\/v2\/media?parent=9231"}],"wp:term":[{"taxonomy":"pwb-brand","embeddable":true,"href":"https:\/\/webstore4.com\/de\/wp-json\/wp\/v2\/pwb-brand?post=9231"},{"taxonomy":"product_cat","embeddable":true,"href":"https:\/\/webstore4.com\/de\/wp-json\/wp\/v2\/product_cat?post=9231"},{"taxonomy":"product_tag","embeddable":true,"href":"https:\/\/webstore4.com\/de\/wp-json\/wp\/v2\/product_tag?post=9231"}],"curies":[{"name":"wp","href":"https:\/\/api.w.org\/{rel}","templated":true}]}}