{"id":9227,"date":"2020-04-11T23:00:06","date_gmt":"2020-04-11T22:00:06","guid":{"rendered":"https:\/\/webstore4.com\/\/?product=wl4-rfid-tags-blauw-met-key-ring-10-stuks-met-serienummer"},"modified":"2026-03-11T08:22:59","modified_gmt":"2026-03-11T07:22:59","slug":"wl4-rfid-tags-blauw-met-key-ring-10-stuks-met-serienummer","status":"publish","type":"product","link":"https:\/\/webstore4.com\/de\/product\/wl4-rfid-tags-blauw-met-key-ring-10-stuks-met-serienummer\/","title":{"rendered":"WL4 RFID-Tags blau mit Schl\u00fcsselanh\u00e4nger (10 St\u00fcck) mit Seriennummer"},"content":{"rendered":"<p>De WL4 RFID tags blauw zijn tags die uitgevoerd is met uniek serienummer en key ring. De WL4 RFID tags zijn zeer goed te gebruiken voor toegangscontole met een RFID tag of kaartlezer.<\/p>\n<p>Doordat de tag een sleutelring heeft, is deze eenvoudig aan een sleutelbos vast te maken. De tag werkt op 125 KHz frequentie en is niet kopieerbaar.<\/p>\n<p>Verschilende geschikte toegangscontrole readers zijn opgenomen onder \u2018Opties\u2019. Onder de categorie \u2018access\u2019, \u2018Toegangscontrole\u2019 zijn alle readers terug te vinden.<\/p>\n<p><strong>Wichtigste Funktionen<\/strong><\/p>\n<ul>\n<li>Frequenz 125 kHz<\/li>\n<li>Blau<\/li>\n<li>10 St\u00fcck<\/li>\n<\/ul>\n<p><span style=\"color:#ff6e03;font-size:11px\"><a href=\"https:\/\/webstore4.com\/Copyright\/\" target=\"_blank\" rel=\"noopener\">\u00a9 Der Text ist urheberrechtlich gesch\u00fctzt<\/a><\/span><\/p>","protected":false},"excerpt":{"rendered":"<p>De WL4 RFID tags blauw zijn tags die uitgevoerd is met uniek serienummer en key ring. De WL4 RFID tags zijn zeer goed te gebruiken voor toegangscontole met een RFID tag of kaartlezer. Doordat de tag een sleutelring heeft, is deze eenvoudig aan een sleutelbos vast te maken. De tag werkt op 125 KHz frequentie<\/p>\n<div class=\"klb-readmore button\"><a class=\"btn link\" href=\"https:\/\/webstore4.com\/de\/product\/wl4-rfid-tags-blauw-met-key-ring-10-stuks-met-serienummer\/\">Mehr lesen <i class=\"klbth-icon-right-arrow\"><\/i><\/a><\/div>","protected":false},"featured_media":17158,"comment_status":"open","ping_status":"closed","template":"","meta":[],"pwb-brand":[3380],"product_cat":[4191,4196],"product_tag":[],"class_list":{"0":"post-9227","1":"product","2":"type-product","3":"status-publish","4":"has-post-thumbnail","6":"pwb-brand-wl4","7":"product_cat-access","8":"product_cat-tags","9":"product_shipping_class-brievenbuspakket","10":"pa_frequentie-tags-en-readers-rfid-125-khz","11":"pa_kleur-blauw","12":"pa_materiaal-kunststof","13":"pa_merk-wl4","14":"pa_product-tag","16":"first","17":"onbackorder","18":"taxable","19":"shipping-taxable","20":"purchasable","21":"product-type-simple"},"brands":[{"id":3380,"name":"WL4","slug":"wl4"}],"_links":{"self":[{"href":"https:\/\/webstore4.com\/de\/wp-json\/wp\/v2\/product\/9227","targetHints":{"allow":["GET"]}}],"collection":[{"href":"https:\/\/webstore4.com\/de\/wp-json\/wp\/v2\/product"}],"about":[{"href":"https:\/\/webstore4.com\/de\/wp-json\/wp\/v2\/types\/product"}],"replies":[{"embeddable":true,"href":"https:\/\/webstore4.com\/de\/wp-json\/wp\/v2\/comments?post=9227"}],"wp:featuredmedia":[{"embeddable":true,"href":"https:\/\/webstore4.com\/de\/wp-json\/wp\/v2\/media\/17158"}],"wp:attachment":[{"href":"https:\/\/webstore4.com\/de\/wp-json\/wp\/v2\/media?parent=9227"}],"wp:term":[{"taxonomy":"pwb-brand","embeddable":true,"href":"https:\/\/webstore4.com\/de\/wp-json\/wp\/v2\/pwb-brand?post=9227"},{"taxonomy":"product_cat","embeddable":true,"href":"https:\/\/webstore4.com\/de\/wp-json\/wp\/v2\/product_cat?post=9227"},{"taxonomy":"product_tag","embeddable":true,"href":"https:\/\/webstore4.com\/de\/wp-json\/wp\/v2\/product_tag?post=9227"}],"curies":[{"name":"wp","href":"https:\/\/api.w.org\/{rel}","templated":true}]}}