{"id":9215,"date":"2020-04-05T19:46:12","date_gmt":"2020-04-05T17:46:12","guid":{"rendered":"https:\/\/webstore4.com\/\/?product=nivian-nvs-sr1-versterker-repeater"},"modified":"2024-06-27T13:41:52","modified_gmt":"2024-06-27T12:41:52","slug":"nivian-nvs-sr1-versterker-repeater","status":"publish","type":"product","link":"https:\/\/webstore4.com\/de\/product\/nivian-nvs-sr1-versterker-repeater\/","title":{"rendered":"Nivian NVS-SR1 Verst\u00e4rker-Repeater"},"content":{"rendered":"<p>Der Nivian NVS-SR1 ist ein Verst\u00e4rker f\u00fcr den Innenbereich. Der NVS-SR1 muss mit der Nivian-Alarmzentrale verwendet werden. Der Repeater verf\u00fcgt \u00fcber eine Reichweite von bis zu 80 Metern zum Senden und Empfangen zwischen der Alarmzentrale und maximal 20 Meldern.<\/p>\n<p>De handleiding is opgenomen onder het tabblad &#8216;Documentatie&#8217;.<\/p>\n<p><strong>Wichtigste Funktionen<\/strong><\/p>\n<ul>\n<li>Maximale Reichweite von 80 Metern (Senden und Empfangen)<\/li>\n<li>LED-Anzeige<\/li>\n<li>Funktioniert mit USB-Adapter und integriertem Akku (im Lieferumfang enthalten)<\/li>\n<li>433-MHz-Frequenz f\u00fcr gro\u00dfe Reichweite<\/li>\n<\/ul>\n<p><a href=\"https:\/\/webstore4.com\/Copyright\/\" target=\"_blank\" rel=\"noopener\"><span style=\"color: #ff6e03; font-size: 11px;\">\u00a9 Der Text ist urheberrechtlich gesch\u00fctzt<\/span><\/a><\/p>","protected":false},"excerpt":{"rendered":"<p>De Nivian NVS-SR1 is een versterker\u00a0voor gebruik binnen. De NVS-SR1 moet worden gebruikt met de Nivian alarm centrale. De repeater heeft een bereik van maximaal 80 meter voor zenden en ontvangen tussen de alarm centrale en maximaal 20 detectoren. De handleiding is opgenomen onder het tabblad &#8216;Documentatie&#8217;. Belangrijkste kenmerken Maximaal 80 meter bereik (zenden en<\/p>\n<div class=\"klb-readmore button\"><a class=\"btn link\" href=\"https:\/\/webstore4.com\/de\/product\/nivian-nvs-sr1-versterker-repeater\/\">Mehr lesen <i class=\"klbth-icon-right-arrow\"><\/i><\/a><\/div>","protected":false},"featured_media":9216,"comment_status":"open","ping_status":"closed","template":"","meta":[],"pwb-brand":[3410],"product_cat":[3466,4224,4264,4241],"product_tag":[],"class_list":{"0":"post-9215","1":"product","2":"type-product","3":"status-publish","4":"has-post-thumbnail","6":"pwb-brand-nivian","7":"product_cat-alarm","8":"product_cat-alarmsystemen","9":"product_cat-nivian-alarm","10":"product_cat-nivian-smart","11":"product_shipping_class-pakket","12":"pa_frequentie-mhz-3785","13":"pa_garantie-3-jaar","14":"pa_merk-nivian","15":"pa_omgeving-binnen","16":"pa_product-signaalversterker","17":"pa_voeding-5v-usb","18":"pa_voeding-inclusief-adapter","20":"first","21":"instock","22":"sold-individually","23":"taxable","24":"shipping-taxable","25":"purchasable","26":"product-type-simple"},"brands":[{"id":3410,"name":"Nivian","slug":"nivian"}],"_links":{"self":[{"href":"https:\/\/webstore4.com\/de\/wp-json\/wp\/v2\/product\/9215","targetHints":{"allow":["GET"]}}],"collection":[{"href":"https:\/\/webstore4.com\/de\/wp-json\/wp\/v2\/product"}],"about":[{"href":"https:\/\/webstore4.com\/de\/wp-json\/wp\/v2\/types\/product"}],"replies":[{"embeddable":true,"href":"https:\/\/webstore4.com\/de\/wp-json\/wp\/v2\/comments?post=9215"}],"wp:featuredmedia":[{"embeddable":true,"href":"https:\/\/webstore4.com\/de\/wp-json\/wp\/v2\/media\/9216"}],"wp:attachment":[{"href":"https:\/\/webstore4.com\/de\/wp-json\/wp\/v2\/media?parent=9215"}],"wp:term":[{"taxonomy":"pwb-brand","embeddable":true,"href":"https:\/\/webstore4.com\/de\/wp-json\/wp\/v2\/pwb-brand?post=9215"},{"taxonomy":"product_cat","embeddable":true,"href":"https:\/\/webstore4.com\/de\/wp-json\/wp\/v2\/product_cat?post=9215"},{"taxonomy":"product_tag","embeddable":true,"href":"https:\/\/webstore4.com\/de\/wp-json\/wp\/v2\/product_tag?post=9215"}],"curies":[{"name":"wp","href":"https:\/\/api.w.org\/{rel}","templated":true}]}}