{"id":9197,"date":"2020-04-05T18:14:35","date_gmt":"2020-04-05T16:14:35","guid":{"rendered":"https:\/\/webstore4.com\/\/?product=nivian-nvs-02t-buiten-pir-detector-diervriendelijk"},"modified":"2024-10-15T21:36:16","modified_gmt":"2024-10-15T20:36:16","slug":"nivian-nvs-02t-buiten-pir-detector-diervriendelijk","status":"publish","type":"product","link":"https:\/\/webstore4.com\/de\/product\/nivian-nvs-02t-buiten-pir-detector-diervriendelijk\/","title":{"rendered":"Nivian NVS-02T PIR-Au\u00dfenmelder tierfreundlich"},"content":{"rendered":"<p>Der Nivian NVS-02T ist ein PIR-Melder f\u00fcr den Au\u00dfenbereich und ist tierfreundlich bis 20 kg. Der PIR-Melder muss mit der Nivian-Alarmzentrale verwendet werden.<\/p>\n<p>De handleiding is opgenomen onder het tabblad &#8216;Documentatie&#8217;.<\/p>\n<p><strong>Wichtigste Funktionen<\/strong><\/p>\n<ul>\n<li>Reichweite bis zu 12 Meter bei einem Winkel von 100 Grad in einer H\u00f6he von 1,8 \u2013 2,4 Metern<\/li>\n<li>Tierfreundlich bis 20 kg<\/li>\n<li>Inklusive verstellbarer St\u00fctze<\/li>\n<li>433-MHz-Frequenz f\u00fcr gro\u00dfe Reichweite<\/li>\n<li>Manipulationsalarmschalter<\/li>\n<li>Die Lieferung erfolgt inklusive der dazugeh\u00f6rigen Batterien, Batterien sind von der Garantie ausgeschlossen<\/li>\n<\/ul>\n<p><a href=\"https:\/\/webstore4.com\/Copyright\/\" target=\"_blank\" rel=\"noopener\"><span style=\"color: #ff6e03; font-size: 11px;\">\u00a9 Der Text ist urheberrechtlich gesch\u00fctzt<\/span><\/a><\/p>","protected":false},"excerpt":{"rendered":"<p>De Nivian NVS-02T is een PIR detector voor buiten en is diervriendelijk\u00a0tot 20kg. De PIR detector moet worden gebruikt met de Nivian alarm centrale. De handleiding is opgenomen onder het tabblad &#8216;Documentatie&#8217;. Belangrijkste kenmerken Bereik van maximaal 12 meter in een hoek van 100 graden op 1.8 &#8211; 2.4 meter hoogte Diervriendelijk tot 20kg Inclusief<\/p>\n<div class=\"klb-readmore button\"><a class=\"btn link\" href=\"https:\/\/webstore4.com\/de\/product\/nivian-nvs-02t-buiten-pir-detector-diervriendelijk\/\">Mehr lesen <i class=\"klbth-icon-right-arrow\"><\/i><\/a><\/div>","protected":false},"featured_media":9198,"comment_status":"open","ping_status":"closed","template":"","meta":[],"pwb-brand":[3410],"product_cat":[3466,4224,4264,4241],"product_tag":[],"class_list":{"0":"post-9197","1":"product","2":"type-product","3":"status-publish","4":"has-post-thumbnail","6":"pwb-brand-nivian","7":"product_cat-alarm","8":"product_cat-alarmsystemen","9":"product_cat-nivian-alarm","10":"product_cat-nivian-smart","11":"product_shipping_class-pakket","12":"pa_frequentie-mhz-3785","13":"pa_garantie-3-jaar","14":"pa_merk-nivian","15":"pa_omgeving-buiten","16":"pa_product-bewegingsdetectie","17":"pa_voeding-batterij","19":"first","20":"instock","21":"taxable","22":"shipping-taxable","23":"purchasable","24":"product-type-simple"},"brands":[{"id":3410,"name":"Nivian","slug":"nivian"}],"_links":{"self":[{"href":"https:\/\/webstore4.com\/de\/wp-json\/wp\/v2\/product\/9197","targetHints":{"allow":["GET"]}}],"collection":[{"href":"https:\/\/webstore4.com\/de\/wp-json\/wp\/v2\/product"}],"about":[{"href":"https:\/\/webstore4.com\/de\/wp-json\/wp\/v2\/types\/product"}],"replies":[{"embeddable":true,"href":"https:\/\/webstore4.com\/de\/wp-json\/wp\/v2\/comments?post=9197"}],"wp:featuredmedia":[{"embeddable":true,"href":"https:\/\/webstore4.com\/de\/wp-json\/wp\/v2\/media\/9198"}],"wp:attachment":[{"href":"https:\/\/webstore4.com\/de\/wp-json\/wp\/v2\/media?parent=9197"}],"wp:term":[{"taxonomy":"pwb-brand","embeddable":true,"href":"https:\/\/webstore4.com\/de\/wp-json\/wp\/v2\/pwb-brand?post=9197"},{"taxonomy":"product_cat","embeddable":true,"href":"https:\/\/webstore4.com\/de\/wp-json\/wp\/v2\/product_cat?post=9197"},{"taxonomy":"product_tag","embeddable":true,"href":"https:\/\/webstore4.com\/de\/wp-json\/wp\/v2\/product_tag?post=9197"}],"curies":[{"name":"wp","href":"https:\/\/api.w.org\/{rel}","templated":true}]}}