{"id":9165,"date":"2020-03-29T18:39:23","date_gmt":"2020-03-29T16:39:23","guid":{"rendered":"https:\/\/webstore4.com\/\/?product=wl4-wmb-280-u-u-profiel-voor-elektromagnetisch-slot"},"modified":"2024-07-16T19:43:18","modified_gmt":"2024-07-16T18:43:18","slug":"wl4-wmb-280-u-u-profiel-voor-elektromagnetisch-slot","status":"publish","type":"product","link":"https:\/\/webstore4.com\/de\/product\/wl4-wmb-280-u-u-profiel-voor-elektromagnetisch-slot\/","title":{"rendered":"WL4 WMB-280-U U-Profil f\u00fcr elektromagnetisches Schloss"},"content":{"rendered":"<p>Das WL4 WMB-280-U ist ein U-Profil f\u00fcr die Ankerplatte eines elektromagnetischen Schlosses. Das U-Profil eignet sich f\u00fcr nach au\u00dfen und innen \u00f6ffnende T\u00fcren ohne Rahmen, beispielsweise Glast\u00fcren.<\/p>\n<p>Het U-profiel is geschikt voor het WL4 WM-280-W, WM-280T(LED) en WL4 YF-280-W elektromagnetisch slot. Geschikte sloten zijn opgenomen onder \u2018Opties\u2019.<\/p>\n<p><strong>Wichtigste Funktionen<\/strong><\/p>\n<ul>\n<li>U-profiel voor elektrisch slot<\/li>\n<li>Geschikt voor WL4 WM-280-W, WM-280T(LED) en YF-280-W<\/li>\n<li>Geschikt voor glasdikte 8-15 mm<\/li>\n<li>Duraluminium<\/li>\n<\/ul>\n<p><a href=\"https:\/\/webstore4.com\/Copyright\/\" target=\"_blank\" rel=\"noopener\"><span style=\"color: #ff6e03; font-size: 11px;\">\u00a9 Der Text ist urheberrechtlich gesch\u00fctzt<\/span><\/a><\/p>","protected":false},"excerpt":{"rendered":"<p>De WL4 WMB-280-U is een U-profiel voor de ankerplaat van een elektromagnetisch slot. Het U-profiel is geschikt voor naar buiten en binnen draaiende deuren zonder frame, zoals glazen deuren. Het U-profiel is geschikt voor het WL4 WM-280-W, WM-280T(LED) en WL4 YF-280-W elektromagnetisch slot. Geschikte sloten zijn opgenomen onder \u2018Opties\u2019. Belangrijkste kenmerken U-profiel voor elektrisch slot<\/p>\n<div class=\"klb-readmore button\"><a class=\"btn link\" href=\"https:\/\/webstore4.com\/de\/product\/wl4-wmb-280-u-u-profiel-voor-elektromagnetisch-slot\/\">Mehr lesen <i class=\"klbth-icon-right-arrow\"><\/i><\/a><\/div>","protected":false},"featured_media":9166,"comment_status":"open","ping_status":"closed","template":"","meta":[],"pwb-brand":[3382],"product_cat":[4191,4197],"product_tag":[],"class_list":{"0":"post-9165","1":"product","2":"type-product","3":"status-publish","4":"has-post-thumbnail","6":"pwb-brand-yli","7":"product_cat-access","8":"product_cat-elektrische-sloten","9":"product_shipping_class-pakket","10":"pa_merk-yli","11":"pa_montage-inbouw","12":"pa_montage-opbouw","13":"pa_profiel-u-profiel","15":"first","16":"instock","17":"taxable","18":"shipping-taxable","19":"purchasable","20":"product-type-simple"},"brands":[{"id":3382,"name":"YLI","slug":"yli"}],"_links":{"self":[{"href":"https:\/\/webstore4.com\/de\/wp-json\/wp\/v2\/product\/9165","targetHints":{"allow":["GET"]}}],"collection":[{"href":"https:\/\/webstore4.com\/de\/wp-json\/wp\/v2\/product"}],"about":[{"href":"https:\/\/webstore4.com\/de\/wp-json\/wp\/v2\/types\/product"}],"replies":[{"embeddable":true,"href":"https:\/\/webstore4.com\/de\/wp-json\/wp\/v2\/comments?post=9165"}],"wp:featuredmedia":[{"embeddable":true,"href":"https:\/\/webstore4.com\/de\/wp-json\/wp\/v2\/media\/9166"}],"wp:attachment":[{"href":"https:\/\/webstore4.com\/de\/wp-json\/wp\/v2\/media?parent=9165"}],"wp:term":[{"taxonomy":"pwb-brand","embeddable":true,"href":"https:\/\/webstore4.com\/de\/wp-json\/wp\/v2\/pwb-brand?post=9165"},{"taxonomy":"product_cat","embeddable":true,"href":"https:\/\/webstore4.com\/de\/wp-json\/wp\/v2\/product_cat?post=9165"},{"taxonomy":"product_tag","embeddable":true,"href":"https:\/\/webstore4.com\/de\/wp-json\/wp\/v2\/product_tag?post=9165"}],"curies":[{"name":"wp","href":"https:\/\/api.w.org\/{rel}","templated":true}]}}