{"id":9163,"date":"2020-03-29T18:08:50","date_gmt":"2020-03-29T16:08:50","guid":{"rendered":"https:\/\/webstore4.com\/\/?product=wl4-wm-280tled-elektromagnetisch-slot-opbouw-kleefmagneet-met-timer-280kg-1224vdc-fail-safe"},"modified":"2026-02-07T16:02:18","modified_gmt":"2026-02-07T15:02:18","slug":"wl4-wm-280tled-elektromagnetisch-slot-opbouw-kleefmagneet-met-timer-280kg-1224vdc-fail-safe","status":"publish","type":"product","link":"https:\/\/webstore4.com\/de\/product\/wl4-wm-280tled-elektromagnetisch-slot-opbouw-kleefmagneet-met-timer-280kg-1224vdc-fail-safe\/","title":{"rendered":"WL4 WM-280T(LED) Elektromagnetisches Schloss, oberfl\u00e4chenmontierter Klebemagnet mit Timer, 280 kg, 12\/24 VDC, ausfallsicher"},"content":{"rendered":"<p>Der WL4 WM-280T(LED) ist ein hochwertiger elektromagnetischer Haftmagnet mit LED und Timer. Sobald die Stromversorgung des Schlosses unterbrochen wird, ist die T\u00fcr nicht verriegelt (ausfallsicher).<\/p>\n<p><strong>M\u00f6glichkeiten<\/strong><\/p>\n<p>Der WL4 WM-280T(LED) eignet sich f\u00fcr den Einsatz mit Zugangskontrollsystemen wie Gegensprechanlagen und Kartenlesern. Der WL4 WM-280T(LED) wird normalerweise im oder am Rahmen montiert, um eine T\u00fcr geschlossen zu halten. Das Schloss kann auch an einer Wand montiert werden, sodass T\u00fcren offen bleiben, bis die Stromversorgung unterbrochen wird. Bei einem Selbsteinzug\/T\u00fcrschlie\u00dfer an der T\u00fcr schlie\u00dft die T\u00fcr, sobald der Strom ausf\u00e4llt, beispielsweise bei einem Feueralarm oder nach Ladenschluss eines Geb\u00e4udes.<\/p>\n<p>Das Schloss verf\u00fcgt \u00fcber eine LED, die den Status des Schlosses anzeigt. Das Schloss verf\u00fcgt \u00fcber keine mechanisch beweglichen Teile und hat daher eine sehr lange Lebensdauer.<\/p>\n<p>Der WL4 WM-280T(LED) hat eine Haftkraft von 280KG und kann mit 12 oder 24VDC betrieben werden. Netzteil ist nicht im Lieferumfang enthalten. Der WL4 WM-280T(LED) wird mit einer flachen Ankerplatte geliefert. F\u00fcr die passende Montage stehen verschiedene Profile f\u00fcr die Ankerplatte zur Verf\u00fcgung. Diese Profile sind unter der Registerkarte \u201eVerwandt\u201c enthalten.<\/p>\n<p><strong>Wichtigste Funktionen<\/strong><\/p>\n<ul>\n<li>Ausfallsicheres Schloss<\/li>\n<li>12 VDC\/450 mA oder 24 VDC\/250 mA<\/li>\n<li>280 kg Haltekraft<\/li>\n<li>Inklusive Ankerplatte<\/li>\n<li>Status-LED<\/li>\n<li>T\u00fcrstatussensor<\/li>\n<\/ul>\n<p><a href=\"https:\/\/webstore4.com\/Copyright\/\" target=\"_blank\" rel=\"noopener\"><span style=\"color: #ff6e03; font-size: 11px;\">\u00a9 Der Text ist urheberrechtlich gesch\u00fctzt<\/span><\/a><\/p>","protected":false},"excerpt":{"rendered":"<p>De WL4 WM-280T(LED)\u00a0is een hoogwaardig elektromagnetisch kleefmagneet met LED en een timer. Zodra de stroom naar het slot wegvalt is de deur niet op slot (fail safe). Mogelijkheden De WL4 WM-280T(LED)\u00a0is geschikt om te worden gebruikt met toegangscontrole systemen zoals intercom en paslezers. De WL4 WM-280T(LED)\u00a0wordt meestal in of op het kozijn gemonteerd om een<\/p>\n<div class=\"klb-readmore button\"><a class=\"btn link\" href=\"https:\/\/webstore4.com\/de\/product\/wl4-wm-280tled-elektromagnetisch-slot-opbouw-kleefmagneet-met-timer-280kg-1224vdc-fail-safe\/\">Mehr lesen <i class=\"klbth-icon-right-arrow\"><\/i><\/a><\/div>","protected":false},"featured_media":10863,"comment_status":"open","ping_status":"closed","template":"","meta":[],"pwb-brand":[3380],"product_cat":[4191,4197],"product_tag":[],"class_list":{"0":"post-9163","1":"product","2":"type-product","3":"status-publish","4":"has-post-thumbnail","6":"pwb-brand-wl4","7":"product_cat-access","8":"product_cat-elektrische-sloten","9":"product_shipping_class-pakket","10":"pa_bewegingssensor-nee","11":"pa_fail-fail-safe","12":"pa_garantie-3-jaar","13":"pa_materiaal-aluminium","14":"pa_merk-wl4","15":"pa_montage-inbouw","16":"pa_montage-opbouw","17":"pa_omgeving-binnen","18":"pa_product-kleefmagneet","19":"pa_voeding-12vdc","20":"pa_voeding-24vdc","21":"pa_weerstand-kracht-280-kg","23":"first","24":"instock","25":"taxable","26":"shipping-taxable","27":"purchasable","28":"product-type-simple"},"brands":[{"id":3380,"name":"WL4","slug":"wl4"}],"_links":{"self":[{"href":"https:\/\/webstore4.com\/de\/wp-json\/wp\/v2\/product\/9163","targetHints":{"allow":["GET"]}}],"collection":[{"href":"https:\/\/webstore4.com\/de\/wp-json\/wp\/v2\/product"}],"about":[{"href":"https:\/\/webstore4.com\/de\/wp-json\/wp\/v2\/types\/product"}],"replies":[{"embeddable":true,"href":"https:\/\/webstore4.com\/de\/wp-json\/wp\/v2\/comments?post=9163"}],"wp:featuredmedia":[{"embeddable":true,"href":"https:\/\/webstore4.com\/de\/wp-json\/wp\/v2\/media\/10863"}],"wp:attachment":[{"href":"https:\/\/webstore4.com\/de\/wp-json\/wp\/v2\/media?parent=9163"}],"wp:term":[{"taxonomy":"pwb-brand","embeddable":true,"href":"https:\/\/webstore4.com\/de\/wp-json\/wp\/v2\/pwb-brand?post=9163"},{"taxonomy":"product_cat","embeddable":true,"href":"https:\/\/webstore4.com\/de\/wp-json\/wp\/v2\/product_cat?post=9163"},{"taxonomy":"product_tag","embeddable":true,"href":"https:\/\/webstore4.com\/de\/wp-json\/wp\/v2\/product_tag?post=9163"}],"curies":[{"name":"wp","href":"https:\/\/api.w.org\/{rel}","templated":true}]}}