{"id":9134,"date":"2020-03-11T16:03:09","date_gmt":"2020-03-11T14:03:09","guid":{"rendered":"https:\/\/webstore4.com\/\/?product=wl4-psm120-9-12-ups-voedingskast-9-kanaals-12vdc-10a-120watt-met-ups-functie"},"modified":"2025-12-09T18:12:44","modified_gmt":"2025-12-09T17:12:44","slug":"wl4-psm120-9-12-ups-voedingskast-9-kanaals-12vdc-10a","status":"publish","type":"product","link":"https:\/\/webstore4.com\/de\/product\/wl4-psm120-9-12-ups-voedingskast-9-kanaals-12vdc-10a\/","title":{"rendered":"WL4 PSM120-9-12-UPS Netzteilbox 9 Kanal 12VDC 10A 120Watt mit USV-Funktion"},"content":{"rendered":"<p>Die WL4 PSM120-9-12-UPS ist eine abschlie\u00dfbare Metall-Stromversorgungsbox mit 9 Ausg\u00e4ngen f\u00fcr 12 VDC mit einer Gesamtleistung von 10 A und 120 Watt. Die WL4 PSM120-9-12-UPS verf\u00fcgt \u00fcber eine USV-Funktion (unterbrechungsfreie Stromversorgung), die es ihr erm\u00f6glicht, einen optionalen Akku aufzuladen, sodass die Stromversorgung der Ausg\u00e4nge auch bei einem Netzausfall aufrechterhalten bleibt. Die Netzteilbox ist ideal f\u00fcr die Stromversorgung von IP-Kameras, Zutrittskontrolle oder Gegensprechanlage.<\/p>\n<p><strong>M\u00f6glichkeiten<\/strong><\/p>\n<p>De WL4 PSM120-9-12-UPS kan een oplaadbare accu tijdens normaal gebruik opladen en zodra de AC spanning wegvalt neemt de accu de stroomtoevoer naar de uitgangen gedurende een bepaalde tijd over. Hierdoor blijft er stroomtoevoer naar bijvoorbeeld een IP camera of elektrisch slot tijdens een uitval van de netstroom. Zodra de netstroom is hersteld zal de accu weer worden opgeladen. Een accu is niet inbegrepen. Een geschikte oplaadbare accu die in de behuizing \u00a0past staat onder het tabblad &#8216;Opties&#8217; aangegeven.<\/p>\n<p>De voeding zit in een metalen kast een slot met sleutels voor extra bescherming. Op de voorzijde van de kast is er een indicator met de status LED&#8217;s voor elke uitgang aanwezig. De kast wordt geleverd zonder kabel voor de netstroom. De voedingskast heeft een aansluiting voor netstroomkabel met een C13 vrouwelijke stekker. Een geschikte stekker is ook mee te bestellen onder &#8216;Opties&#8217;.<\/p>\n<p><strong>Hauptmerkmale<\/strong><\/p>\n<ul>\n<li>Eingang AC100V \u2013 230V 50\/60 Hz<\/li>\n<li>Ausgang 9 x DC12 10A<\/li>\n<li>Unterbrechungsfreie Stromquellenfunktion (USV)<\/li>\n<li>R\u00fcckstellbare PTC-Sicherung<\/li>\n<li>Platz f\u00fcr 7Ah-Akku<\/li>\n<li>Kleine Abmessungen von 216,5 x 202 x 73 mm<\/li>\n<\/ul>\n<p><a href=\"https:\/\/webstore4.com\/Copyright\/\" target=\"_blank\" rel=\"noopener\"><span style=\"color: #ff6e03; font-size: 11px;\">\u00a9 Der Text ist urheberrechtlich gesch\u00fctzt<\/span><\/a><\/p>","protected":false},"excerpt":{"rendered":"<p>De WL4 PSM120-9-12-UPS is een metalen afsluitbare voedingskast met 9 uitgangen voor 12VDC met een totaalvermogen van 10A en 120Watt. De WL4 PSM120-9-12-UPS heeft een UPS functie (uninterruptible power supply) waardoor deze een optionele accu kan opladen zodat de voeding naar de uitgangen gehandhaafd blijft tijdens een uitval van de netstroom.\u00a0De voedingskast is ideaal voor<\/p>\n<div class=\"klb-readmore button\"><a class=\"btn link\" href=\"https:\/\/webstore4.com\/de\/product\/wl4-psm120-9-12-ups-voedingskast-9-kanaals-12vdc-10a\/\">Mehr lesen <i class=\"klbth-icon-right-arrow\"><\/i><\/a><\/div>","protected":false},"featured_media":9135,"comment_status":"open","ping_status":"closed","template":"","meta":[],"pwb-brand":[3380],"product_cat":[3441,3458,4517,4525],"product_tag":[],"class_list":{"0":"post-9134","1":"product","2":"type-product","3":"status-publish","4":"has-post-thumbnail","6":"pwb-brand-wl4","7":"product_cat-benodigdheden","8":"product_cat-voedingen","9":"product_cat-12v-adapter","10":"product_cat-voeding-verdeler","11":"product_shipping_class-pakket","12":"pa_merk-wl4","14":"first","15":"onbackorder","16":"taxable","17":"shipping-taxable","18":"purchasable","19":"product-type-simple"},"brands":[{"id":3380,"name":"WL4","slug":"wl4"}],"_links":{"self":[{"href":"https:\/\/webstore4.com\/de\/wp-json\/wp\/v2\/product\/9134","targetHints":{"allow":["GET"]}}],"collection":[{"href":"https:\/\/webstore4.com\/de\/wp-json\/wp\/v2\/product"}],"about":[{"href":"https:\/\/webstore4.com\/de\/wp-json\/wp\/v2\/types\/product"}],"replies":[{"embeddable":true,"href":"https:\/\/webstore4.com\/de\/wp-json\/wp\/v2\/comments?post=9134"}],"wp:featuredmedia":[{"embeddable":true,"href":"https:\/\/webstore4.com\/de\/wp-json\/wp\/v2\/media\/9135"}],"wp:attachment":[{"href":"https:\/\/webstore4.com\/de\/wp-json\/wp\/v2\/media?parent=9134"}],"wp:term":[{"taxonomy":"pwb-brand","embeddable":true,"href":"https:\/\/webstore4.com\/de\/wp-json\/wp\/v2\/pwb-brand?post=9134"},{"taxonomy":"product_cat","embeddable":true,"href":"https:\/\/webstore4.com\/de\/wp-json\/wp\/v2\/product_cat?post=9134"},{"taxonomy":"product_tag","embeddable":true,"href":"https:\/\/webstore4.com\/de\/wp-json\/wp\/v2\/product_tag?post=9134"}],"curies":[{"name":"wp","href":"https:\/\/api.w.org\/{rel}","templated":true}]}}