{"id":9124,"date":"2020-03-11T15:15:59","date_gmt":"2020-03-11T13:15:59","guid":{"rendered":"https:\/\/webstore4.com\/\/?product=wl4-rfn1-universele-ventilator-voor-serverkast"},"modified":"2024-04-19T15:09:47","modified_gmt":"2024-04-19T14:09:47","slug":"wl4-rfn1-universele-ventilator-voor-serverkast","status":"publish","type":"product","link":"https:\/\/webstore4.com\/de\/product\/wl4-rfn1-universele-ventilator-voor-serverkast\/","title":{"rendered":"WL4 RFN1 Universall\u00fcfter f\u00fcr Serverschrank"},"content":{"rendered":"<p>Der WL4 RFN1 ist ein universeller L\u00fcfter f\u00fcr Serverschr\u00e4nke inklusive Kabel mit Stecker (F-Typ). Funktioniert mit 230 VAC.<\/p>","protected":false},"excerpt":{"rendered":"<p>Der WL4 RFN1 ist ein universeller L\u00fcfter f\u00fcr Serverschr\u00e4nke inklusive Kabel mit Stecker (F-Typ). Funktioniert mit 230 VAC.<\/p>","protected":false},"featured_media":9125,"comment_status":"open","ping_status":"closed","template":"","meta":[],"pwb-brand":[3380],"product_cat":[4204,4206,4213],"product_tag":[],"class_list":{"0":"post-9124","1":"product","2":"type-product","3":"status-publish","4":"has-post-thumbnail","6":"pwb-brand-wl4","7":"product_cat-kasten-kluizen","8":"product_cat-recorder-kasten","9":"product_cat-serverkasten-kasten-kluizen","10":"product_shipping_class-pakket","11":"pa_merk-wl4","12":"pa_product-accessoires","14":"first","15":"onbackorder","16":"taxable","17":"shipping-taxable","18":"purchasable","19":"product-type-simple"},"brands":[{"id":3380,"name":"WL4","slug":"wl4"}],"_links":{"self":[{"href":"https:\/\/webstore4.com\/de\/wp-json\/wp\/v2\/product\/9124","targetHints":{"allow":["GET"]}}],"collection":[{"href":"https:\/\/webstore4.com\/de\/wp-json\/wp\/v2\/product"}],"about":[{"href":"https:\/\/webstore4.com\/de\/wp-json\/wp\/v2\/types\/product"}],"replies":[{"embeddable":true,"href":"https:\/\/webstore4.com\/de\/wp-json\/wp\/v2\/comments?post=9124"}],"wp:featuredmedia":[{"embeddable":true,"href":"https:\/\/webstore4.com\/de\/wp-json\/wp\/v2\/media\/9125"}],"wp:attachment":[{"href":"https:\/\/webstore4.com\/de\/wp-json\/wp\/v2\/media?parent=9124"}],"wp:term":[{"taxonomy":"pwb-brand","embeddable":true,"href":"https:\/\/webstore4.com\/de\/wp-json\/wp\/v2\/pwb-brand?post=9124"},{"taxonomy":"product_cat","embeddable":true,"href":"https:\/\/webstore4.com\/de\/wp-json\/wp\/v2\/product_cat?post=9124"},{"taxonomy":"product_tag","embeddable":true,"href":"https:\/\/webstore4.com\/de\/wp-json\/wp\/v2\/product_tag?post=9124"}],"curies":[{"name":"wp","href":"https:\/\/api.w.org\/{rel}","templated":true}]}}