{"id":9111,"date":"2020-03-05T18:26:31","date_gmt":"2020-03-05T16:26:31","guid":{"rendered":"https:\/\/webstore4.com\/\/?product=dahua-asc1202b-s-twee-deur-access-controller"},"modified":"2025-05-27T12:13:28","modified_gmt":"2025-05-27T11:13:28","slug":"dahua-asc1202b-s-twee-deur-access-controller","status":"publish","type":"product","link":"https:\/\/webstore4.com\/de\/product\/dahua-asc1202b-s-twee-deur-access-controller\/","title":{"rendered":"Dahua ASC1202B-S Zugangscontroller f\u00fcr zwei T\u00fcren"},"content":{"rendered":"<p>Der Dahua ASC1202B-S ist ein zweit\u00fcriger (einseitiger) Zugangscontroller.<\/p>\n<p><strong>M\u00f6glichkeiten<\/strong><\/p>\n<p>Der Dahua ASC1202B-S kommuniziert sowohl \u00fcber RS485 als auch \u00fcber das Wiegand-Protokoll. Eine Verbindung zu einem PC erfolgt \u00fcber TCP\/IP und kann \u00fcber die kostenlose Dahua-Software SmartPSS auf einem Windows-PC verwaltet werden.<\/p>\n<p>De Dahua ASC1202B-S moet worden gevoed met 12VDC. Geschikte voedingen zijn te vinden en te bestellen onder het tabblad &#8216;Opties&#8217;.<br \/>\nOnder het tabblad &#8216;Documentatie&#8217; staat een link naar de website van de fabrikant met onder meer de datasheet en handleiding (tabblad &#8220;Download&#8221;).<\/p>\n<p><strong>Wichtigste Funktionen<\/strong><\/p>\n<ul>\n<li>Unterst\u00fctzt 100.000 Benutzer und 150.000 Datens\u00e4tze<\/li>\n<li>Unterst\u00fctzt die Verwendung von Karten-\/Tag-Leseger\u00e4ten, Fingerabdruck-Leseger\u00e4ten und\/oder PIN-Code-Leseger\u00e4ten<\/li>\n<li>TCP\/IP-Verbindung zum PC<\/li>\n<li>Wiegand- oder RS-485-Schnittstelle<\/li>\n<li>T\u00fcr-Timeout-Alarm, Einbruchalarm, Bedrohungsalarm und Sabotagealarm<\/li>\n<li>Anti-Pass-Back, Multi-Card-Open<\/li>\n<li>Watch-Dog-Funktion<\/li>\n<\/ul>\n<p><a href=\"https:\/\/webstore4.com\/Copyright\/\" target=\"_blank\" rel=\"noopener\"><span style=\"color: #ff6e03; font-size: 11px;\">\u00a9 Der Text ist urheberrechtlich gesch\u00fctzt<\/span><\/a><\/p>","protected":false},"excerpt":{"rendered":"<p>De Dahua ASC1202B-S is een twee deurs (eenweg) access controller. Mogelijkheden De Dahua ASC1202B-S beschikt over communicatie over zowel RS485 als het Wiegand protocol. Een verbinding naar een PC verloopt via TCP\/IP en kan worden beheerd via de gratis SmartPSS Dahua software op een Windows PC. De Dahua ASC1202B-S moet worden gevoed met 12VDC. Geschikte<\/p>\n<div class=\"klb-readmore button\"><a class=\"btn link\" href=\"https:\/\/webstore4.com\/de\/product\/dahua-asc1202b-s-twee-deur-access-controller\/\">Mehr lesen <i class=\"klbth-icon-right-arrow\"><\/i><\/a><\/div>","protected":false},"featured_media":9112,"comment_status":"open","ping_status":"closed","template":"","meta":[],"pwb-brand":[3376],"product_cat":[4191,4193],"product_tag":[],"class_list":{"0":"post-9111","1":"product","2":"type-product","3":"status-publish","4":"has-post-thumbnail","6":"pwb-brand-dahua","7":"product_cat-access","8":"product_cat-toegangscontrole-access","9":"product_shipping_class-pakket","10":"pa_garantie-3-jaar","11":"pa_max-aantal-gebruikers-3793","12":"pa_merk-dahua","13":"pa_omgeving-binnen","14":"pa_product-access-controller","15":"pa_voeding-12vdc","17":"first","18":"onbackorder","19":"taxable","20":"shipping-taxable","21":"purchasable","22":"product-type-simple"},"brands":[{"id":3376,"name":"Dahua","slug":"dahua"}],"_links":{"self":[{"href":"https:\/\/webstore4.com\/de\/wp-json\/wp\/v2\/product\/9111","targetHints":{"allow":["GET"]}}],"collection":[{"href":"https:\/\/webstore4.com\/de\/wp-json\/wp\/v2\/product"}],"about":[{"href":"https:\/\/webstore4.com\/de\/wp-json\/wp\/v2\/types\/product"}],"replies":[{"embeddable":true,"href":"https:\/\/webstore4.com\/de\/wp-json\/wp\/v2\/comments?post=9111"}],"wp:featuredmedia":[{"embeddable":true,"href":"https:\/\/webstore4.com\/de\/wp-json\/wp\/v2\/media\/9112"}],"wp:attachment":[{"href":"https:\/\/webstore4.com\/de\/wp-json\/wp\/v2\/media?parent=9111"}],"wp:term":[{"taxonomy":"pwb-brand","embeddable":true,"href":"https:\/\/webstore4.com\/de\/wp-json\/wp\/v2\/pwb-brand?post=9111"},{"taxonomy":"product_cat","embeddable":true,"href":"https:\/\/webstore4.com\/de\/wp-json\/wp\/v2\/product_cat?post=9111"},{"taxonomy":"product_tag","embeddable":true,"href":"https:\/\/webstore4.com\/de\/wp-json\/wp\/v2\/product_tag?post=9111"}],"curies":[{"name":"wp","href":"https:\/\/api.w.org\/{rel}","templated":true}]}}