{"id":9089,"date":"2020-02-17T16:17:21","date_gmt":"2020-02-17T14:17:21","guid":{"rendered":"https:\/\/webstore4.com\/\/?product=hikvision-ds-kv6113-wpe1b-ip-video-intercom-2mp-wifi-deurbel-met-poe-mifare-kaartlezer-alarm-microsd-slot"},"modified":"2024-11-28T09:58:23","modified_gmt":"2024-11-28T08:58:23","slug":"hikvision-ds-kv6113-wpe1c-ip-video-intercom-2mp-wifi-deurbel","status":"publish","type":"product","link":"https:\/\/webstore4.com\/de\/product\/hikvision-ds-kv6113-wpe1c-ip-video-intercom-2mp-wifi-deurbel\/","title":{"rendered":"Hikvision DS-KV6113-WPE1(C) IP video intercom 2MP Wi-Fi deurbel met PoE, Mifare kaartlezer en alarm"},"content":{"rendered":"<p>De Hikvision DS-KV6113-WPE1(C) is een IP video intercom Full HD 2MP Wi-Fi deurbel met een Mifare kaartlezer voor bediening van een elektrisch deurslot. De deurbel kan worden bediend met een gratis app en heeft bewegingsdetectie, PoE mogelijkheid, alarm ingangen en een sabotage schakelaar. De DS-KV6113-WPE1(C) heeft als verschil ten opzichte van eerdere versies is dat er ondersteuning is van snapshots en dat de deurbel stand alone is. De deurbel ondersteund geen MicroSD-kaart.<\/p>\n<p><strong>M\u00f6glichkeiten<\/strong><\/p>\n<p>Der Hikvision DS-KV6113-WPE1 verf\u00fcgt \u00fcber einen 2-Megapixel-Full-HD-Bildsensor (1920 x 1080p) mit einem weiten horizontalen Betrachtungswinkel von 129 Grad. Die T\u00fcrklingel verf\u00fcgt \u00fcber Infrarot-Nachtsicht und True WDR f\u00fcr ein gutes Bild bei schwierigen Lichtverh\u00e4ltnissen. Selbstverst\u00e4ndlich verf\u00fcgt der DS-KV6113-WPE1 \u00fcber ein empfindliches omnidirektionales Mikrofon und einen Lautsprecher f\u00fcr ein klares Audio-\/Videogespr\u00e4ch. Zus\u00e4tzlich zur Verwendung mit der mobilen App kann der DS-KV6113-WPE1 mit einem Intercom-Innenmonitor der 2. Generation von Hikvision verwendet werden. Sobald die Ruftaste gedr\u00fcckt wird, sendet die Au\u00dfenstation eine direkte Push-Benachrichtigung auf das Smartphone und l\u00e4sst jeden Innenmonitor klingeln. Live-Bilder k\u00f6nnen jederzeit mit der App oder im Monitor betrachtet werden.<\/p>\n<p>De DS-KV6113-WPE1(C) beschikt over een ingebouwd relais dat bedraad kan worden verbonden met een elektrische deurvergrendeling om met een monitor of op afstand met de app een deur te ontgrendelen. Een slot kan ook worden ontgrendeld door een Mifare kaart of tag op het buiten station aan te bieden. Onder het tabblad &#8216;Opties&#8217; staan geschikte Mifare tags en Mifare kaarten. Er is de mogelijkheid om een exit knop op DS-KV6113-WPE1(C) aan te sluiten voor het ontgrendelen van een deur om naar buiten te gaan. De DS-KV6113-WPE1(C) beschikt over 4 alarm ingangen.<\/p>\n<p>Die Au\u00dfenstation kann im integrierten Webinterface \u00fcber einen Browser oder mit der kostenlosen Hikvision iVMS-Software konfiguriert und verwaltet werden.<\/p>\n<p><strong>Montage<\/strong><\/p>\n<p>De DS-KV6113-WPE1(C) is gemaakt van duurzaam kunststof en heeft een IP65 classificering voor gebruik buiten. De DS-KV6113-WPE1(C) kan worden gevoed met een niet meegeleverde 12VDC adapter of met Power over Ethernet (P0E 802.3af). Een geschikte 12VDC adapter kan worden mee besteld onder het tabblad\u00a0 &#8216;Opties&#8217;. Onder dit tabblad staat ook een geschikte PoE injector.<\/p>\n<p><strong>Wichtigste Funktionen<\/strong><\/p>\n<ul>\n<li>2-Megapixel-Full-HD-Kamera<\/li>\n<li>Echte WDR- und IR-Nachtsicht<\/li>\n<li>131 graden horizontale beeldhoek<\/li>\n<li>Manipulationsalarm und Alarmeing\u00e4nge<\/li>\n<li>Ferngesteuerte T\u00fcr\u00f6ffnung<\/li>\n<li>Mifare-Kartenleser<\/li>\n<li>P0E-Stromversorgung und Signal \u00fcber 1 Netzwerkkabel oder WLAN-Verbindung (2,4 GHz) in Kombination mit einem 12-VDC-Adapter<\/li>\n<li>P2P-Verbindung, daher ist keine Portweiterleitung erforderlich<\/li>\n<li>Wetterfest (IP65)<\/li>\n<\/ul>\n<p><a href=\"https:\/\/webstore4.com\/Copyright\/\" target=\"_blank\" rel=\"noopener\"><span style=\"color: #ff6e03; font-size: 11px;\">\u00a9 Der Text ist urheberrechtlich gesch\u00fctzt<\/span><\/a><\/p>","protected":false},"excerpt":{"rendered":"<p>De Hikvision DS-KV6113-WPE1(C) is een IP video intercom Full HD 2MP Wi-Fi deurbel met een Mifare kaartlezer voor bediening van een elektrisch deurslot. De deurbel kan worden bediend met een gratis app en heeft bewegingsdetectie, PoE mogelijkheid, alarm ingangen en een sabotage schakelaar. De DS-KV6113-WPE1(C) heeft als verschil ten opzichte van eerdere versies is dat<\/p>\n<div class=\"klb-readmore button\"><a class=\"btn link\" href=\"https:\/\/webstore4.com\/de\/product\/hikvision-ds-kv6113-wpe1c-ip-video-intercom-2mp-wifi-deurbel\/\">Mehr lesen <i class=\"klbth-icon-right-arrow\"><\/i><\/a><\/div>","protected":false},"featured_media":16799,"comment_status":"open","ping_status":"closed","template":"","meta":[],"pwb-brand":[3367],"product_cat":[4246,4178,4182,4227,4228],"product_tag":[],"class_list":{"0":"post-9089","1":"product","2":"type-product","3":"status-publish","4":"has-post-thumbnail","6":"pwb-brand-hikvision","7":"product_cat-deurbel","8":"product_cat-intercom","9":"product_cat-hikvision-ip-video","10":"product_cat-series-intercom","11":"product_cat-hikvision-2nd-generation","12":"product_shipping_class-pakket","13":"pa_aansluiting-netwerk-kabel","14":"pa_aansluiting-wi-fi","15":"pa_audio-microfoon","16":"pa_audio-speaker","17":"pa_beeldhoek-graden-horizontaal-4602","18":"pa_draadloos-ja-wi-fi-802-11","19":"pa_extra-bel-mogelijk-nee","20":"pa_frequentie-tags-en-readers-mifare-13-56-mhz","21":"pa_kaartlezer-ja","22":"pa_materiaal-kunststof","23":"pa_megapixel-2mp","24":"pa_merk-hikvision","25":"pa_mobiele-app-fabrikant-ja","26":"pa_montage-opbouw","27":"pa_nachtzicht-ja","28":"pa_omgeving-binnen-en-buiten","29":"pa_poe-802-3af","30":"pa_product-buitenpost","31":"pa_product-status-a","32":"pa_stand-alone-ja","33":"pa_vandaalbestendig-nee","34":"pa_voeding-12vdc","35":"pa_voeding-poe","37":"first","38":"onbackorder","39":"taxable","40":"shipping-taxable","41":"purchasable","42":"product-type-simple"},"brands":[{"id":3367,"name":"Hikvision","slug":"hikvision"}],"_links":{"self":[{"href":"https:\/\/webstore4.com\/de\/wp-json\/wp\/v2\/product\/9089","targetHints":{"allow":["GET"]}}],"collection":[{"href":"https:\/\/webstore4.com\/de\/wp-json\/wp\/v2\/product"}],"about":[{"href":"https:\/\/webstore4.com\/de\/wp-json\/wp\/v2\/types\/product"}],"replies":[{"embeddable":true,"href":"https:\/\/webstore4.com\/de\/wp-json\/wp\/v2\/comments?post=9089"}],"wp:featuredmedia":[{"embeddable":true,"href":"https:\/\/webstore4.com\/de\/wp-json\/wp\/v2\/media\/16799"}],"wp:attachment":[{"href":"https:\/\/webstore4.com\/de\/wp-json\/wp\/v2\/media?parent=9089"}],"wp:term":[{"taxonomy":"pwb-brand","embeddable":true,"href":"https:\/\/webstore4.com\/de\/wp-json\/wp\/v2\/pwb-brand?post=9089"},{"taxonomy":"product_cat","embeddable":true,"href":"https:\/\/webstore4.com\/de\/wp-json\/wp\/v2\/product_cat?post=9089"},{"taxonomy":"product_tag","embeddable":true,"href":"https:\/\/webstore4.com\/de\/wp-json\/wp\/v2\/product_tag?post=9089"}],"curies":[{"name":"wp","href":"https:\/\/api.w.org\/{rel}","templated":true}]}}