{"id":9082,"date":"2020-02-13T17:29:26","date_gmt":"2020-02-13T15:29:26","guid":{"rendered":"https:\/\/webstore4.com\/\/?product=wl4-rpro-2-stand-alone-toegangscontrole-rfid-kaartlezer-met-kunststof-behuizing-en-geschikt-voor-binnen-wiegand-26-relais"},"modified":"2026-03-04T16:39:04","modified_gmt":"2026-03-04T15:39:04","slug":"wl4-rpro-2-stand-alone-toegangscontrole-rfid-kaartlezer-met-kunststof-behuizing-en-geschikt-voor-binnen-wiegand-26-relais","status":"publish","type":"product","link":"https:\/\/webstore4.com\/de\/product\/wl4-rpro-2-stand-alone-toegangscontrole-rfid-kaartlezer-met-kunststof-behuizing-en-geschikt-voor-binnen-wiegand-26-relais\/","title":{"rendered":"WL4 RPRO-2 eigenst\u00e4ndiger RFID-Kartenleser f\u00fcr die Zugangskontrolle mit Kunststoffgeh\u00e4use und geeignet f\u00fcr den Innenbereich, Wiegand 26, Relais"},"content":{"rendered":"<p>Der WL4 RPRO-2 ist ein eigenst\u00e4ndiger RFID-Kartenleser f\u00fcr den Innenbereich, der zur Steuerung eines Elektroschlosses oder T\u00fcr\u00f6ffners verwendet werden kann. Der WL4 RPRO-2 ist ein oberfl\u00e4chenmontierter Kartenleser und muss mit 12 VDC betrieben werden. Ein Adapter ist nicht im Lieferumfang enthalten. Unter dem Reiter \u201eOptionen\u201c ist ein passendes Netzteil enthalten, das bestellt werden kann. Dem Leser liegt eine Fernbedienung zur Programmierung bei.<\/p>\n<p>Das Benutzerhandbuch ist unter der Registerkarte \u201eDokumentation\u201c enthalten.<\/p>\n<p><strong>Wichtigste Funktionen<\/strong><\/p>\n<ul>\n<li>NO\/NC\/COM-Relais<\/li>\n<li>12VDC-Stromversorgung<\/li>\n<li>125-kHz-RFID-Kartenleser<\/li>\n<li>Programmierung mit Fernbedienung<\/li>\n<li>Bis zu 10.000 Kartenbenutzer<\/li>\n<li>Kann als eigenst\u00e4ndiges Code-Panel verwendet werden<\/li>\n<li>Wiegand 26<\/li>\n<li>Einfache Montage und Installation<\/li>\n<li>Anti-Passback<\/li>\n<li>LED-Statusanzeige<\/li>\n<\/ul>\n<p><a href=\"https:\/\/webstore4.com\/Copyright\/\" target=\"_blank\" rel=\"noopener\"><span style=\"color: #ff6e03; font-size: 11px;\">\u00a9 Der Text ist urheberrechtlich gesch\u00fctzt<\/span><\/a><\/p>","protected":false},"excerpt":{"rendered":"<p>De WL4 RPRO-2 is een stand alone RFID kaartlezer voor binnen waarmee een elektrisch slot of deuropener kan worden aangestuurd. De WL4 RPRO-2 is een opbouw kaartlezer en moet worden gevoed met 12VDC. Een adapter wordt niet meegeleverd. Onder het tabblad &#8216;Opties&#8217; is een geschikte voeding opgenomen die kan worden mee besteld. De lezer wordt<\/p>\n<div class=\"klb-readmore button\"><a class=\"btn link\" href=\"https:\/\/webstore4.com\/de\/product\/wl4-rpro-2-stand-alone-toegangscontrole-rfid-kaartlezer-met-kunststof-behuizing-en-geschikt-voor-binnen-wiegand-26-relais\/\">Mehr lesen <i class=\"klbth-icon-right-arrow\"><\/i><\/a><\/div>","protected":false},"featured_media":9083,"comment_status":"open","ping_status":"closed","template":"","meta":[],"pwb-brand":[3380],"product_cat":[4191,4193],"product_tag":[],"class_list":{"0":"post-9082","1":"product","2":"type-product","3":"status-publish","4":"has-post-thumbnail","6":"pwb-brand-wl4","7":"product_cat-access","8":"product_cat-toegangscontrole-access","9":"product_shipping_class-pakket","10":"pa_garantie-3-jaar","11":"pa_materiaal-kunststof","12":"pa_max-aantal-gebruikers-3719","13":"pa_merk-wl4","14":"pa_omgeving-binnen","15":"pa_product-reader","16":"pa_stand-alone-ja","17":"pa_toegang-met-kaartlezer","18":"pa_voeding-12vdc","20":"first","21":"onbackorder","22":"taxable","23":"shipping-taxable","24":"purchasable","25":"product-type-simple"},"brands":[{"id":3380,"name":"WL4","slug":"wl4"}],"_links":{"self":[{"href":"https:\/\/webstore4.com\/de\/wp-json\/wp\/v2\/product\/9082","targetHints":{"allow":["GET"]}}],"collection":[{"href":"https:\/\/webstore4.com\/de\/wp-json\/wp\/v2\/product"}],"about":[{"href":"https:\/\/webstore4.com\/de\/wp-json\/wp\/v2\/types\/product"}],"replies":[{"embeddable":true,"href":"https:\/\/webstore4.com\/de\/wp-json\/wp\/v2\/comments?post=9082"}],"wp:featuredmedia":[{"embeddable":true,"href":"https:\/\/webstore4.com\/de\/wp-json\/wp\/v2\/media\/9083"}],"wp:attachment":[{"href":"https:\/\/webstore4.com\/de\/wp-json\/wp\/v2\/media?parent=9082"}],"wp:term":[{"taxonomy":"pwb-brand","embeddable":true,"href":"https:\/\/webstore4.com\/de\/wp-json\/wp\/v2\/pwb-brand?post=9082"},{"taxonomy":"product_cat","embeddable":true,"href":"https:\/\/webstore4.com\/de\/wp-json\/wp\/v2\/product_cat?post=9082"},{"taxonomy":"product_tag","embeddable":true,"href":"https:\/\/webstore4.com\/de\/wp-json\/wp\/v2\/product_tag?post=9082"}],"curies":[{"name":"wp","href":"https:\/\/api.w.org\/{rel}","templated":true}]}}