{"id":9072,"date":"2020-01-26T19:13:10","date_gmt":"2020-01-26T17:13:10","guid":{"rendered":"https:\/\/webstore4.com\/\/?product=dahua-vto4202f-ms-ip-video-intercom-display-module"},"modified":"2024-04-19T15:09:35","modified_gmt":"2024-04-19T14:09:35","slug":"dahua-vto4202f-ms-ip-video-intercom-display-module","status":"publish","type":"product","link":"https:\/\/webstore4.com\/de\/product\/dahua-vto4202f-ms-ip-video-intercom-display-module\/","title":{"rendered":"Dahua VTO4202F-MS IP-Video-Intercom-Anzeigemodul"},"content":{"rendered":"<p>Das Dahua VTO4202F-MS ist ein Anzeigemodul f\u00fcr das modulare IP-Video-T\u00fcrklingelsystem der 2. Generation von Dahua. Das Modul funktioniert nur in Kombination mit dem Hauptmodul VTO4202F-P oder VTO4202F-MA. Der VTO4202F-MS wird vom Hauptmodul mit Strom versorgt. Das Modul verf\u00fcgt \u00fcber ein 3,0 Zoll gro\u00dfes STN-Display.<\/p>\n<p><strong>Montage<\/strong><\/p>\n<p>Der Dahua VTO4202F-MS besteht aus robustem Aluminium und Kunststoff und ist vandalensicher (IK07). Die gesamte Au\u00dfenstation muss mit dem Geh\u00e4use VTM127 (2 Module) oder VTM128 (3 Module) eingebaut oder montiert werden. VTM127 und VTM128 sind nicht im Lieferumfang enthalten und k\u00f6nnen separat bestellt werden. F\u00fcr VTM127 und VTM128 ist eine Frontplatte VTM125 (f\u00fcr VTM127) oder VTM126 (f\u00fcr VTM128) erforderlich. Das Geh\u00e4use kann horizontal oder vertikal montiert werden.<\/p>\n<p>Unter dem Reiter \u201eDokumentation\u201c gibt es einen Link zur Produktseite des Herstellers inklusive Handbuch und Ma\u00dfdokumentation sowie einen Link zum Datenblatt mit allen Spezifikationen.<\/p>\n<p><strong>Wichtigste Funktionen<\/strong><\/p>\n<ul>\n<li>Anzeigemodul mit 3,0 Zoll STN-Display<\/li>\n<li>Aufputz oder Einbau<\/li>\n<li>Maximal 9 Module<\/li>\n<\/ul>\n<p><a href=\"https:\/\/webstore4.com\/Copyright\/\" target=\"_blank\" rel=\"noopener\"><span style=\"color: #ff6e03; font-size: 11px;\">\u00a9 Der Text ist urheberrechtlich gesch\u00fctzt<\/span><\/a><\/p>","protected":false},"excerpt":{"rendered":"<p>De Dahua VTO4202F-MS is een display module voor het 2nd generation Dahua modulaire IP video deurbel systeem. De module werk alleen in combinatie met de hoofdmodule VTO4202F-P of VTO4202F-MA. De\u00a0VTO4202F-MS wordt gevoed door de hoofdmodule. De module heeft een\u00a03.0 inch STN display. Montage De Dahua\u00a0VTO4202F-MS is gemaakt van duurzaam aluminium en kunststof en is vandaalbestendig<\/p>\n<div class=\"klb-readmore button\"><a class=\"btn link\" href=\"https:\/\/webstore4.com\/de\/product\/dahua-vto4202f-ms-ip-video-intercom-display-module\/\">Mehr lesen <i class=\"klbth-icon-right-arrow\"><\/i><\/a><\/div>","protected":false},"featured_media":9073,"comment_status":"open","ping_status":"closed","template":"","meta":[],"pwb-brand":[3376],"product_cat":[4178,4179],"product_tag":[],"class_list":{"0":"post-9072","1":"product","2":"type-product","3":"status-publish","4":"has-post-thumbnail","6":"pwb-brand-dahua","7":"product_cat-intercom","8":"product_cat-dahua-ip-video","9":"product_shipping_class-pakket","10":"pa_kaartlezer-nee","11":"pa_kleur-grijs","12":"pa_materiaal-aluminium","13":"pa_materiaal-kunststof","14":"pa_merk-dahua","15":"pa_mobiele-app-fabrikant-ja","16":"pa_montage-inbouw","17":"pa_montage-opbouw","18":"pa_omgeving-binnen-en-buiten","19":"pa_product-modulair","20":"pa_product-status-a","21":"pa_vandaalbestendig-ik07","22":"pa_voeding-vto4202f-p-vto4202f-ma","24":"first","25":"onbackorder","26":"taxable","27":"shipping-taxable","28":"purchasable","29":"product-type-simple"},"brands":[{"id":3376,"name":"Dahua","slug":"dahua"}],"_links":{"self":[{"href":"https:\/\/webstore4.com\/de\/wp-json\/wp\/v2\/product\/9072","targetHints":{"allow":["GET"]}}],"collection":[{"href":"https:\/\/webstore4.com\/de\/wp-json\/wp\/v2\/product"}],"about":[{"href":"https:\/\/webstore4.com\/de\/wp-json\/wp\/v2\/types\/product"}],"replies":[{"embeddable":true,"href":"https:\/\/webstore4.com\/de\/wp-json\/wp\/v2\/comments?post=9072"}],"wp:featuredmedia":[{"embeddable":true,"href":"https:\/\/webstore4.com\/de\/wp-json\/wp\/v2\/media\/9073"}],"wp:attachment":[{"href":"https:\/\/webstore4.com\/de\/wp-json\/wp\/v2\/media?parent=9072"}],"wp:term":[{"taxonomy":"pwb-brand","embeddable":true,"href":"https:\/\/webstore4.com\/de\/wp-json\/wp\/v2\/pwb-brand?post=9072"},{"taxonomy":"product_cat","embeddable":true,"href":"https:\/\/webstore4.com\/de\/wp-json\/wp\/v2\/product_cat?post=9072"},{"taxonomy":"product_tag","embeddable":true,"href":"https:\/\/webstore4.com\/de\/wp-json\/wp\/v2\/product_tag?post=9072"}],"curies":[{"name":"wp","href":"https:\/\/api.w.org\/{rel}","templated":true}]}}