{"id":9038,"date":"2020-01-23T22:43:54","date_gmt":"2020-01-23T20:43:54","guid":{"rendered":"https:\/\/webstore4.com\/\/?product=x-security-xs-sw1008poe-96-din-802-3afat-high-power-over-ethernet-poe-switch-met-8-poorten"},"modified":"2025-05-25T11:20:07","modified_gmt":"2025-05-25T10:20:07","slug":"x-security-xs-sw1008poe-96-din-poe-switch","status":"publish","type":"product","link":"https:\/\/webstore4.com\/de\/product\/x-security-xs-sw1008poe-96-din-poe-switch\/","title":{"rendered":"X-Security XS-SW1008POE-96-DIN 802.3af\/at High Power over Ethernet (PoE+) Switch mit 8 Ports"},"content":{"rendered":"<p>Der X-Security XS-SW1008POE-96 ist ein professioneller Switch mit 8 Anschl\u00fcssen, wobei alle 8 Ports High Power over Ethernet (PoE+) unterst\u00fctzen. Durch die Nutzung der PoE-Funktionalit\u00e4t kann beispielsweise eine IP-Kamera mit nur 1 Netzwerkkabel an das Netzwerk angeschlossen und mit der richtigen Spannung versorgt werden.<\/p>\n<p>Netwerkapparatuur zoals PTZ IP camera&#8217;s, access points, VOIP telefoons en IR lampen die voldoen aan de 802.3at POE+ standaard kunnen worden aangesloten op 1 van de 8 PoE poorten. De X-Security XS-SW1008POE-96 ondersteunt ook 802.3af PoE apparatuur. Het totale budget aan vermogen van de X-Security XS-SW1008POE-96 is 96 Watt.<\/p>\n<p><strong>Hauptmerkmale<\/strong><\/p>\n<ul>\n<li>8 poorten\u00a010\/100 Base-T\u00a0met 802.3at PoE+ en 802.3af PoE<\/li>\n<li>1 Gigabit\u00a010\/100\/1000Base-T\u00a0RJ45 poort<\/li>\n<li>1 Gigabit\u00a0100\/1000Base-X glasvezel poort<\/li>\n<li>PoE f\u00fcr Netzwerkger\u00e4te bis maximal 30 Watt pro PoE-Port<\/li>\n<li>Die gesamte PoE-Leistung, die der Switch liefern kann (das Budget), betr\u00e4gt 96 Watt<\/li>\n<li>Schicht 2<\/li>\n<\/ul>\n<p><a href=\"https:\/\/webstore4.com\/Copyright\/\" target=\"_blank\" rel=\"noopener\"><span style=\"color: #ff6e03; font-size: 11px;\">\u00a9 Der Text ist urheberrechtlich gesch\u00fctzt<\/span><\/a><\/p>","protected":false},"excerpt":{"rendered":"<p>De X-Security XS-SW1008POE-96-DIN is een professionele switch met 8 aansluitingen waarvan alle 8 poorten High Power over Ethernet (PoE+) ondersteunen. Door gebruik te maken van de PoE functionaliteit kan bijvoorbeeld een IP camera met slechts 1 netwerkkabel worden aangesloten op het netwerk en van de juiste stroom worden voorzien. Netwerkapparatuur zoals PTZ IP camera&#8217;s, access<\/p>\n<div class=\"klb-readmore button\"><a class=\"btn link\" href=\"https:\/\/webstore4.com\/de\/product\/x-security-xs-sw1008poe-96-din-poe-switch\/\">Mehr lesen <i class=\"klbth-icon-right-arrow\"><\/i><\/a><\/div>","protected":false},"featured_media":9039,"comment_status":"open","ping_status":"closed","template":"","meta":[],"pwb-brand":[3395],"product_cat":[3440,3446],"product_tag":[],"class_list":{"0":"post-9038","1":"product","2":"type-product","3":"status-publish","4":"has-post-thumbnail","6":"pwb-brand-x-security","7":"product_cat-netwerk","8":"product_cat-switches","9":"product_shipping_class-pakket","10":"pa_aantal-poe-poorten-3936","11":"pa_gigabit-poorten-3935","12":"pa_managed-unmanaged","13":"pa_merk-x-security","14":"pa_omgeving-binnen","15":"pa_poe-802-3af-at","16":"pa_product-status-a","17":"pa_totaal-poe-vermogen-watt-3937","19":"first","20":"onbackorder","21":"taxable","22":"shipping-taxable","23":"purchasable","24":"product-type-simple"},"brands":[{"id":3395,"name":"X-Security","slug":"x-security"}],"_links":{"self":[{"href":"https:\/\/webstore4.com\/de\/wp-json\/wp\/v2\/product\/9038","targetHints":{"allow":["GET"]}}],"collection":[{"href":"https:\/\/webstore4.com\/de\/wp-json\/wp\/v2\/product"}],"about":[{"href":"https:\/\/webstore4.com\/de\/wp-json\/wp\/v2\/types\/product"}],"replies":[{"embeddable":true,"href":"https:\/\/webstore4.com\/de\/wp-json\/wp\/v2\/comments?post=9038"}],"wp:featuredmedia":[{"embeddable":true,"href":"https:\/\/webstore4.com\/de\/wp-json\/wp\/v2\/media\/9039"}],"wp:attachment":[{"href":"https:\/\/webstore4.com\/de\/wp-json\/wp\/v2\/media?parent=9038"}],"wp:term":[{"taxonomy":"pwb-brand","embeddable":true,"href":"https:\/\/webstore4.com\/de\/wp-json\/wp\/v2\/pwb-brand?post=9038"},{"taxonomy":"product_cat","embeddable":true,"href":"https:\/\/webstore4.com\/de\/wp-json\/wp\/v2\/product_cat?post=9038"},{"taxonomy":"product_tag","embeddable":true,"href":"https:\/\/webstore4.com\/de\/wp-json\/wp\/v2\/product_tag?post=9038"}],"curies":[{"name":"wp","href":"https:\/\/api.w.org\/{rel}","templated":true}]}}