{"id":9032,"date":"2020-01-23T19:41:55","date_gmt":"2020-01-23T17:41:55","guid":{"rendered":"https:\/\/webstore4.com\/\/?product=wl4-lb6u-zware-metalen-6u-lock-box-safe-met-sleutelslot-voor-rack-19-nvr-en-dvr-video-recorders"},"modified":"2024-06-21T09:26:34","modified_gmt":"2024-06-21T08:26:34","slug":"wl4-lb6u-zware-metalen-6u-lock-box-safe","status":"publish","type":"product","link":"https:\/\/webstore4.com\/de\/product\/wl4-lb6u-zware-metalen-6u-lock-box-safe\/","title":{"rendered":"WL4 LB6U Schwerer 6U-Schlie\u00dfkastentresor aus Metall mit Schl\u00fcsselschloss f\u00fcr Rack-19-Zoll-NVR- und DVR-Videorecorder"},"content":{"rendered":"<p>Der WL4 LB6U ist ein robuster Metall-Schlie\u00dfkastentresor mit Schl\u00fcsselschloss f\u00fcr unter anderem 19-Zoll-Rack-NVR- und DVR-Videorecorder.<\/p>\n<p><strong>M\u00f6glichkeiten<\/strong><\/p>\n<p>De metalen lockbox is geschikt voor videorecorders tot 6U hoogte of andere diefstal- of sabotagegevoelige elektronische apparaten. De lockbox is voorzien van gaten voor ventilatoren (niet meegeleverd). De LB6U is uitgevoerd met een camlock met 2 sleutels.<\/p>\n<p><strong>Wichtige Funktionen<\/strong><\/p>\n<ul>\n<li>19&#8243; rack 6U safe<\/li>\n<li>Camlock-Schloss mit 2 x Schl\u00fcssel<\/li>\n<li>Bel\u00fcftungs- und Kabeleinf\u00fchrungs\u00f6ffnungen<\/li>\n<li>Befestigungspunkte<\/li>\n<li>Afmeting 6U \u00a0320 (Hoogte) x 560 (Breedte) x 400 (Diepte)<\/li>\n<li>Maximales Gewicht 50 kg<\/li>\n<li>Schwarz<\/li>\n<\/ul>\n<p><a href=\"https:\/\/webstore4.com\/Copyright\/\" target=\"_blank\" rel=\"noopener\"><span style=\"color: #ff6e03; font-size: 11px;\">\u00a9 Der Text ist urheberrechtlich gesch\u00fctzt<\/span><\/a><\/p>","protected":false},"excerpt":{"rendered":"<p>De WL4 LB6U is een zwaar uitgevoerde metalen lock box kluis met een sleutelslot voor onder andere 19&#8243; rack NVR en DVR video recorders. Mogelijkheden De metalen lockbox is geschikt voor videorecorders tot 6U hoogte of andere diefstal- of sabotagegevoelige elektronische apparaten. De lockbox is voorzien van gaten voor ventilatoren (niet meegeleverd). De LB6U is<\/p>\n<div class=\"klb-readmore button\"><a class=\"btn link\" href=\"https:\/\/webstore4.com\/de\/product\/wl4-lb6u-zware-metalen-6u-lock-box-safe\/\">Mehr lesen <i class=\"klbth-icon-right-arrow\"><\/i><\/a><\/div>","protected":false},"featured_media":9033,"comment_status":"open","ping_status":"closed","template":"","meta":[],"pwb-brand":[3380],"product_cat":[4204,4206],"product_tag":[],"class_list":{"0":"post-9032","1":"product","2":"type-product","3":"status-publish","4":"has-post-thumbnail","6":"pwb-brand-wl4","7":"product_cat-kasten-kluizen","8":"product_cat-recorder-kasten","9":"product_shipping_class-pakket","10":"pa_materiaal-metaal","11":"pa_merk-wl4","12":"pa_omgeving-binnen","13":"pa_product-kluis","15":"first","16":"instock","17":"taxable","18":"shipping-taxable","19":"purchasable","20":"product-type-simple"},"brands":[{"id":3380,"name":"WL4","slug":"wl4"}],"_links":{"self":[{"href":"https:\/\/webstore4.com\/de\/wp-json\/wp\/v2\/product\/9032","targetHints":{"allow":["GET"]}}],"collection":[{"href":"https:\/\/webstore4.com\/de\/wp-json\/wp\/v2\/product"}],"about":[{"href":"https:\/\/webstore4.com\/de\/wp-json\/wp\/v2\/types\/product"}],"replies":[{"embeddable":true,"href":"https:\/\/webstore4.com\/de\/wp-json\/wp\/v2\/comments?post=9032"}],"wp:featuredmedia":[{"embeddable":true,"href":"https:\/\/webstore4.com\/de\/wp-json\/wp\/v2\/media\/9033"}],"wp:attachment":[{"href":"https:\/\/webstore4.com\/de\/wp-json\/wp\/v2\/media?parent=9032"}],"wp:term":[{"taxonomy":"pwb-brand","embeddable":true,"href":"https:\/\/webstore4.com\/de\/wp-json\/wp\/v2\/pwb-brand?post=9032"},{"taxonomy":"product_cat","embeddable":true,"href":"https:\/\/webstore4.com\/de\/wp-json\/wp\/v2\/product_cat?post=9032"},{"taxonomy":"product_tag","embeddable":true,"href":"https:\/\/webstore4.com\/de\/wp-json\/wp\/v2\/product_tag?post=9032"}],"curies":[{"name":"wp","href":"https:\/\/api.w.org\/{rel}","templated":true}]}}