{"id":9024,"date":"2020-01-22T03:14:21","date_gmt":"2020-01-22T01:14:21","guid":{"rendered":"https:\/\/webstore4.com\/\/?product=x-security-xs-v2202e-ip-ip-video-intercom-buiten-station-netwerkkabel-poe-en-2-wire-aansluiting"},"modified":"2024-06-21T11:33:11","modified_gmt":"2024-06-21T10:33:11","slug":"x-security-xs-v2202e-ip-ip-video-intercom-buiten-station-netwerkkabel-poe-en-2-wire-aansluiting","status":"publish","type":"product","link":"https:\/\/webstore4.com\/de\/product\/x-security-xs-v2202e-ip-ip-video-intercom-buiten-station-netwerkkabel-poe-en-2-wire-aansluiting\/","title":{"rendered":"X-Security XS-V2202E-IP IP-Video-Gegensprechanlage Au\u00dfenstation, Netzwerkkabel, PoE und 2-Draht-Verbindung"},"content":{"rendered":"<p>Die X-Security XS-V2202E-IP ist eine 2 Megapixel Full HD IP-Video-Gegensprechanlage Au\u00dfenstation mit Netzwerkkabelanschluss mit PoE-Unterst\u00fctzung und einem 2-Draht-Anschluss.<\/p>\n<p><strong>M\u00f6glichkeiten<\/strong><\/p>\n<p>Die Kamera hat einen sehr weiten Betrachtungswinkel von 160 Grad horizontal und verf\u00fcgt \u00fcber einen 2 Megapixel Full HD-Bildsensor. F\u00fcr gute Sichtbarkeit im Dunkeln ist die Au\u00dfenstation mit Infrarot-LED-Licht ausgestattet. Selbstverst\u00e4ndlich verf\u00fcgt das X-Security XS-V2202E-IP \u00fcber ein Mikrofon und einen Lautsprecher f\u00fcr einen klaren Videoanruf \u00fcber einen Innenmonitor oder \u00fcberall auf der Welt mit der App auf Ihrem Smartphone. Die Au\u00dfenstation kann an ein elektrisches T\u00fcrschloss angeschlossen werden, um T\u00fcren aus der Ferne zu entriegeln.<\/p>\n<p>Die Au\u00dfenstation funktioniert zusammen mit einem Intercom-Innenmonitor, kann aber zusammen mit der Smartphone-App auch eigenst\u00e4ndig arbeiten.<\/p>\n<p><strong>Montage<\/strong><\/p>\n<p>Der X-Security XS-V2202E-IP besteht aus robustem Aluminium und ist vandalensicher (IK07). Die Au\u00dfenstation kann mit dem Einbaugeh\u00e4use VTM114 eingebaut oder mit dem Aufputzgeh\u00e4use Dahua VTM115 aufputzmontiert werden. VTM114 und VTM115 sind nicht im Lieferumfang enthalten und k\u00f6nnen separat bestellt werden. Der X-Security XS-V2202E-IP wird mit einem Netzwerkkabel an das Netzwerk angeschlossen und kann mit 802.3af PoE betrieben werden. Die X-Sicherheit Kabel sind nicht im Lieferumfang enthalten.<\/p>\n<p><strong>Wichtigste Funktionen<\/strong><\/p>\n<ul>\n<li>2-Megapixel-Full-HD-CMOS-Kamera<\/li>\n<li>160 Grad horizontaler Betrachtungswinkel<\/li>\n<li>Infrarot-Nachtsicht<\/li>\n<li>Es besteht die M\u00f6glichkeit, vom Besucher eine Video- und Audionachricht zu hinterlassen<\/li>\n<li>Aluminium, spritzwassergesch\u00fctzt (IP55) und vandalensicher (IK07)<\/li>\n<li>P2P-Verbindung, daher ist keine Portweiterleitung erforderlich<\/li>\n<li>SIP-Protokoll<\/li>\n<li>Ferngesteuerte T\u00fcr\u00f6ffnung<\/li>\n<li>Alarmausgang<\/li>\n<li>Manipulationsschalter<\/li>\n<li>Eingang f\u00fcr Ausgangstaste und Eingang f\u00fcr den T\u00fcrstatus<\/li>\n<li>Eingebautes NO\/NC-T\u00fcrrelais<\/li>\n<li>RS485-Ausgang f\u00fcr Sicherheitsrelais Dahua DEE1010B (nicht im Lieferumfang enthalten)<\/li>\n<li>12VDC\/100mA Ausgang<\/li>\n<li>Stromversorgung und Signal \u00fcber 1 Netzwerkkabel (PoE) oder zweiadriges Kabel<\/li>\n<li>Aufputz oder Einbau<\/li>\n<\/ul>\n<p><a href=\"https:\/\/webstore4.com\/Copyright\/\" target=\"_blank\" rel=\"noopener\"><span style=\"color: #ff6e03; font-size: 11px;\">\u00a9 Der Text ist urheberrechtlich gesch\u00fctzt<\/span><\/a><\/p>","protected":false},"excerpt":{"rendered":"<p>De X-Security XS-V2202E-IP is een 2 megapixel Full HD IP video intercom buiten station met een netwerkkabel aansluiting met PoE ondersteuning en een 2-wire aansluiting. Mogelijkheden De camera heeft een zeer brede beeldhoek van 160 graden horizontaal en heeft een 2 megapixel Full HD beeldsensor. Het buiten station is voorzien van infrorood LED licht voor<\/p>\n<div class=\"klb-readmore button\"><a class=\"btn link\" href=\"https:\/\/webstore4.com\/de\/product\/x-security-xs-v2202e-ip-ip-video-intercom-buiten-station-netwerkkabel-poe-en-2-wire-aansluiting\/\">Mehr lesen <i class=\"klbth-icon-right-arrow\"><\/i><\/a><\/div>","protected":false},"featured_media":9025,"comment_status":"open","ping_status":"closed","template":"","meta":[],"pwb-brand":[3395],"product_cat":[4178,4181],"product_tag":[2932],"class_list":{"0":"post-9024","1":"product","2":"type-product","3":"status-publish","4":"has-post-thumbnail","6":"pwb-brand-x-security","7":"product_cat-intercom","8":"product_cat-x-security-ip-video","9":"product_tag-vto2202f-p","10":"product_shipping_class-pakket","11":"pa_aansluiting-2-draads","12":"pa_aansluiting-netwerk-kabel","13":"pa_audio-microfoon-speaker","14":"pa_beeldhoek-graden-horizontaal-3897","15":"pa_draadloos-nee","16":"pa_kaartlezer-nee","17":"pa_materiaal-aluminium","18":"pa_megapixel-2mp","19":"pa_merk-x-security","20":"pa_mobiele-app-fabrikant-ja","21":"pa_montage-inbouw","22":"pa_montage-opbouw","23":"pa_nachtzicht-ja","24":"pa_omgeving-binnen-en-buiten","25":"pa_poe-802-3af","26":"pa_poe-poe-switch","27":"pa_product-buitenpost","28":"pa_product-intercom","29":"pa_stand-alone-nee","30":"pa_vandaalbestendig-ik07","31":"pa_voeding-vtns1006a-2","32":"pa_voeding-poe","34":"first","35":"onbackorder","36":"taxable","37":"shipping-taxable","38":"purchasable","39":"product-type-simple"},"brands":[{"id":3395,"name":"X-Security","slug":"x-security"}],"_links":{"self":[{"href":"https:\/\/webstore4.com\/de\/wp-json\/wp\/v2\/product\/9024","targetHints":{"allow":["GET"]}}],"collection":[{"href":"https:\/\/webstore4.com\/de\/wp-json\/wp\/v2\/product"}],"about":[{"href":"https:\/\/webstore4.com\/de\/wp-json\/wp\/v2\/types\/product"}],"replies":[{"embeddable":true,"href":"https:\/\/webstore4.com\/de\/wp-json\/wp\/v2\/comments?post=9024"}],"wp:featuredmedia":[{"embeddable":true,"href":"https:\/\/webstore4.com\/de\/wp-json\/wp\/v2\/media\/9025"}],"wp:attachment":[{"href":"https:\/\/webstore4.com\/de\/wp-json\/wp\/v2\/media?parent=9024"}],"wp:term":[{"taxonomy":"pwb-brand","embeddable":true,"href":"https:\/\/webstore4.com\/de\/wp-json\/wp\/v2\/pwb-brand?post=9024"},{"taxonomy":"product_cat","embeddable":true,"href":"https:\/\/webstore4.com\/de\/wp-json\/wp\/v2\/product_cat?post=9024"},{"taxonomy":"product_tag","embeddable":true,"href":"https:\/\/webstore4.com\/de\/wp-json\/wp\/v2\/product_tag?post=9024"}],"curies":[{"name":"wp","href":"https:\/\/api.w.org\/{rel}","templated":true}]}}