{"id":9020,"date":"2020-01-22T03:00:01","date_gmt":"2020-01-22T01:00:01","guid":{"rendered":"https:\/\/webstore4.com\/\/?product=x-security-xs-v2421m-ip-poe-b-ip-video-intercom-binnen-monitor-netwerkkabel-aansluiting-met-poe"},"modified":"2024-06-21T11:26:28","modified_gmt":"2024-06-21T10:26:28","slug":"x-security-xs-v2421m-ip-poe-b-ip-video-intercom-binnen-monitor-netwerkkabel-aansluiting-met-poe","status":"publish","type":"product","link":"https:\/\/webstore4.com\/de\/product\/x-security-xs-v2421m-ip-poe-b-ip-video-intercom-binnen-monitor-netwerkkabel-aansluiting-met-poe\/","title":{"rendered":"X-Security XS-V2421M-IP-POE-B IP-Video-Gegensprechanlage f\u00fcr Innenmonitore, Netzwerkkabelverbindung mit PoE"},"content":{"rendered":"<p>Der X-Security XS-V2421M-IP-POE-B ist ein 7-Zoll-Innenmonitor mit einem Glas-Touchscreen-Farbbildschirm f\u00fcr den Einsatz im Der Monitor hat eine Aufl\u00f6sung von 1024\u00d7600 Pixeln.<\/p>\n<p><strong>M\u00f6glichkeiten<\/strong><\/p>\n<p>Met de X-Security XS-V2421M-IP-POE-B\u00a0binnen monitor is het mogelijk een audio en video gesprek te voeren met een persoon die bij een buiten station staat of tussen monitoren onderling. Het is mogelijk twee deuren vanaf de monitor te ontgrendelen. Op de monitor kunnen ook de beelden van Dahua of ONVIF geschikte IP camera&#8217;s worden bekeken.<\/p>\n<p>Mehrere Au\u00dfenstationen und Innenmonitore k\u00f6nnen kombiniert werden. Der Touchscreen des Monitors ist wie bei modernen Smartphones ein kapazitiver (Hartglas-)Bildschirm. Der Monitor verf\u00fcgt \u00fcber einen integrierten 8-GB-Speicher.<\/p>\n<p><strong>Montage<\/strong><\/p>\n<p>Der Innenmonitor ist ein Aufputzmodell und wird mit einem Netzwerkkabel angeschlossen und kann mit 802.3af PoE oder 12 VDC betrieben werden (Netzteil nicht im Lieferumfang enthalten). Eine Montagehalterung f\u00fcr den Innenmonitor ist im Lieferumfang enthalten. Die Netzwerkkabel sind nicht im Lieferumfang enthalten.<\/p>\n<p><strong>Wichtigste Funktionen<\/strong><\/p>\n<ul>\n<li>F\u00fchren von Video-\/Audiogespr\u00e4chen<\/li>\n<li>SIP-Firmware<\/li>\n<li>Gegenseitige Kommunikation zwischen Innenmonitoren<\/li>\n<li>Anzeige von Dahua- oder ONVIF-geeigneten IP-Kameras auf dem Monitor<\/li>\n<li>Ferngesteuerte T\u00fcr\u00f6ffnung<\/li>\n<li>Stromversorgung und Signal \u00fcber 1 Netzwerkkabel mit Standard-PoE<\/li>\n<\/ul>\n<p><a href=\"https:\/\/webstore4.com\/Copyright\/\" target=\"_blank\" rel=\"noopener\"><span style=\"color: #ff6e03; font-size: 11px;\">\u00a9 Der Text ist urheberrechtlich gesch\u00fctzt<\/span><\/a><\/p>","protected":false},"excerpt":{"rendered":"<p>De X-Security XS-V2421M-IP-POE-B is een 7 inch binnen monitor met een glazen touchscreen kleurenscherm voor gebruik in het X-Security of Dahua IP video intercom systeem. De monitor heeft een 1024&#215;600 pixel resolutie. Mogelijkheden Met de X-Security XS-V2421M-IP-POE-B\u00a0binnen monitor is het mogelijk een audio en video gesprek te voeren met een persoon die bij een buiten<\/p>\n<div class=\"klb-readmore button\"><a class=\"btn link\" href=\"https:\/\/webstore4.com\/de\/product\/x-security-xs-v2421m-ip-poe-b-ip-video-intercom-binnen-monitor-netwerkkabel-aansluiting-met-poe\/\">Mehr lesen <i class=\"klbth-icon-right-arrow\"><\/i><\/a><\/div>","protected":false},"featured_media":9021,"comment_status":"open","ping_status":"closed","template":"","meta":[],"pwb-brand":[3395],"product_cat":[4178,4181],"product_tag":[1453],"class_list":{"0":"post-9020","1":"product","2":"type-product","3":"status-publish","4":"has-post-thumbnail","6":"pwb-brand-x-security","7":"product_cat-intercom","8":"product_cat-x-security-ip-video","9":"product_tag-vth2421fb-p","10":"product_shipping_class-pakket","11":"pa_aansluiting-netwerk-kabel","12":"pa_afmeting-monitor-7-inch","13":"pa_audio-microfoon-speaker","14":"pa_draadloos-nee","15":"pa_ip-camera-kanalen-3617","16":"pa_kleur-zwart","17":"pa_merk-x-security","18":"pa_mobiele-app-fabrikant-ja","19":"pa_montage-opbouw","20":"pa_omgeving-binnen","21":"pa_opnemen-op-sd-kaart-ja","22":"pa_poe-802-3af","23":"pa_product-monitor","24":"pa_resolutie-monitor-1024-x-600","25":"pa_voeding-12vdc","26":"pa_voeding-poe","28":"first","29":"onbackorder","30":"taxable","31":"shipping-taxable","32":"purchasable","33":"product-type-simple"},"brands":[{"id":3395,"name":"X-Security","slug":"x-security"}],"_links":{"self":[{"href":"https:\/\/webstore4.com\/de\/wp-json\/wp\/v2\/product\/9020","targetHints":{"allow":["GET"]}}],"collection":[{"href":"https:\/\/webstore4.com\/de\/wp-json\/wp\/v2\/product"}],"about":[{"href":"https:\/\/webstore4.com\/de\/wp-json\/wp\/v2\/types\/product"}],"replies":[{"embeddable":true,"href":"https:\/\/webstore4.com\/de\/wp-json\/wp\/v2\/comments?post=9020"}],"wp:featuredmedia":[{"embeddable":true,"href":"https:\/\/webstore4.com\/de\/wp-json\/wp\/v2\/media\/9021"}],"wp:attachment":[{"href":"https:\/\/webstore4.com\/de\/wp-json\/wp\/v2\/media?parent=9020"}],"wp:term":[{"taxonomy":"pwb-brand","embeddable":true,"href":"https:\/\/webstore4.com\/de\/wp-json\/wp\/v2\/pwb-brand?post=9020"},{"taxonomy":"product_cat","embeddable":true,"href":"https:\/\/webstore4.com\/de\/wp-json\/wp\/v2\/product_cat?post=9020"},{"taxonomy":"product_tag","embeddable":true,"href":"https:\/\/webstore4.com\/de\/wp-json\/wp\/v2\/product_tag?post=9020"}],"curies":[{"name":"wp","href":"https:\/\/api.w.org\/{rel}","templated":true}]}}