{"id":8992,"date":"2020-01-18T02:21:23","date_gmt":"2020-01-18T00:21:23","guid":{"rendered":"https:\/\/webstore4.com\/\/?product=safire-utp5e-300-outdoor-bc-netwerkkabel-cat5e-utp-geschikt-voor-buiten-24awg-stugge-kern-op-rol-305m"},"modified":"2024-06-21T10:07:48","modified_gmt":"2024-06-21T09:07:48","slug":"safire-utp5e-300-outdoor-bc-netwerkkabel-cat5e","status":"publish","type":"product","link":"https:\/\/webstore4.com\/de\/product\/safire-utp5e-300-outdoor-bc-netwerkkabel-cat5e\/","title":{"rendered":"Safire UTP5E-300-OUTDOOR-BC Netzwerkkabel Cat5e UTP geeignet f\u00fcr den Au\u00dfenbereich, 24AWG starrer Kern auf Rolle 305 m"},"content":{"rendered":"<p>Das Safire UTP5E-300-OUTDOOR-BC ist ein Cat5e-Kabel auf einer Rolle von 305 Metern und ist mit steifen 100%-Kupferleitern ausgestattet und f\u00fcr den Au\u00dfenbereich geeignet. Das Kabel ist schwarz, hat eine L\u00e4nge von ca. 305 Metern und wird in einer praktischen Spenderbox geliefert.<\/p>\n<p><strong>Eigenschaften<\/strong><\/p>\n<p>Das Netzwerkkabel verf\u00fcgt \u00fcber hochwertige Kupferleiter f\u00fcr h\u00f6chste Qualit\u00e4t, Haltbarkeit und Zuverl\u00e4ssigkeit. Das Netzwerkkabel ist mit hochwertigem 24AWG-Kupferdraht ausgestattet und ist daher sehr gut geeignet, die erforderliche Leistung bei der Verwendung von Power over Ethernet zu liefern.<\/p>\n<p>Dieses StarTech-Netzwerkkabel ist nicht durch Folie abgeschirmt (UTP: Unshielded Twisted Pair). Abgeschirmte Kabel (z. B. FTP und STP) werden nur in Situationen empfohlen, in denen mit starken elektromagnetischen St\u00f6rungen, z. B. durch schwere Industrieelektromotoren, zu rechnen ist. Aufgrund stark verbesserter elektrischer Produkte ist die Verwendung teurerer abgeschirmter Kabel in fast jeder anderen Umgebung \u00fcberfl\u00fcssig und abgeschirmte Netzwerkkabel k\u00f6nnen sich sogar bei falsch aufgebauten Netzwerkinstallationen nachteilig auswirken.<\/p>\n<p><strong>Einige Spezifikationen <\/strong><\/p>\n<ul>\n<li>Entspricht unter anderem TIA-568-B<\/li>\n<li>5,5 mm Durchmesser<\/li>\n<li>Schwarzer Umhang<\/li>\n<li>Geeignet f\u00fcr den Au\u00dfenbereich<\/li>\n<\/ul>\n<p><a href=\"https:\/\/webstore4.com\/Copyright\/\" target=\"_blank\" rel=\"noopener\"><span style=\"color: #ff6e03; font-size: 11px;\">\u00a9 Der Text ist urheberrechtlich gesch\u00fctzt<\/span><\/a><\/p>","protected":false},"excerpt":{"rendered":"<p>De Safire UTP5E-300-OUTDOOR-BC is een Cat5e kabel op rol van 305 meter en is voorzien van stugge 100% koper geleiders en is geschikt voor buiten gebruik. De kabel is zwart van kleur en heeft een lengte van circa 305 meter en wordt geleverd in handige dispenser doos. Eigenschappen De netwerkkabel heeft geleiders van kwalitatief hoogwaardig<\/p>\n<div class=\"klb-readmore button\"><a class=\"btn link\" href=\"https:\/\/webstore4.com\/de\/product\/safire-utp5e-300-outdoor-bc-netwerkkabel-cat5e\/\">Mehr lesen <i class=\"klbth-icon-right-arrow\"><\/i><\/a><\/div>","protected":false},"featured_media":8993,"comment_status":"open","ping_status":"closed","template":"","meta":[],"pwb-brand":[3385],"product_cat":[3445],"product_tag":[],"class_list":{"0":"post-8992","1":"product","2":"type-product","3":"status-publish","4":"has-post-thumbnail","6":"pwb-brand-safire","7":"product_cat-netwerkkabels","8":"product_shipping_class-pakket","9":"pa_aantal-geleiders-4-paar-utp-8","10":"pa_draaddikte-24-awg","11":"pa_kabelkleur-zwart","12":"pa_kabellengte-305-meter","13":"pa_kabelspecificatie-cat5e","14":"pa_kabelstandaard-tia-568-b","15":"pa_merk-safire","16":"pa_product-netwerkkabel-op-rol","17":"pa_type-kabelmantel-pvc","19":"first","20":"onbackorder","21":"taxable","22":"shipping-taxable","23":"purchasable","24":"product-type-simple"},"brands":[{"id":3385,"name":"Safire","slug":"safire"}],"_links":{"self":[{"href":"https:\/\/webstore4.com\/de\/wp-json\/wp\/v2\/product\/8992","targetHints":{"allow":["GET"]}}],"collection":[{"href":"https:\/\/webstore4.com\/de\/wp-json\/wp\/v2\/product"}],"about":[{"href":"https:\/\/webstore4.com\/de\/wp-json\/wp\/v2\/types\/product"}],"replies":[{"embeddable":true,"href":"https:\/\/webstore4.com\/de\/wp-json\/wp\/v2\/comments?post=8992"}],"wp:featuredmedia":[{"embeddable":true,"href":"https:\/\/webstore4.com\/de\/wp-json\/wp\/v2\/media\/8993"}],"wp:attachment":[{"href":"https:\/\/webstore4.com\/de\/wp-json\/wp\/v2\/media?parent=8992"}],"wp:term":[{"taxonomy":"pwb-brand","embeddable":true,"href":"https:\/\/webstore4.com\/de\/wp-json\/wp\/v2\/pwb-brand?post=8992"},{"taxonomy":"product_cat","embeddable":true,"href":"https:\/\/webstore4.com\/de\/wp-json\/wp\/v2\/product_cat?post=8992"},{"taxonomy":"product_tag","embeddable":true,"href":"https:\/\/webstore4.com\/de\/wp-json\/wp\/v2\/product_tag?post=8992"}],"curies":[{"name":"wp","href":"https:\/\/api.w.org\/{rel}","templated":true}]}}