{"id":8978,"date":"2020-01-13T03:41:50","date_gmt":"2020-01-13T01:41:50","guid":{"rendered":"https:\/\/webstore4.com\/\/?product=uniarch-nvr-108lb-p8-netwerk-video-recorder-maximaal-2mp-8-kanaals-met-poe"},"modified":"2024-04-19T15:09:07","modified_gmt":"2024-04-19T14:09:07","slug":"uniarch-nvr-106s3-6-kanaals-netwerk-video-recorder","status":"publish","type":"product","link":"https:\/\/webstore4.com\/de\/product\/uniarch-nvr-106s3-6-kanaals-netwerk-video-recorder\/","title":{"rendered":"Uniarch NVR-106S3 6-kanaals Netwerk Video Recorder tot 6 megapixel zonder PoE, 1x HDD, Full HD HDMI en VGA uitgang"},"content":{"rendered":"<div class=\"video-frame-box\" style=\"width: 100%; max-width: 480px; max-height: 270px; float: right; padding: 0px 10px 10px 10px;\">\n<div class=\"video-frame\"><iframe src=\"\/\/www.youtube.com\/embed\/oR_O0mi4pC4?rel=0&amp;modestbranding=1&amp;showinfo=0&amp;autohide=1\" width=\"480\" height=\"270\" frameborder=\"0\"><\/iframe><\/div>\n<\/div>\n<p>De Uniarch NVR-106S3 is een Netwerk Video Recorder met een opname resolutie tot maximaal 6 megapixel en ondersteunt tot 6 IP camera&#8217;s. De recorder heeft <strong>NEIN<\/strong> PoE uitgangen en de camera&#8217;s dienen dus via het netwerk met de NVR verbonden te worden. Uniarch is een productlijn van Uniview met voordelige videobewaking en met focus op betrouwbare kwaliteit, eenvoudige installatie en hoog gebruiksgemak.<\/p>\n<p><strong>M\u00f6glichkeiten<\/strong><\/p>\n<p>Der Uniarch NVR-106S3 verf\u00fcgt \u00fcber einen Full HD 1080p HDMI-Ausgang zum Anschluss an einen HDMI-Fernseher oder \u00dcberwachungsmonitor. Der NVR verf\u00fcgt au\u00dferdem \u00fcber einen VGA-Ausgang zur gleichzeitigen Wiedergabe. Der NVR bietet Platz f\u00fcr 1 3,5-Zoll-Festplatte mit einer maximalen Gr\u00f6\u00dfe von 6 TB. Die Festplatte ist nicht im Lieferumfang enthalten und kann einfach selbst montiert werden. Passende Festplatten speziell f\u00fcr die 24\/7-Aufzeichnung von \u00dcberwachungsbildern finden Sie unter dem Reiter \u201eOptionen\u201c.<\/p>\n<p>Eine kostenlose mobile App ist f\u00fcr Apple iOS und Android verf\u00fcgbar. Es kann die niederl\u00e4ndische Uniview-App oder die spezifische Uniarch-App (Englisch) verwendet werden. Der NVR verf\u00fcgt \u00fcber einen internen Webserver, der \u00fcber einen Webbrowser angezeigt und verwaltet werden kann. Video Management Software (VMS) f\u00fcr einen Computer kann kostenlos von der Uniview-Website heruntergeladen werden. Unter dem Reiter \u201eDokumentation\u201c gibt es einen Link zum Datenblatt des Herstellers mit allen Produktinformationen. Dar\u00fcber hinaus ist unter diesem Reiter ein Link zur Website des Herstellers zu finden.<\/p>\n<p><strong>Wichtigste Funktionen<\/strong><\/p>\n<ul>\n<li>6 Kan\u00e4le mit 6 Megapixel Aufnahmeaufl\u00f6sung<\/li>\n<li>Bis zu 6 Terabyte Festplatte<\/li>\n<li>Einfache Installation<\/li>\n<li>Kostenlose App und Software<\/li>\n<li>Bewegungserkennung<\/li>\n<li>HDMI- und VGA-Ausgang<\/li>\n<li>2xUSB 2.0<\/li>\n<li>Ultra H.265-Komprimierung f\u00fcr effiziente Netzwerk- und Speichernutzung<\/li>\n<li>ONVIF-kompatibles Profil S, Profil G, Profil T (unterst\u00fctzt andere Marken)<\/li>\n<li>Geen PoE uitgangen<\/li>\n<\/ul>\n<p><a href=\"https:\/\/webstore4.com\/Copyright\/\" target=\"_blank\" rel=\"noopener\"><span style=\"color: #ff6e03; font-size: 11px;\">\u00a9 Der Text ist urheberrechtlich gesch\u00fctzt<\/span><\/a><\/p>","protected":false},"excerpt":{"rendered":"<p>De Uniarch NVR-106S3 is een Netwerk Video Recorder met een opname resolutie tot maximaal 6 megapixel en ondersteunt tot 6 IP camera&#8217;s. De recorder heeft geen PoE uitgangen en de camera&#8217;s dienen dus via het netwerk met de NVR verbonden te worden. Uniarch is een productlijn van Uniview met voordelige videobewaking en met focus op<\/p>\n<div class=\"klb-readmore button\"><a class=\"btn link\" href=\"https:\/\/webstore4.com\/de\/product\/uniarch-nvr-106s3-6-kanaals-netwerk-video-recorder\/\">Mehr lesen <i class=\"klbth-icon-right-arrow\"><\/i><\/a><\/div>","protected":false},"featured_media":14559,"comment_status":"open","ping_status":"closed","template":"","meta":[],"pwb-brand":[3415],"product_cat":[3441,4210,4198,4238],"product_tag":[],"class_list":{"0":"post-8978","1":"product","2":"type-product","3":"status-publish","4":"has-post-thumbnail","6":"pwb-brand-uniview-uniarch","7":"product_cat-benodigdheden","8":"product_cat-recorders-opslagmedia-benodigdheden","9":"product_cat-series","10":"product_cat-uniarch-by-uniview-series","11":"product_shipping_class-pakket","12":"pa_aantal-poe-poorten-4451","13":"pa_bandbreedte-mbps-4680","14":"pa_maximaal-ip-camera-kanalen-4681","15":"pa_maximum-aantal-harddisks-3722","16":"pa_merk-uniview-uniarch","17":"pa_mobiele-app-fabrikant-ja","18":"pa_poe-802-3af-at","19":"pa_product-nvr","20":"pa_voeding-inclusief-adapter","22":"first","23":"onbackorder","24":"taxable","25":"shipping-taxable","26":"purchasable","27":"product-type-simple"},"brands":[{"id":3415,"name":"Uniview Uniarch","slug":"uniview-uniarch"}],"_links":{"self":[{"href":"https:\/\/webstore4.com\/de\/wp-json\/wp\/v2\/product\/8978","targetHints":{"allow":["GET"]}}],"collection":[{"href":"https:\/\/webstore4.com\/de\/wp-json\/wp\/v2\/product"}],"about":[{"href":"https:\/\/webstore4.com\/de\/wp-json\/wp\/v2\/types\/product"}],"replies":[{"embeddable":true,"href":"https:\/\/webstore4.com\/de\/wp-json\/wp\/v2\/comments?post=8978"}],"wp:featuredmedia":[{"embeddable":true,"href":"https:\/\/webstore4.com\/de\/wp-json\/wp\/v2\/media\/14559"}],"wp:attachment":[{"href":"https:\/\/webstore4.com\/de\/wp-json\/wp\/v2\/media?parent=8978"}],"wp:term":[{"taxonomy":"pwb-brand","embeddable":true,"href":"https:\/\/webstore4.com\/de\/wp-json\/wp\/v2\/pwb-brand?post=8978"},{"taxonomy":"product_cat","embeddable":true,"href":"https:\/\/webstore4.com\/de\/wp-json\/wp\/v2\/product_cat?post=8978"},{"taxonomy":"product_tag","embeddable":true,"href":"https:\/\/webstore4.com\/de\/wp-json\/wp\/v2\/product_tag?post=8978"}],"curies":[{"name":"wp","href":"https:\/\/api.w.org\/{rel}","templated":true}]}}