{"id":8878,"date":"2019-11-27T23:55:16","date_gmt":"2019-11-27T21:55:16","guid":{"rendered":"https:\/\/webstore4.com\/\/?product=dahua-vtm117-ip-video-intercom-opbouw-behuizing-voor-buiten-station-vtox221e-p"},"modified":"2024-04-19T15:08:42","modified_gmt":"2024-04-19T14:08:42","slug":"dahua-vtm117-ip-video-intercom-opbouw-behuizing","status":"publish","type":"product","link":"https:\/\/webstore4.com\/de\/product\/dahua-vtm117-ip-video-intercom-opbouw-behuizing\/","title":{"rendered":"Dahua VTM117 IP-Video-Gegensprechanlage Aufputzgeh\u00e4use f\u00fcr Au\u00dfenstation VTOx221E(-P)"},"content":{"rendered":"<p>De Dahua VTM117 is een IP video intercom opbouw behuizing voor buiten stations VTOx221E(-P). De geschikte VTO is opgenomen onder &#8216;Opties&#8217;.<\/p>\n<p>Onder het tabblad &#8216;Documentatie&#8217; is de datasheet opgenomen van Dahua.<\/p>\n<p><strong>Wichtigste Funktionen<\/strong><\/p>\n<ul>\n<li>Geschikt voor VTOx221E(-P)<\/li>\n<li>Binnen afmeting: 92\u00a0 x 194\u00a0 x 26 MM<\/li>\n<li>Buitenafmeting: 138\u00a0 x 240\u00a0 x 35 MM<\/li>\n<li>Aluminium<\/li>\n<\/ul>\n<p><a href=\"https:\/\/webstore4.com\/Copyright\/\" target=\"_blank\" rel=\"noopener\"><span style=\"color: #ff6e03; font-size: 11px;\">\u00a9 Der Text ist urheberrechtlich gesch\u00fctzt<\/span><\/a><\/p>","protected":false},"excerpt":{"rendered":"<p>De Dahua VTM117 is een IP video intercom opbouw behuizing voor buiten stations VTOx221E(-P). De geschikte VTO is opgenomen onder &#8216;Opties&#8217;. Onder het tabblad &#8216;Documentatie&#8217; is de datasheet opgenomen van Dahua. Belangrijkste kenmerken Geschikt voor VTOx221E(-P) Binnen afmeting: 92\u00a0 x 194\u00a0 x 26 MM Buitenafmeting: 138\u00a0 x 240\u00a0 x 35 MM Aluminium \u00a9 Tekst is<\/p>\n<div class=\"klb-readmore button\"><a class=\"btn link\" href=\"https:\/\/webstore4.com\/de\/product\/dahua-vtm117-ip-video-intercom-opbouw-behuizing\/\">Mehr lesen <i class=\"klbth-icon-right-arrow\"><\/i><\/a><\/div>","protected":false},"featured_media":8879,"comment_status":"open","ping_status":"closed","template":"","meta":[],"pwb-brand":[3376],"product_cat":[4178,4179],"product_tag":[],"class_list":{"0":"post-8878","1":"product","2":"type-product","3":"status-publish","4":"has-post-thumbnail","6":"pwb-brand-dahua","7":"product_cat-intercom","8":"product_cat-dahua-ip-video","9":"product_shipping_class-pakket","10":"pa_behuizing-2-modules","11":"pa_kleur-grijs","12":"pa_materiaal-metaal","13":"pa_merk-dahua","14":"pa_montage-opbouw","15":"pa_omgeving-binnen-en-buiten","16":"pa_product-modulair","17":"pa_product-status-k","19":"first","20":"onbackorder","21":"taxable","22":"shipping-taxable","23":"purchasable","24":"product-type-simple"},"brands":[{"id":3376,"name":"Dahua","slug":"dahua"}],"_links":{"self":[{"href":"https:\/\/webstore4.com\/de\/wp-json\/wp\/v2\/product\/8878","targetHints":{"allow":["GET"]}}],"collection":[{"href":"https:\/\/webstore4.com\/de\/wp-json\/wp\/v2\/product"}],"about":[{"href":"https:\/\/webstore4.com\/de\/wp-json\/wp\/v2\/types\/product"}],"replies":[{"embeddable":true,"href":"https:\/\/webstore4.com\/de\/wp-json\/wp\/v2\/comments?post=8878"}],"wp:featuredmedia":[{"embeddable":true,"href":"https:\/\/webstore4.com\/de\/wp-json\/wp\/v2\/media\/8879"}],"wp:attachment":[{"href":"https:\/\/webstore4.com\/de\/wp-json\/wp\/v2\/media?parent=8878"}],"wp:term":[{"taxonomy":"pwb-brand","embeddable":true,"href":"https:\/\/webstore4.com\/de\/wp-json\/wp\/v2\/pwb-brand?post=8878"},{"taxonomy":"product_cat","embeddable":true,"href":"https:\/\/webstore4.com\/de\/wp-json\/wp\/v2\/product_cat?post=8878"},{"taxonomy":"product_tag","embeddable":true,"href":"https:\/\/webstore4.com\/de\/wp-json\/wp\/v2\/product_tag?post=8878"}],"curies":[{"name":"wp","href":"https:\/\/api.w.org\/{rel}","templated":true}]}}