{"id":8874,"date":"2019-11-24T13:18:31","date_gmt":"2019-11-24T11:18:31","guid":{"rendered":"https:\/\/webstore4.com\/\/?product=nivian-nvs-rgbwbulb-45gu10-w-smart-wifi-rgb-led-lamp-gu10-met-app"},"modified":"2024-04-19T15:08:41","modified_gmt":"2024-04-19T14:08:41","slug":"nivian-nvs-rgbwbulb-45gu10-w-smart-wifi-rgb-led-lamp-gu10-met-app","status":"publish","type":"product","link":"https:\/\/webstore4.com\/de\/product\/nivian-nvs-rgbwbulb-45gu10-w-smart-wifi-rgb-led-lamp-gu10-met-app\/","title":{"rendered":"Nivian NVS-RGBWBULB-45GU10-W Smart WiFi RGB LED Lampe GU10 mit App"},"content":{"rendered":"<p>Die Nivian NVS-RGBWBULB-45GU10-W ist eine intelligente WiFi-RGB-Farb-LED-Lampe GU10, die mit der kostenlosen Tuya Smart-App f\u00fcr iOS und Android funktioniert. Die Lampe hat eine maximale St\u00e4rke von 4,5 Watt, erzeugt 380 Lumen und ist dimmbar. Die Lampe ist mit dem WiFi-Netzwerk verbunden und es ist kein zentraler Controller, Hub, Fernbedienung oder Abonnement erforderlich. Die Lampe kann mit IFTTT, Alexa und Google Assistant arbeiten.<\/p>\n<p><strong>M\u00f6glichkeiten<\/strong><\/p>\n<p>Die Lampe wird \u00fcber die kostenlose Tuya Smart App gesteuert. Dies kann von \u00fcberall aus erfolgen, wo ein Smartphone oder Tablet \u00fcber eine Internetverbindung verf\u00fcgt: von zu Hause aus oder vom anderen Ende der Welt. Auch andere Ger\u00e4te k\u00f6nnen in der (niederl\u00e4ndischen) App verwaltet werden und es ist m\u00f6glich, R\u00e4ume einzurichten und (Familien-)Mitglieder hinzuzuf\u00fcgen. Es kann ein Zeitplan eingestellt, Szenen erstellt und eine Verbindung mit IFTTT, Alexa und Google Assistant hergestellt werden.<\/p>\n<p>Die Lampe kann als wei\u00dfe, dimmbare LED-Lampe mit einer warmen 2700-Lichtfarbe oder als RGB-Lampe mit vollst\u00e4ndig anpassbaren Farben verwendet werden. Die Lampe ist auch im RGB-Modus dimmbar.<\/p>\n<p><strong>Installation<\/strong><\/p>\n<p>Die Lampe verf\u00fcgt \u00fcber eine Standard-GU10-Fassung und kann \u00fcber die Tuya Smart-App (auch auf Niederl\u00e4ndisch) mit dem lokalen WLAN-Netzwerk verbunden werden.<\/p>\n<p><strong>Hauptmerkmale<\/strong><\/p>\n<ul>\n<li>4,5 Watt, 380 Lumen und 2700K dimmbare LED-Lampe<\/li>\n<li>Wei\u00dfes dimmbares Licht (2700 Kelvin warme Lichtfarbe) oder RGB-Farben, die einstellbar und dimmbar sind<\/li>\n<li>Zeitplanfunktion<\/li>\n<li>Unterst\u00fctzt IFTTT, Alexa und Google Assistant<\/li>\n<li>Automatische Firmware-Updates<\/li>\n<li>100 \u2013 240VAC Stromversorgung<\/li>\n<li>GU10-Fassung<\/li>\n<li>WLAN 2,4 GHz IEEE802.11 b\/g\/n<\/li>\n<li>Kostenlose App (auch auf Niederl\u00e4ndisch)<\/li>\n<\/ul>\n<p>&nbsp;<\/p>\n<p><a href=\"https:\/\/www.webstore4ipcameras.nl\/Copyright\" target=\"_blank\" rel=\"noopener\"><span style=\"color: #ff6e03; font-size: 11px;\">\u00a9 Der Text ist urheberrechtlich gesch\u00fctzt<\/span><\/a><\/p>","protected":false},"excerpt":{"rendered":"<p>De Nivian NVS-RGBWBULB-45GU10-W is een slimme WiFi RGB kleuren LED lamp GU10 die werkt met de gratis Tuya Smart app voor iOS en Android. De lamp heeft een maximale sterkte van 4,5 Watt, geeft 380 lumen en is dimbaar. De lamp wordt verbonden met het WiFi netwerk en er is geen centrale controller, hub, afstandsbediening<\/p>\n<div class=\"klb-readmore button\"><a class=\"btn link\" href=\"https:\/\/webstore4.com\/de\/product\/nivian-nvs-rgbwbulb-45gu10-w-smart-wifi-rgb-led-lamp-gu10-met-app\/\">Mehr lesen <i class=\"klbth-icon-right-arrow\"><\/i><\/a><\/div>","protected":false},"featured_media":8875,"comment_status":"closed","ping_status":"closed","template":"","meta":[],"pwb-brand":[3410],"product_cat":[3441,3448,4178,4241],"product_tag":[],"class_list":{"0":"post-8874","1":"product","2":"type-product","3":"status-publish","4":"has-post-thumbnail","6":"pwb-brand-nivian","7":"product_cat-benodigdheden","8":"product_cat-verlichting","9":"product_cat-intercom","10":"product_cat-nivian-smart","11":"pa_draadloos-protocol-wi-fi-802-11bgn","12":"pa_materiaal-kunststof","13":"pa_merk-nivian","14":"pa_mobiele-app-fabrikant-ja","15":"pa_voeding-230vac","17":"first","18":"instock","19":"taxable","20":"shipping-taxable","21":"purchasable","22":"product-type-simple"},"brands":[{"id":3410,"name":"Nivian","slug":"nivian"}],"_links":{"self":[{"href":"https:\/\/webstore4.com\/de\/wp-json\/wp\/v2\/product\/8874","targetHints":{"allow":["GET"]}}],"collection":[{"href":"https:\/\/webstore4.com\/de\/wp-json\/wp\/v2\/product"}],"about":[{"href":"https:\/\/webstore4.com\/de\/wp-json\/wp\/v2\/types\/product"}],"replies":[{"embeddable":true,"href":"https:\/\/webstore4.com\/de\/wp-json\/wp\/v2\/comments?post=8874"}],"wp:featuredmedia":[{"embeddable":true,"href":"https:\/\/webstore4.com\/de\/wp-json\/wp\/v2\/media\/8875"}],"wp:attachment":[{"href":"https:\/\/webstore4.com\/de\/wp-json\/wp\/v2\/media?parent=8874"}],"wp:term":[{"taxonomy":"pwb-brand","embeddable":true,"href":"https:\/\/webstore4.com\/de\/wp-json\/wp\/v2\/pwb-brand?post=8874"},{"taxonomy":"product_cat","embeddable":true,"href":"https:\/\/webstore4.com\/de\/wp-json\/wp\/v2\/product_cat?post=8874"},{"taxonomy":"product_tag","embeddable":true,"href":"https:\/\/webstore4.com\/de\/wp-json\/wp\/v2\/product_tag?post=8874"}],"curies":[{"name":"wp","href":"https:\/\/api.w.org\/{rel}","templated":true}]}}