{"id":8850,"date":"2019-11-10T20:06:32","date_gmt":"2019-11-10T18:06:32","guid":{"rendered":"https:\/\/webstore4.com\/\/?product=dahua-asc1204c-s-vier-deur-eenweg-access-controller-in-kast-met-ups-functie"},"modified":"2024-11-26T19:01:07","modified_gmt":"2024-11-26T18:01:07","slug":"dahua-asc1204c-s-vier-deur-eenweg-access-controller-in-kast-met-ups-functie","status":"publish","type":"product","link":"https:\/\/webstore4.com\/de\/product\/dahua-asc1204c-s-vier-deur-eenweg-access-controller-in-kast-met-ups-functie\/","title":{"rendered":"Dahua ASC1204C-S viert\u00fcriger Einwegzugangscontroller im Schrank mit USV-Funktion"},"content":{"rendered":"<p>Der viert\u00fcrige Einwegzugangscontroller Dahua ASC1204C-S mit USV-Option in einem abschlie\u00dfbaren Schrank.<\/p>\n<p><strong>M\u00f6glichkeiten<\/strong><\/p>\n<p>Der Dahua ASC1204C-S kommuniziert sowohl \u00fcber RS485 als auch \u00fcber das Wiegand-Protokoll. Eine Verbindung zu einem PC erfolgt \u00fcber TCP\/IP und kann \u00fcber die kostenlose Dahua-Software SmartPSS auf einem Windows-PC verwaltet werden.<\/p>\n<p>De Dahua ASC1204C-S moet worden gevoed met AC85-AC264. Onder het tabblad &#8220;Documentatie&#8221; staat een link naar de website van de fabrikant met onder meer de datasheet en handleiding (tabblad &#8220;Download&#8221;).<\/p>\n<p><strong>Wichtigste Funktionen<\/strong><\/p>\n<ul>\n<li>Unterst\u00fctzt 100.000 Benutzer und 150.000 Datens\u00e4tze<\/li>\n<li>Unterst\u00fctzt die Verwendung von Karten-\/Tag-Leseger\u00e4ten, Fingerabdruck-Leseger\u00e4ten und\/oder PIN-Code-Leseger\u00e4ten<\/li>\n<li>TCP\/IP-Verbindung zum PC<\/li>\n<li>Wiegand- oder RS-485-Schnittstelle<\/li>\n<li>T\u00fcr-Timeout-Alarm, Einbruchalarm, Bedrohungsalarm und Sabotagealarm<\/li>\n<li>Anti-Pass-Back, Multi-Card-Open<\/li>\n<li>Watch-Dog-Funktion<\/li>\n<\/ul>\n<p><a href=\"https:\/\/webstore4.com\/Copyright\/\" target=\"_blank\" rel=\"noopener\"><span style=\"color: #ff6e03; font-size: 11px;\">\u00a9 Der Text ist urheberrechtlich gesch\u00fctzt<\/span><\/a><\/p>","protected":false},"excerpt":{"rendered":"<p>De Dahua ASC1204C-S vier deur eenweg access controller met UPS mogelijkheid in een afsluitbare kast. Mogelijkheden De Dahua ASC1204C-S beschikt over communicatie over zowel RS485 als het Wiegand protocol. Een verbinding naar een PC verloopt via TCP\/IP en kan worden beheerd via de gratis SmartPSS Dahua software op een Windows PC. De Dahua ASC1204C-S moet<\/p>\n<div class=\"klb-readmore button\"><a class=\"btn link\" href=\"https:\/\/webstore4.com\/de\/product\/dahua-asc1204c-s-vier-deur-eenweg-access-controller-in-kast-met-ups-functie\/\">Mehr lesen <i class=\"klbth-icon-right-arrow\"><\/i><\/a><\/div>","protected":false},"featured_media":8851,"comment_status":"open","ping_status":"closed","template":"","meta":[],"pwb-brand":[3376],"product_cat":[4191,4193],"product_tag":[],"class_list":{"0":"post-8850","1":"product","2":"type-product","3":"status-publish","4":"has-post-thumbnail","6":"pwb-brand-dahua","7":"product_cat-access","8":"product_cat-toegangscontrole-access","9":"product_shipping_class-pakket","10":"pa_aanbieding-opop","11":"pa_garantie-3-jaar","12":"pa_max-aantal-gebruikers-3793","13":"pa_merk-dahua","14":"pa_omgeving-binnen","15":"pa_product-access-controller","16":"pa_voeding-230vac","18":"first","19":"instock","20":"sale","21":"sold-individually","22":"taxable","23":"shipping-taxable","24":"purchasable","25":"product-type-simple"},"brands":[{"id":3376,"name":"Dahua","slug":"dahua"}],"_links":{"self":[{"href":"https:\/\/webstore4.com\/de\/wp-json\/wp\/v2\/product\/8850","targetHints":{"allow":["GET"]}}],"collection":[{"href":"https:\/\/webstore4.com\/de\/wp-json\/wp\/v2\/product"}],"about":[{"href":"https:\/\/webstore4.com\/de\/wp-json\/wp\/v2\/types\/product"}],"replies":[{"embeddable":true,"href":"https:\/\/webstore4.com\/de\/wp-json\/wp\/v2\/comments?post=8850"}],"wp:featuredmedia":[{"embeddable":true,"href":"https:\/\/webstore4.com\/de\/wp-json\/wp\/v2\/media\/8851"}],"wp:attachment":[{"href":"https:\/\/webstore4.com\/de\/wp-json\/wp\/v2\/media?parent=8850"}],"wp:term":[{"taxonomy":"pwb-brand","embeddable":true,"href":"https:\/\/webstore4.com\/de\/wp-json\/wp\/v2\/pwb-brand?post=8850"},{"taxonomy":"product_cat","embeddable":true,"href":"https:\/\/webstore4.com\/de\/wp-json\/wp\/v2\/product_cat?post=8850"},{"taxonomy":"product_tag","embeddable":true,"href":"https:\/\/webstore4.com\/de\/wp-json\/wp\/v2\/product_tag?post=8850"}],"curies":[{"name":"wp","href":"https:\/\/api.w.org\/{rel}","templated":true}]}}