{"id":8829,"date":"2019-11-02T00:02:45","date_gmt":"2019-11-01T22:02:45","guid":{"rendered":"https:\/\/webstore4.com\/\/?product=wl4-mifare10-s-mifare-sticker-proximity-tag-voor-toegangscontrole"},"modified":"2026-03-02T11:39:55","modified_gmt":"2026-03-02T10:39:55","slug":"wl4-mifare10-s-mifare-sticker-proximity-tag","status":"publish","type":"product","link":"https:\/\/webstore4.com\/de\/product\/wl4-mifare10-s-mifare-sticker-proximity-tag\/","title":{"rendered":"WL4 MIFARE10-S Mifare-Aufkleber-Proximity-Tag f\u00fcr die Zugangskontrolle (10 St\u00fcck)"},"content":{"rendered":"<p>Der Mifare-Aufkleber WL4 MIFARE10-S ist ein Proximity-Tag f\u00fcr die Zugangskontrolle. Die Tags sind sehr d\u00fcnn und flexibel und k\u00f6nnen beispielsweise in eine Brieftasche oder eine Smartphone-H\u00fclle geklebt werden.<\/p>\n<p>Der WL4 MIFARE10-S eignet sich zur Zugangskontrolle beispielsweise einer IP-Video-Gegensprechanlage von Dahua oder Hikvision mit einem Mifare-Leseger\u00e4t.<\/p>\n<p><strong>Wichtigste Funktionen<\/strong><\/p>\n<ul>\n<li>Set mit 10 St\u00fcck<\/li>\n<li>MIFARE S50 13,56 MHz<\/li>\n<li>ISO\/IEC 14443A<\/li>\n<li>Durchmesser 25 mm und Dicke 0,4 mm<\/li>\n<\/ul>\n<p><a href=\"https:\/\/www.webstore4ipcameras.nl\/Copyright\" target=\"_blank\" rel=\"noopener\"><span style=\"color: #ff6e03; font-size: 11px;\">\u00a9 Der Text ist urheberrechtlich gesch\u00fctzt<\/span><\/a><\/p>","protected":false},"excerpt":{"rendered":"<p>De WL4 MIFARE10-S Mifare sticker is een proximity tag voor toegangscontrole. De tags zijn zeer dun en flexibel en kunnen worden geplakt in bijvoorbeeld een portemonnee of in een smartphone hoesje. De WL4 MIFARE10-S is geschikt voor toegangscontrole van bijvoorbeeld een Dahua of Hikvision IP video intercom met een Mifare lezer. Belangrijkste kenmerken Set van<\/p>\n<div class=\"klb-readmore button\"><a class=\"btn link\" href=\"https:\/\/webstore4.com\/de\/product\/wl4-mifare10-s-mifare-sticker-proximity-tag\/\">Mehr lesen <i class=\"klbth-icon-right-arrow\"><\/i><\/a><\/div>","protected":false},"featured_media":8830,"comment_status":"open","ping_status":"closed","template":"","meta":[],"pwb-brand":[3380],"product_cat":[4191,4196],"product_tag":[],"class_list":{"0":"post-8829","1":"product","2":"type-product","3":"status-publish","4":"has-post-thumbnail","6":"pwb-brand-wl4","7":"product_cat-access","8":"product_cat-tags","9":"product_shipping_class-brievenbuspakket","10":"pa_frequentie-tags-en-readers-mifare-13-56-mhz","11":"pa_kleur-wit","12":"pa_materiaal-kunststof","13":"pa_merk-wl4","14":"pa_product-tag-sticker","16":"first","17":"onbackorder","18":"taxable","19":"shipping-taxable","20":"purchasable","21":"product-type-simple"},"brands":[{"id":3380,"name":"WL4","slug":"wl4"}],"_links":{"self":[{"href":"https:\/\/webstore4.com\/de\/wp-json\/wp\/v2\/product\/8829","targetHints":{"allow":["GET"]}}],"collection":[{"href":"https:\/\/webstore4.com\/de\/wp-json\/wp\/v2\/product"}],"about":[{"href":"https:\/\/webstore4.com\/de\/wp-json\/wp\/v2\/types\/product"}],"replies":[{"embeddable":true,"href":"https:\/\/webstore4.com\/de\/wp-json\/wp\/v2\/comments?post=8829"}],"wp:featuredmedia":[{"embeddable":true,"href":"https:\/\/webstore4.com\/de\/wp-json\/wp\/v2\/media\/8830"}],"wp:attachment":[{"href":"https:\/\/webstore4.com\/de\/wp-json\/wp\/v2\/media?parent=8829"}],"wp:term":[{"taxonomy":"pwb-brand","embeddable":true,"href":"https:\/\/webstore4.com\/de\/wp-json\/wp\/v2\/pwb-brand?post=8829"},{"taxonomy":"product_cat","embeddable":true,"href":"https:\/\/webstore4.com\/de\/wp-json\/wp\/v2\/product_cat?post=8829"},{"taxonomy":"product_tag","embeddable":true,"href":"https:\/\/webstore4.com\/de\/wp-json\/wp\/v2\/product_tag?post=8829"}],"curies":[{"name":"wp","href":"https:\/\/api.w.org\/{rel}","templated":true}]}}