{"id":8823,"date":"2019-10-20T20:04:18","date_gmt":"2019-10-20T18:04:18","guid":{"rendered":"https:\/\/webstore4.com\/\/?product=hikvision-ds-kd-bk-ip-video-intercom-buiten-station-blindplaat-module"},"modified":"2024-04-19T15:08:28","modified_gmt":"2024-04-19T14:08:28","slug":"hikvision-ds-kd-bk-ip-video-intercom-buiten-station-blindplaat-module","status":"publish","type":"product","link":"https:\/\/webstore4.com\/de\/product\/hikvision-ds-kd-bk-ip-video-intercom-buiten-station-blindplaat-module\/","title":{"rendered":"Hikvision DS-KD-BK Abdeckplattenmodul f\u00fcr IP-Video-Gegensprechanlagen f\u00fcr Au\u00dfenstationen"},"content":{"rendered":"<div class=\"video-frame-box\" style=\"width: 100%; max-width: 480px; max-height: 270px; float: right; padding: 0px 10px 10px 10px;\">\n<div class=\"video-frame\"><iframe src=\"\/\/www.youtube.com\/embed\/TW-K5pFtcVg?rel=0&amp;modestbranding=1&amp;showinfo=0&amp;autohide=1\" width=\"480\" height=\"270\" frameborder=\"0\"><\/iframe><\/div>\n<\/div>\n<p>Das Hikvision DS-KD-BK ist ein Abdeckplattenmodul f\u00fcr IP-Video-Gegensprechanlagen f\u00fcr Au\u00dfenstationen zur Verwendung im IP-Gegensprechsystem der zweiten Generation von Hikvision. Die Module m\u00fcssen eingebaut oder mit den separat erh\u00e4ltlichen Geh\u00e4usen montiert werden.<\/p>\n<p>Onder het tabblad &#8216;Documentatie&#8217; zijn de datasheet en product pagina van de fabrikant terug te vinden.<\/p>\n<p><strong>Wichtigste Funktionen<\/strong><\/p>\n<ul>\n<li>Blindplaat module<\/li>\n<li>Veelal gecombineerd met de DS-KD8003<\/li>\n<\/ul>\n<p><a href=\"https:\/\/webstore4.com\/Copyright\/\" target=\"_blank\" rel=\"noopener\"><span style=\"color: #ff6e03; font-size: 11px;\">\u00a9 Der Text ist urheberrechtlich gesch\u00fctzt<\/span><\/a><\/p>","protected":false},"excerpt":{"rendered":"<p>De Hikvision DS-KD-BK is een IP video intercom buiten station blindplaat module voor gebruik in het Hikvision second generation IP intercom systeem. De modules moeten worden ingebouwd of opgebouwd met de los verkrijgbare behuizingen. Onder het tabblad &#8216;Documentatie&#8217; zijn de datasheet en product pagina van de fabrikant terug te vinden. Belangrijkste kenmerken Blindplaat module Veelal<\/p>\n<div class=\"klb-readmore button\"><a class=\"btn link\" href=\"https:\/\/webstore4.com\/de\/product\/hikvision-ds-kd-bk-ip-video-intercom-buiten-station-blindplaat-module\/\">Mehr lesen <i class=\"klbth-icon-right-arrow\"><\/i><\/a><\/div>","protected":false},"featured_media":8824,"comment_status":"open","ping_status":"closed","template":"","meta":[],"pwb-brand":[3367],"product_cat":[4178,4182,4227,4228],"product_tag":[],"class_list":{"0":"post-8823","1":"product","2":"type-product","3":"status-publish","4":"has-post-thumbnail","6":"pwb-brand-hikvision","7":"product_cat-intercom","8":"product_cat-hikvision-ip-video","9":"product_cat-series-intercom","10":"product_cat-hikvision-2nd-generation","11":"product_shipping_class-pakket","12":"pa_kaartlezer-nee","13":"pa_kleur-zwart","14":"pa_materiaal-kunststof","15":"pa_merk-hikvision","16":"pa_modulair-ja","17":"pa_montage-inbouw","18":"pa_montage-opbouw","19":"pa_omgeving-binnen-en-buiten","20":"pa_product-buitenpost","21":"pa_product-status-a","22":"pa_vandaalbestendig-nee","24":"first","25":"onbackorder","26":"taxable","27":"shipping-taxable","28":"purchasable","29":"product-type-simple"},"brands":[{"id":3367,"name":"Hikvision","slug":"hikvision"}],"_links":{"self":[{"href":"https:\/\/webstore4.com\/de\/wp-json\/wp\/v2\/product\/8823","targetHints":{"allow":["GET"]}}],"collection":[{"href":"https:\/\/webstore4.com\/de\/wp-json\/wp\/v2\/product"}],"about":[{"href":"https:\/\/webstore4.com\/de\/wp-json\/wp\/v2\/types\/product"}],"replies":[{"embeddable":true,"href":"https:\/\/webstore4.com\/de\/wp-json\/wp\/v2\/comments?post=8823"}],"wp:featuredmedia":[{"embeddable":true,"href":"https:\/\/webstore4.com\/de\/wp-json\/wp\/v2\/media\/8824"}],"wp:attachment":[{"href":"https:\/\/webstore4.com\/de\/wp-json\/wp\/v2\/media?parent=8823"}],"wp:term":[{"taxonomy":"pwb-brand","embeddable":true,"href":"https:\/\/webstore4.com\/de\/wp-json\/wp\/v2\/pwb-brand?post=8823"},{"taxonomy":"product_cat","embeddable":true,"href":"https:\/\/webstore4.com\/de\/wp-json\/wp\/v2\/product_cat?post=8823"},{"taxonomy":"product_tag","embeddable":true,"href":"https:\/\/webstore4.com\/de\/wp-json\/wp\/v2\/product_tag?post=8823"}],"curies":[{"name":"wp","href":"https:\/\/api.w.org\/{rel}","templated":true}]}}