{"id":8803,"date":"2019-10-06T17:06:56","date_gmt":"2019-10-06T15:06:56","guid":{"rendered":"https:\/\/webstore4.com\/\/?product=dahua-vtm115-ip-video-intercom-opbouw-behuizing-voor-buiten-station-vto2202f-en-vto2202f-p"},"modified":"2025-08-01T14:05:34","modified_gmt":"2025-08-01T13:05:34","slug":"dahua-vtm115-ip-video-intercom-opbouw-behuizing","status":"publish","type":"product","link":"https:\/\/webstore4.com\/de\/product\/dahua-vtm115-ip-video-intercom-opbouw-behuizing\/","title":{"rendered":"Dahua VTM115 IP-Video-Gegensprechanlage Aufputzgeh\u00e4use f\u00fcr Au\u00dfenstation VTO2202F und VTO2202F-P"},"content":{"rendered":"<p>Das Dahua VTM115 ist ein Aufputzgeh\u00e4use f\u00fcr die Au\u00dfenstationen VTO2202F und VTO2202F-P. Der richtige VTO ist unter \u201eOptionen\u201c aufgef\u00fchrt. Dies betrifft die graue Version. Die schwarze Variante ist unter \u201eOptionen\u201c enthalten.<\/p>\n<p>Das Dahua-Datenblatt und die Produktseite sind unter der Registerkarte \u201eDokumentation\u201c enthalten. Das Datenblatt enth\u00e4lt auch ein Installationsdiagramm.<\/p>\n<p><strong>Wichtigste Funktionen<\/strong><\/p>\n<ul>\n<li>Passend f\u00fcr die VTO2202F-Serie<\/li>\n<li>129 x 95 x 28,5 mm<\/li>\n<li>Graue Farbe<\/li>\n<\/ul>\n<p><a href=\"https:\/\/webstore4.com\/Copyright\/\" target=\"_blank\" rel=\"noopener\"><span style=\"color: #ff6e03; font-size: 11px;\">\u00a9 Der Text ist urheberrechtlich gesch\u00fctzt<\/span><\/a><\/p>","protected":false},"excerpt":{"rendered":"<p>De Dahua VTM115 is een opbouw behuizing voor buiten station VTO2202F en VTO2202F-P. De juiste VTO is opgenomen onder &#8216;Opties&#8217;. Dit betreft de grijze versie. De zwarte variant is opgenomen onder &#8216;Opties&#8217;. Onder het tabblad &#8216;Documentatie&#8217; zijn de datasheet en de product pagina van Dahua opgenomen. In de datasheet staat ook een installatiediagram opgenomen. Belangrijkste<\/p>\n<div class=\"klb-readmore button\"><a class=\"btn link\" href=\"https:\/\/webstore4.com\/de\/product\/dahua-vtm115-ip-video-intercom-opbouw-behuizing\/\">Mehr lesen <i class=\"klbth-icon-right-arrow\"><\/i><\/a><\/div>","protected":false},"featured_media":8804,"comment_status":"open","ping_status":"closed","template":"","meta":[],"pwb-brand":[3376],"product_cat":[4178,4179],"product_tag":[],"class_list":{"0":"post-8803","1":"product","2":"type-product","3":"status-publish","4":"has-post-thumbnail","6":"pwb-brand-dahua","7":"product_cat-intercom","8":"product_cat-dahua-ip-video","9":"product_shipping_class-pakket","10":"pa_behuizing-1-module","11":"pa_kleur-grijs","12":"pa_materiaal-metaal","13":"pa_merk-dahua","14":"pa_montage-opbouw","15":"pa_omgeving-binnen-en-buiten","16":"pa_product-modulair","17":"pa_product-status-b","19":"first","20":"onbackorder","21":"taxable","22":"shipping-taxable","23":"purchasable","24":"product-type-simple"},"brands":[{"id":3376,"name":"Dahua","slug":"dahua"}],"_links":{"self":[{"href":"https:\/\/webstore4.com\/de\/wp-json\/wp\/v2\/product\/8803","targetHints":{"allow":["GET"]}}],"collection":[{"href":"https:\/\/webstore4.com\/de\/wp-json\/wp\/v2\/product"}],"about":[{"href":"https:\/\/webstore4.com\/de\/wp-json\/wp\/v2\/types\/product"}],"replies":[{"embeddable":true,"href":"https:\/\/webstore4.com\/de\/wp-json\/wp\/v2\/comments?post=8803"}],"wp:featuredmedia":[{"embeddable":true,"href":"https:\/\/webstore4.com\/de\/wp-json\/wp\/v2\/media\/8804"}],"wp:attachment":[{"href":"https:\/\/webstore4.com\/de\/wp-json\/wp\/v2\/media?parent=8803"}],"wp:term":[{"taxonomy":"pwb-brand","embeddable":true,"href":"https:\/\/webstore4.com\/de\/wp-json\/wp\/v2\/pwb-brand?post=8803"},{"taxonomy":"product_cat","embeddable":true,"href":"https:\/\/webstore4.com\/de\/wp-json\/wp\/v2\/product_cat?post=8803"},{"taxonomy":"product_tag","embeddable":true,"href":"https:\/\/webstore4.com\/de\/wp-json\/wp\/v2\/product_tag?post=8803"}],"curies":[{"name":"wp","href":"https:\/\/api.w.org\/{rel}","templated":true}]}}