{"id":8799,"date":"2019-09-29T16:43:02","date_gmt":"2019-09-29T14:43:02","guid":{"rendered":"https:\/\/webstore4.com\/\/?product=yli-ym-280ntled-elektromagnetisch-slot-opbouw-kleefmagneet-met-timer-280kg-1224vdc-fail-safe"},"modified":"2025-02-08T10:45:50","modified_gmt":"2025-02-08T09:45:50","slug":"yli-ym-280ntled-slot-kleefmagneet","status":"publish","type":"product","link":"https:\/\/webstore4.com\/de\/product\/yli-ym-280ntled-slot-kleefmagneet\/","title":{"rendered":"YLI YM-280NT(LED) Elektromagnetisches Schloss, oberfl\u00e4chenmontierter Klebemagnet mit Timer, 280 kg, 12\/24 VDC, ausfallsicher"},"content":{"rendered":"<p>Der YLI YM-280NT(LED) ist ein hochwertiger elektromagnetischer Haftmagnet mit LED und Timer. Sobald die Stromversorgung des Schlosses unterbrochen wird, ist die T\u00fcr nicht verriegelt (ausfallsicher).<\/p>\n<p><strong>M\u00f6glichkeiten<\/strong><\/p>\n<p>Der YLI YM-280NT(LED) eignet sich f\u00fcr den Einsatz mit Zugangskontrollsystemen wie Gegensprechanlagen und Kartenlesern. Der YLI YM-280NT(LED) wird normalerweise im oder am Rahmen montiert, um eine T\u00fcr geschlossen zu halten. Das Schloss kann auch an einer Wand montiert werden, sodass T\u00fcren offen bleiben, bis die Stromversorgung unterbrochen wird. Bei einem Selbsteinzug\/T\u00fcrschlie\u00dfer an der T\u00fcr schlie\u00dft die T\u00fcr, sobald der Strom ausf\u00e4llt, beispielsweise bei einem Feueralarm oder nach Ladenschluss eines Geb\u00e4udes.<\/p>\n<p>Das Schloss verf\u00fcgt \u00fcber eine rot\/gr\u00fcne LED, die den Status des Schlosses anzeigt. Das Schloss verf\u00fcgt \u00fcber keine mechanisch beweglichen Teile und hat daher eine sehr lange Lebensdauer.<\/p>\n<p>De YLI YM-280NT(LED) heeft een kleefkracht van 280KG en kan worden gevoed met 12 of 24VDC. Voeding wordt niet meegeleverd. De YLI YM-280NT(LED) wordt geleverd met een platte ankerplaat. Er zijn diverse profielen voor de ankerplaat beschikbaar voor een passende montage. Deze profielen zijn opgenomen onder het tabblad &#8216;Opties&#8217; en kunnen worden mee besteld.<\/p>\n<p>Wij adviseren de datasheet, die is opgenomen onder het tabblad &#8216;Documentatie&#8217;, te raadplegen voor de juiste toepassing en eventueel voor de keuze van een geschikt profiel voor de ankerplaat.<\/p>\n<p><strong>Wichtigste Funktionen<\/strong><\/p>\n<ul>\n<li>Ausfallsicheres Schloss<\/li>\n<li>12 VDC\/500 mA oder 24 VDC\/250 mA<\/li>\n<li>280 kg Haltekraft<\/li>\n<li>Inklusive Ankerplatte<\/li>\n<li>Status-LED<\/li>\n<li>Eingebauter Varistor (Schutz vor Selbstbeeinflussung)<\/li>\n<\/ul>\n<p><a href=\"https:\/\/webstore4.com\/Copyright\/\" target=\"_blank\" rel=\"noopener\"><span style=\"color: #ff6e03; font-size: 11px;\">\u00a9 Der Text ist urheberrechtlich gesch\u00fctzt<\/span><\/a><\/p>","protected":false},"excerpt":{"rendered":"<p>De YLI YM-280NT(LED) is een hoogwaardig elektromagnetisch kleefmagneet met LED en een timer. Zodra de stroom naar het slot wegvalt is de deur niet op slot (fail safe). Mogelijkheden De YLI YM-280NT(LED)\u00a0is geschikt om te worden gebruikt met toegangscontrole systemen zoals intercom en paslezers. De YLI YM-280NT(LED)\u00a0wordt meestal in of op het kozijn gemonteerd om<\/p>\n<div class=\"klb-readmore button\"><a class=\"btn link\" href=\"https:\/\/webstore4.com\/de\/product\/yli-ym-280ntled-slot-kleefmagneet\/\">Mehr lesen <i class=\"klbth-icon-right-arrow\"><\/i><\/a><\/div>","protected":false},"featured_media":10854,"comment_status":"open","ping_status":"closed","template":"","meta":[],"pwb-brand":[3382],"product_cat":[4191,4197],"product_tag":[],"class_list":{"0":"post-8799","1":"product","2":"type-product","3":"status-publish","4":"has-post-thumbnail","6":"pwb-brand-yli","7":"product_cat-access","8":"product_cat-elektrische-sloten","9":"product_shipping_class-pakket","10":"pa_fail-fail-safe","11":"pa_garantie-3-jaar","12":"pa_materiaal-aluminium","13":"pa_merk-yli","14":"pa_montage-inbouw","15":"pa_montage-opbouw","16":"pa_omgeving-binnen","17":"pa_product-kleefmagneet","18":"pa_voeding-1224vdc","19":"pa_weerstand-kracht-280-kg","21":"first","22":"instock","23":"taxable","24":"shipping-taxable","25":"purchasable","26":"product-type-simple"},"brands":[{"id":3382,"name":"YLI","slug":"yli"}],"_links":{"self":[{"href":"https:\/\/webstore4.com\/de\/wp-json\/wp\/v2\/product\/8799","targetHints":{"allow":["GET"]}}],"collection":[{"href":"https:\/\/webstore4.com\/de\/wp-json\/wp\/v2\/product"}],"about":[{"href":"https:\/\/webstore4.com\/de\/wp-json\/wp\/v2\/types\/product"}],"replies":[{"embeddable":true,"href":"https:\/\/webstore4.com\/de\/wp-json\/wp\/v2\/comments?post=8799"}],"wp:featuredmedia":[{"embeddable":true,"href":"https:\/\/webstore4.com\/de\/wp-json\/wp\/v2\/media\/10854"}],"wp:attachment":[{"href":"https:\/\/webstore4.com\/de\/wp-json\/wp\/v2\/media?parent=8799"}],"wp:term":[{"taxonomy":"pwb-brand","embeddable":true,"href":"https:\/\/webstore4.com\/de\/wp-json\/wp\/v2\/pwb-brand?post=8799"},{"taxonomy":"product_cat","embeddable":true,"href":"https:\/\/webstore4.com\/de\/wp-json\/wp\/v2\/product_cat?post=8799"},{"taxonomy":"product_tag","embeddable":true,"href":"https:\/\/webstore4.com\/de\/wp-json\/wp\/v2\/product_tag?post=8799"}],"curies":[{"name":"wp","href":"https:\/\/api.w.org\/{rel}","templated":true}]}}