{"id":8779,"date":"2019-09-23T02:24:33","date_gmt":"2019-09-23T00:24:33","guid":{"rendered":"https:\/\/webstore4.com\/\/?product=hikvision-ds-kad706-s-two-wire-ip-video-intercom-cascading-video-audio-distributor"},"modified":"2024-06-21T10:52:43","modified_gmt":"2024-06-21T09:52:43","slug":"hikvision-ds-kad706y-s-two-wire-ip-video-intercom-cascading-video-audio-distributor","status":"publish","type":"product","link":"https:\/\/webstore4.com\/de\/product\/hikvision-ds-kad706y-s-two-wire-ip-video-intercom-cascading-video-audio-distributor\/","title":{"rendered":"Hikvision DS-KAD706-S Zweidraht-IP-Video-Gegensprechanlage, kaskadierender Video-Audio-Verteiler"},"content":{"rendered":"<p>Der Hikvision DS-KAD706Y-S ist ein 2-Draht-IP-Video-Intercom-Video-Audio-Kaskadierungsverteiler. Dieser Schalter kann in einem gr\u00f6\u00dferen Intercom-System als Verteiler-Hub f\u00fcr mehrere DS-KAD706 verwendet werden. Der DS-KAD706Y-S ben\u00f6tigt Strom, verteilt aber keinen Strom.<\/p>\n<p>Onder het tabblad &#8216;Documentatie&#8217; zijn links opgenomen naar de datasheet en de product pagina van de fabrikant.<\/p>\n<p><strong>Wichtigste Funktionen<\/strong><\/p>\n<ul>\n<li>2-draads IP-verdeler<\/li>\n<li>8 interface-indicatoren, 1 RJ-45-interface, 1 resetknop<\/li>\n<li>DIN-railmontage, 24 VDC ingangsvoeding<\/li>\n<\/ul>\n<p><a href=\"https:\/\/webstore4.com\/Copyright\/\" target=\"_blank\" rel=\"noopener\"><span style=\"color: #ff6e03; font-size: 11px;\">\u00a9 Der Text ist urheberrechtlich gesch\u00fctzt<\/span><\/a><\/p>\n<p>&nbsp;<\/p>","protected":false},"excerpt":{"rendered":"<p>De Hikvision DS-KAD706Y-S is een 2-wire IP Video Intercom Video Audio Cascading Distributor. Deze switch kan worden gebruikt in een groter intercom systeem als een verdeler hub voor meerdere DS-KAD706. De DS-KAD706Y-S moet van stroom worden voorzien maar distribueert geen voeding. Onder het tabblad &#8216;Documentatie&#8217; zijn links opgenomen naar de datasheet en de product pagina<\/p>\n<div class=\"klb-readmore button\"><a class=\"btn link\" href=\"https:\/\/webstore4.com\/de\/product\/hikvision-ds-kad706y-s-two-wire-ip-video-intercom-cascading-video-audio-distributor\/\">Mehr lesen <i class=\"klbth-icon-right-arrow\"><\/i><\/a><\/div>","protected":false},"featured_media":12980,"comment_status":"open","ping_status":"closed","template":"","meta":[],"pwb-brand":[3367],"product_cat":[4178,4182,4227,4228,4605],"product_tag":[],"class_list":{"0":"post-8779","1":"product","2":"type-product","3":"status-publish","4":"has-post-thumbnail","6":"pwb-brand-hikvision","7":"product_cat-intercom","8":"product_cat-hikvision-ip-video","9":"product_cat-series-intercom","10":"product_cat-hikvision-2nd-generation","11":"product_cat-hikvision-y-generation","12":"product_shipping_class-pakket","13":"pa_merk-hikvision","14":"pa_montage-din-rail","15":"pa_montage-opbouw","16":"pa_product-voeding","17":"pa_product-status-a","18":"pa_voeding-24vdc","20":"first","21":"onbackorder","22":"taxable","23":"shipping-taxable","24":"purchasable","25":"product-type-simple"},"brands":[{"id":3367,"name":"Hikvision","slug":"hikvision"}],"_links":{"self":[{"href":"https:\/\/webstore4.com\/de\/wp-json\/wp\/v2\/product\/8779","targetHints":{"allow":["GET"]}}],"collection":[{"href":"https:\/\/webstore4.com\/de\/wp-json\/wp\/v2\/product"}],"about":[{"href":"https:\/\/webstore4.com\/de\/wp-json\/wp\/v2\/types\/product"}],"replies":[{"embeddable":true,"href":"https:\/\/webstore4.com\/de\/wp-json\/wp\/v2\/comments?post=8779"}],"wp:featuredmedia":[{"embeddable":true,"href":"https:\/\/webstore4.com\/de\/wp-json\/wp\/v2\/media\/12980"}],"wp:attachment":[{"href":"https:\/\/webstore4.com\/de\/wp-json\/wp\/v2\/media?parent=8779"}],"wp:term":[{"taxonomy":"pwb-brand","embeddable":true,"href":"https:\/\/webstore4.com\/de\/wp-json\/wp\/v2\/pwb-brand?post=8779"},{"taxonomy":"product_cat","embeddable":true,"href":"https:\/\/webstore4.com\/de\/wp-json\/wp\/v2\/product_cat?post=8779"},{"taxonomy":"product_tag","embeddable":true,"href":"https:\/\/webstore4.com\/de\/wp-json\/wp\/v2\/product_tag?post=8779"}],"curies":[{"name":"wp","href":"https:\/\/api.w.org\/{rel}","templated":true}]}}