{"id":8733,"date":"2019-08-24T18:38:39","date_gmt":"2019-08-24T16:38:39","guid":{"rendered":"https:\/\/webstore4.com\/\/?product=hikvision-hwp-n2404ih-de3-hiwatch-full-hd-4mp-mini-buiten-ptz-dome-met-4x-zoom-ir-nachtzicht-poe-120db-wdr-en-sd-slot"},"modified":"2025-11-03T16:06:40","modified_gmt":"2025-11-03T15:06:40","slug":"hikvision-hwp-n2404ih-de3f-hiwatch-4mp-mini-ptz-dome","status":"publish","type":"product","link":"https:\/\/webstore4.com\/de\/product\/hikvision-hwp-n2404ih-de3f-hiwatch-4mp-mini-ptz-dome\/","title":{"rendered":"Hikvision HWP-N2404IH-DE3(F) HiWatch Full HD 4MP Mini-PTZ-Dome f\u00fcr den Au\u00dfenbereich mit 4-fachem Zoom, IR-Nachtsicht, PoE, 120 dB WDR und SD-Steckplatz"},"content":{"rendered":"<p>Die Hikvision HWP-N2404IH-DE3(F) HiWatch ist eine Full HD 4MP Mini-PTZ-Dome-Kamera f\u00fcr den Au\u00dfenbereich mit 4-fachem Zoom, IR-Nachtsicht, PoE, 120 dB WDR und microSD-Kartenaufzeichnung. Die Mini-Dome-Kamera kann geneigt, gedreht und gezoomt werden (Schwenken\/Neigen\/Zoomen) und verf\u00fcgt \u00fcber eine integrierte Infrarot-Nachtsicht.<\/p>\n<p><strong>M\u00f6glichkeiten<\/strong><\/p>\n<p>Der Hikvision HWP-N2404IH-DE3 zeigt Bilder in einer Full-HD-Aufl\u00f6sung von 2560 x 1440 an. Die Kamera verf\u00fcgt \u00fcber ein motorisiertes 2,8-12-mm-Objektiv mit einem horizontalen Bildwinkel von 100 bis 33 Grad.<\/p>\n<p>Dank des hochlichtempfindlichen Bildchips liefert die Kamera auch bei minimalem Umgebungslicht ein brauchbares Farbbild. Bei sehr dunkler Umgebung kann die Kamera auch die integrierte IR-Beleuchtung einschalten, sodass Bilder auch bei v\u00f6lliger Dunkelheit (0 Lux) betrachtet werden k\u00f6nnen. Die IR-Beleuchtung hat eine Reichweite von 20 Metern. Die Kamera verf\u00fcgt \u00fcber einen eingebauten automatischen IR-Sperrfilter, was sie zu einer echten Tag-\/Nachtkamera macht. Die Kamera verf\u00fcgt au\u00dferdem \u00fcber einen 120-dB-Wide Dynamic Range (WDR), wodurch die Kamera auch mit komplexen Lichtverh\u00e4ltnissen, beispielsweise durch Gegenlicht der Sonne oder Autoscheinwerfer, sehr gut zurechtkommt.<\/p>\n<p>Bilder k\u00f6nnen unter anderem auf einem Netzwerk-Videorecorder (NVR) gespeichert werden. Die Kamera verf\u00fcgt au\u00dferdem \u00fcber die M\u00f6glichkeit, in der Kamera auf einer microSD-Speicherkarte mit bis zu maximal 256 GB aufzuzeichnen.<\/p>\n<p>Hikvision bietet eine kostenlose App f\u00fcr Apple iOS und Android an. Die Kamera verf\u00fcgt \u00fcber einen internen Webserver, der \u00fcber einen Webbrowser angezeigt und verwaltet werden kann. Video Management Software (VMS) f\u00fcr einen Computer kann kostenlos von der Hikvision-Website heruntergeladen werden. Der Reiter \u201eDokumentation\u201c enth\u00e4lt einen Link zur Produktseite des Herstellers.<\/p>\n<p>Die Hikvision HWP-N2404IH-DE3 verf\u00fcgt \u00fcber die Schutzart IP66, wodurch sich die Kamera ideal f\u00fcr den Au\u00dfenbereich eignet. Zur einfacheren Installation kann die Kamera \u00fcber das Netzwerkkabel mit Power over Ethernet (Standard 802.3af POE) mit Strom versorgt werden. PoE kann \u00fcber einen PoE-NVR, einen PoE-Switch oder mit einem PoE-Injektor bezogen werden. Die Kamera kann auch mit dem mitgelieferten 12-V-Gleichstrom-Netzteil mit Strom versorgt werden. Die Kamera ist vandalensicher (Bewertung IK10).<\/p>\n<p><strong>Wichtigste Funktionen<\/strong><\/p>\n<ul>\n<li>4-Megapixel-Full-HD-Pan-Tilt-Zoom-Domekamera<\/li>\n<li>Max. Schwenkgeschwindigkeit 100\u00b0\/s<\/li>\n<li>Bis zu 300 Voreinstellungen<\/li>\n<li>Tag-\/Nachtkamera mit automatischem mechanischem IR-Sperrfilter<\/li>\n<li>Aufnahme in der Kamera auf SD-Karte<\/li>\n<li>120 dB breiter Dynamikbereich (WDR)<\/li>\n<li>3D-Digital-Rauschunterdr\u00fcckung (3D-DNR)<\/li>\n<li>Audioeingang und -ausgang<\/li>\n<li>Bewegungserkennung, Manipulationsalarm, Privatzonenmaske, Smart Events<\/li>\n<li>ONVIF-Protokoll<\/li>\n<li>H.265+ \/ H.265 \/ H.264+ \/ H.264-Komprimierung<\/li>\n<li>Stromversorgung \u00fcber 12VDC-Adapter oder PoE<\/li>\n<li>Vandalensicher (IK10)<\/li>\n<\/ul>\n<p><a href=\"https:\/\/www.webstore4ipcameras.nl\/Copyright\" target=\"_blank\" rel=\"noopener\"><span style=\"color: #ff6e03; font-size: 11px;\">\u00a9 Der Text ist urheberrechtlich gesch\u00fctzt<\/span><\/a><\/p>","protected":false},"excerpt":{"rendered":"<p>De Hikvision HWP-N2404IH-DE3(F) HiWatch is een Full HD 4MP mini buiten PTZ dome met 4x zoom, IR nachtzicht, PoE, 120dB WDR en microSD kaart opname. De mini dome camera kan kantelen, draaien en zoomen (Pan\/Tilt\/Zoom) en heeft ingebouwd infrarood nachtzicht. Mogelijkheden De Hikvision HWP-N2404IH-DE3(F) geeft beelden weer in een Full HD 2560&#215;1440 resolutie. De camera<\/p>\n<div class=\"klb-readmore button\"><a class=\"btn link\" href=\"https:\/\/webstore4.com\/de\/product\/hikvision-hwp-n2404ih-de3f-hiwatch-4mp-mini-ptz-dome\/\">Mehr lesen <i class=\"klbth-icon-right-arrow\"><\/i><\/a><\/div>","protected":false},"featured_media":8734,"comment_status":"open","ping_status":"closed","template":"","meta":[],"pwb-brand":[3367],"product_cat":[3435,4184,4185,4200,4221],"product_tag":[],"class_list":{"0":"post-8733","1":"product","2":"type-product","3":"status-publish","4":"has-post-thumbnail","6":"pwb-brand-hikvision","7":"product_cat-ip-cameras","8":"product_cat-cameras","9":"product_cat-180-360-ptz-cameras","10":"product_cat-dome-eyeball-cameras-cameras","11":"product_cat-hikvision-hiwatch-series","12":"product_shipping_class-pakket","13":"pa_beeldhoek-graden-horizontaal-100-33","14":"pa_beeldsensor-1-3-cmos","15":"pa_dag-nacht-ir-cut-filter-ja","16":"pa_draadloos-nee","17":"pa_geheugenkaart-type-micro-sdsdhcsdxc-256gb","18":"pa_lens-mm-2-8-12","19":"pa_megapixel-4mp","20":"pa_merk-hikvision","21":"pa_minimale-verlichting-0-005-lux","22":"pa_mobiele-app-fabrikant-ja","23":"pa_nachtzicht-ja","24":"pa_omgeving-binnen-en-buiten","25":"pa_opnemen-op-sd-kaart-ja","26":"pa_poe-802-3af","27":"pa_resolutie-max-pixels-full-hd-2560x1440","28":"pa_vandaalbestendig-ik10","29":"pa_voeding-12vdc","30":"pa_voeding-inclusief-adapter","31":"pa_voeding-poe","32":"pa_wdr-ja","34":"first","35":"outofstock","36":"taxable","37":"shipping-taxable","38":"purchasable","39":"product-type-simple"},"brands":[{"id":3367,"name":"Hikvision","slug":"hikvision"}],"_links":{"self":[{"href":"https:\/\/webstore4.com\/de\/wp-json\/wp\/v2\/product\/8733","targetHints":{"allow":["GET"]}}],"collection":[{"href":"https:\/\/webstore4.com\/de\/wp-json\/wp\/v2\/product"}],"about":[{"href":"https:\/\/webstore4.com\/de\/wp-json\/wp\/v2\/types\/product"}],"replies":[{"embeddable":true,"href":"https:\/\/webstore4.com\/de\/wp-json\/wp\/v2\/comments?post=8733"}],"wp:featuredmedia":[{"embeddable":true,"href":"https:\/\/webstore4.com\/de\/wp-json\/wp\/v2\/media\/8734"}],"wp:attachment":[{"href":"https:\/\/webstore4.com\/de\/wp-json\/wp\/v2\/media?parent=8733"}],"wp:term":[{"taxonomy":"pwb-brand","embeddable":true,"href":"https:\/\/webstore4.com\/de\/wp-json\/wp\/v2\/pwb-brand?post=8733"},{"taxonomy":"product_cat","embeddable":true,"href":"https:\/\/webstore4.com\/de\/wp-json\/wp\/v2\/product_cat?post=8733"},{"taxonomy":"product_tag","embeddable":true,"href":"https:\/\/webstore4.com\/de\/wp-json\/wp\/v2\/product_tag?post=8733"}],"curies":[{"name":"wp","href":"https:\/\/api.w.org\/{rel}","templated":true}]}}