{"id":8674,"date":"2019-07-11T23:23:11","date_gmt":"2019-07-11T21:23:11","guid":{"rendered":"https:\/\/webstore4.com\/\/?product=safire-sf-vimod-ind-ip-video-intercom-buiten-station-indicatie-module"},"modified":"2024-06-21T10:40:20","modified_gmt":"2024-06-21T09:40:20","slug":"safire-sf-vimod-ind-ip-video-intercom-buiten-station-indicatie-module","status":"publish","type":"product","link":"https:\/\/webstore4.com\/de\/product\/safire-sf-vimod-ind-ip-video-intercom-buiten-station-indicatie-module\/","title":{"rendered":"Safire SF-VIMOD-IND IP-Video-Gegensprechanlage-Anzeigemodul f\u00fcr Au\u00dfenstationen"},"content":{"rendered":"<div class=\"video-frame-box\" style=\"width: 100%; max-width: 480px; max-height: 270px; float: right; padding: 0px 10px 10px 10px;\">\n<div class=\"video-frame\"><iframe src=\"\/\/www.youtube.com\/embed\/TW-K5pFtcVg?rel=0&amp;modestbranding=1&amp;showinfo=0&amp;autohide=1\" width=\"480\" height=\"270\" frameborder=\"0\"><\/iframe><\/div>\n<\/div>\n<p>Das Safire SF-VIMOD-IND ist ein Statusanzeigemodul f\u00fcr IP-Video-Gegensprechanlagen f\u00fcr Au\u00dfenstationen zur Verwendung im IP-Gegensprechsystem der zweiten Generation von Safire. Das Modul muss zusammen mit dem Kamerahauptmodul SF-VIMOD-CAM-IP verwendet werden. Die Module m\u00fcssen eingebaut oder mit den separat erh\u00e4ltlichen Geh\u00e4usen montiert werden.<\/p>\n<p>Het systeem wordt compleet gemaakt met een of meerdere intercom binnen monitor(en). Een audio\/video gesprek met push notifications via de Safire smartphone app is ook mogelijk. E\u00e9n stuks beschikbaar.<\/p>\n<p><strong>Eigenschaften<\/strong><\/p>\n<p>Das Modul kann zur Statusanzeige verwendet werden: Anruf, T\u00fcr offen und Zwei-Wege-Audio. Das Modul wird \u00fcber das Kameramodul angeschlossen und mit Strom versorgt.<\/p>\n<p><strong>Montage<\/strong><\/p>\n<p>Das Tastaturmodul muss eingebaut oder Aufputz montiert werden. Es ist ein Einzel-, Doppel- oder Dreifachgeh\u00e4use erh\u00e4ltlich. Geh\u00e4use sind kombinierbar. Material zum Anschluss und zur Montage liegt den Geh\u00e4usen bei.<\/p>\n<p>Das Datenblatt und das Handbuch haben wir unter der Registerkarte \u201eDokumentation\u201c eingef\u00fcgt.<\/p>\n<p><strong>Haupteigenschaften<\/strong><\/p>\n<ul>\n<li>Anzeige f\u00fcr den Status, ob eine T\u00fcr ge\u00f6ffnet wird, ein Anruf get\u00e4tigt wird oder ein Gespr\u00e4ch gef\u00fchrt wird<\/li>\n<li>Hintergrundbeleuchtung<\/li>\n<li>Flexibles Baukastensystem<\/li>\n<li>Aufputz oder Einbau<\/li>\n<li>IP65 wetterfest<\/li>\n<li>Stromversorgung und Signal \u00fcber 1 Netzwerkkabel mit Standard 802.3af PoE \u00fcber SF-VIMOD-CAM-IP<\/li>\n<\/ul>\n<p><a href=\"https:\/\/webstore4.com\/Copyright\/\" target=\"_blank\" rel=\"noopener\"><span style=\"color: #ff6e03; font-size: 11px;\">\u00a9 Der Text ist urheberrechtlich gesch\u00fctzt<\/span><\/a><\/p>","protected":false},"excerpt":{"rendered":"<p>De Safire SF-VIMOD-IND is een IP video intercom buiten station status indicatie module voor gebruik in het Safire second generation IP intercom systeem. De module moet worden gebruikt samen met de SF-VIMOD-CAM-IP\u00a0camera hoofdmodule. De modules moeten worden ingebouwd of opgebouwd met de los verkrijgbare behuizingen. Het systeem wordt compleet gemaakt met een of meerdere intercom<\/p>\n<div class=\"klb-readmore button\"><a class=\"btn link\" href=\"https:\/\/webstore4.com\/de\/product\/safire-sf-vimod-ind-ip-video-intercom-buiten-station-indicatie-module\/\">Mehr lesen <i class=\"klbth-icon-right-arrow\"><\/i><\/a><\/div>","protected":false},"featured_media":8675,"comment_status":"open","ping_status":"closed","template":"","meta":[],"pwb-brand":[3385],"product_cat":[4178,4226,4198,4211],"product_tag":[1700],"class_list":{"0":"post-8674","1":"product","2":"type-product","3":"status-publish","4":"has-post-thumbnail","6":"pwb-brand-safire","7":"product_cat-intercom","8":"product_cat-safire-ip-video","9":"product_cat-series","10":"product_cat-safire-pro-series","11":"product_tag-ds-kd-in","12":"product_shipping_class-pakket","13":"pa_aansluiting-rs485","14":"pa_kaartlezer-nee","15":"pa_kleur-zwart","16":"pa_materiaal-kunststof","17":"pa_merk-safire","18":"pa_mobiele-app-fabrikant-ja","19":"pa_modulair-ja","20":"pa_montage-inbouw","21":"pa_montage-opbouw","22":"pa_omgeving-binnen-en-buiten","23":"pa_product-buitenpost","24":"pa_stand-alone-nee","25":"pa_vandaalbestendig-nee","26":"pa_voeding-poe","28":"first","29":"instock","30":"sale","31":"sold-individually","32":"taxable","33":"shipping-taxable","34":"purchasable","35":"product-type-simple"},"brands":[{"id":3385,"name":"Safire","slug":"safire"}],"_links":{"self":[{"href":"https:\/\/webstore4.com\/de\/wp-json\/wp\/v2\/product\/8674","targetHints":{"allow":["GET"]}}],"collection":[{"href":"https:\/\/webstore4.com\/de\/wp-json\/wp\/v2\/product"}],"about":[{"href":"https:\/\/webstore4.com\/de\/wp-json\/wp\/v2\/types\/product"}],"replies":[{"embeddable":true,"href":"https:\/\/webstore4.com\/de\/wp-json\/wp\/v2\/comments?post=8674"}],"wp:featuredmedia":[{"embeddable":true,"href":"https:\/\/webstore4.com\/de\/wp-json\/wp\/v2\/media\/8675"}],"wp:attachment":[{"href":"https:\/\/webstore4.com\/de\/wp-json\/wp\/v2\/media?parent=8674"}],"wp:term":[{"taxonomy":"pwb-brand","embeddable":true,"href":"https:\/\/webstore4.com\/de\/wp-json\/wp\/v2\/pwb-brand?post=8674"},{"taxonomy":"product_cat","embeddable":true,"href":"https:\/\/webstore4.com\/de\/wp-json\/wp\/v2\/product_cat?post=8674"},{"taxonomy":"product_tag","embeddable":true,"href":"https:\/\/webstore4.com\/de\/wp-json\/wp\/v2\/product_tag?post=8674"}],"curies":[{"name":"wp","href":"https:\/\/api.w.org\/{rel}","templated":true}]}}