{"id":8633,"date":"2019-06-30T01:33:32","date_gmt":"2019-06-29T23:33:32","guid":{"rendered":"https:\/\/webstore4.com\/\/?product=fibaro-fgbhms-001-motion-sensor-homekit"},"modified":"2024-04-19T15:07:40","modified_gmt":"2024-04-19T14:07:40","slug":"fibaro-fgbhms-001-motion-sensor-homekit","status":"publish","type":"product","link":"https:\/\/webstore4.com\/de\/product\/fibaro-fgbhms-001-motion-sensor-homekit\/","title":{"rendered":"Fibaro FGBHMS-001 Bewegungssensor Home Kit (Steckdose)"},"content":{"rendered":"<p>Wij ruimen onze Fibaro voorraad op tegen zeer scherpe prijzen.<\/p>\n<p>Het betreffen originele en nieuwe producten met garantie. Wij geven <u>NEIN<\/u> ondersteuning op deze artikelen. Nog slechts enkele in voorraad.<\/p>\n<p>Zodra onze voorraad is uitverkocht zijn de producten niet meer leverbaar. 2 stuks voorradig.<\/p>","protected":false},"excerpt":{"rendered":"<p>Wir r\u00e4umen unsere Fibaro-Lagerbest\u00e4nde zu sehr wettbewerbsf\u00e4higen Preisen auf. Dabei handelt es sich um Original- und Neuprodukte mit Garantie. F\u00fcr diese Artikel bieten wir keinen Support an. Nur noch wenige auf Lager. Sobald unser Lagerbestand ausverkauft ist, sind die Produkte nicht mehr verf\u00fcgbar.<\/p>","protected":false},"featured_media":8634,"comment_status":"closed","ping_status":"closed","template":"","meta":[],"pwb-brand":[3389],"product_cat":[3454],"product_tag":[],"class_list":{"0":"post-8633","1":"product","2":"type-product","3":"status-publish","4":"has-post-thumbnail","6":"pwb-brand-fibaro","7":"product_cat-outlet","8":"pa_merk-fibaro","10":"first","11":"instock","12":"sale","13":"taxable","14":"shipping-taxable","15":"purchasable","16":"product-type-simple"},"brands":[{"id":3389,"name":"Fibaro","slug":"fibaro"}],"_links":{"self":[{"href":"https:\/\/webstore4.com\/de\/wp-json\/wp\/v2\/product\/8633","targetHints":{"allow":["GET"]}}],"collection":[{"href":"https:\/\/webstore4.com\/de\/wp-json\/wp\/v2\/product"}],"about":[{"href":"https:\/\/webstore4.com\/de\/wp-json\/wp\/v2\/types\/product"}],"replies":[{"embeddable":true,"href":"https:\/\/webstore4.com\/de\/wp-json\/wp\/v2\/comments?post=8633"}],"wp:featuredmedia":[{"embeddable":true,"href":"https:\/\/webstore4.com\/de\/wp-json\/wp\/v2\/media\/8634"}],"wp:attachment":[{"href":"https:\/\/webstore4.com\/de\/wp-json\/wp\/v2\/media?parent=8633"}],"wp:term":[{"taxonomy":"pwb-brand","embeddable":true,"href":"https:\/\/webstore4.com\/de\/wp-json\/wp\/v2\/pwb-brand?post=8633"},{"taxonomy":"product_cat","embeddable":true,"href":"https:\/\/webstore4.com\/de\/wp-json\/wp\/v2\/product_cat?post=8633"},{"taxonomy":"product_tag","embeddable":true,"href":"https:\/\/webstore4.com\/de\/wp-json\/wp\/v2\/product_tag?post=8633"}],"curies":[{"name":"wp","href":"https:\/\/api.w.org\/{rel}","templated":true}]}}