{"id":8627,"date":"2019-06-25T23:42:42","date_gmt":"2019-06-25T21:42:42","guid":{"rendered":"https:\/\/webstore4.com\/\/?product=dahua-ipc-hfw2231tp-zs-full-hd-2mp-starlight-buiten-bullet-met-60m-ir-nachtzicht-varifocale-lens-120db-wdr-microsd"},"modified":"2024-12-20T12:32:21","modified_gmt":"2024-12-20T11:32:21","slug":"dahua-ipc-hfw2231tp-zs-2mp-starlight-bullet","status":"publish","type":"product","link":"https:\/\/webstore4.com\/de\/product\/dahua-ipc-hfw2231tp-zs-2mp-starlight-bullet\/","title":{"rendered":"Dahua IPC-HFW2231TP-ZS Full HD 2MP Starlight Outdoor-Bullet mit 60 m IR-Nachtsicht, Varifokalobjektiv, 120 dB WDR, microSD"},"content":{"rendered":"<p>De Dahua IPC-HFW2231TP-ZS is een Full HD 2MP Starlight buiten bullet met een zeer lichtgevoelige beeldsensor en 60 meter infrarood nachtzicht, 120db WDR, gemotoriseerde varifocale lens, microSD opname en PoE voeding.<\/p>\n<p>Nur ein St\u00fcck verf\u00fcgbar.<\/p>\n<p><strong>M\u00f6glichkeiten<\/strong><\/p>\n<p>Der Dahua IPC-HFW2231TP-ZS zeigt Bilder in einer Full-HD-Aufl\u00f6sung von 1920\u00d71080 an. Die Kamera verf\u00fcgt \u00fcber die Dahua Starlight-Technologie und eignet sich daher ideal f\u00fcr Anwendungen mit schwierigen Lichtverh\u00e4ltnissen. Dank des hochlichtempfindlichen Bildchips liefert die Kamera auch bei nahezu v\u00f6lliger Dunkelheit (0,006 Lux) noch ein brauchbares Farbbild mit einem Minimum an Umgebungslicht.<\/p>\n<p>Die Kamera verf\u00fcgt \u00fcber einen integrierten automatischen Tag-\/Nacht-IR-Sperrfilter und kann bei Dunkelheit auch die integrierte IR-Beleuchtung einschalten, sodass auch bei v\u00f6lliger Dunkelheit (0 Lux) ein gestochen scharfes Bild entsteht. Die IR-Beleuchtung hat eine sehr gro\u00dfe Reichweite von nicht weniger als 60 Metern. Die Kamera verf\u00fcgt \u00fcber einen 120 dB Wide Dynamic Range (WDR), wodurch die Kamera auch mit komplexen Lichtverh\u00e4ltnissen, beispielsweise durch Gegenlicht der Sonne oder Autoscheinwerfer, sehr gut zurechtkommt.<\/p>\n<p>Das motorisch verstellbare 2,7- bis 13,5-mm-Varifokalobjektiv erm\u00f6glicht es, die Kamera aus der Ferne auf ein entferntes oder nahes Bild zu fokussieren. Durch dieses Vergr\u00f6\u00dfern und Verkleinern variiert der horizontale Blickwinkel zwischen 106 und 29 Grad.<\/p>\n<p>Bilder k\u00f6nnen unter anderem auf einem Netzwerk-Videorecorder (NVR) gespeichert werden. Die Kamera verf\u00fcgt au\u00dferdem \u00fcber die M\u00f6glichkeit, in der Kamera auf eine microSD-Speicherkarte bis maximal 128 GB aufzuzeichnen.<\/p>\n<p>Dahua bietet eine kostenlose niederl\u00e4ndische App f\u00fcr Apple iOS und Android an. Die Kamera verf\u00fcgt \u00fcber einen internen Webserver, der \u00fcber einen Webbrowser angezeigt und verwaltet werden kann. Video Management Software (VMS) f\u00fcr einen Computer kann kostenlos von der Dahua-Website heruntergeladen werden. Unter dem Reiter \u201eDokumentation\u201c finden Sie einen Link zum Datenblatt des Herstellers.<\/p>\n<p>Die Dahua IPC-HFW2231TP-ZS verf\u00fcgt \u00fcber die Schutzart IP67, wodurch sich die Kamera ideal f\u00fcr den Au\u00dfenbereich eignet. Die Kamera ist unter anderem auf Englisch. Zur einfacheren Installation kann die Kamera \u00fcber das Netzwerkkabel mit Power over Ethernet (Standard 802.3af POE) mit Strom versorgt werden. PoE kann \u00fcber einen PoE-NVR, einen PoE-Switch oder mit einem PoE-Injektor bezogen werden. Die Kamera kann auch mit einem optionalen 12-V-Netzteil mit Strom versorgt werden. Unter dem Reiter \u201eOptionen\u201c k\u00f6nnen Sie angeben, ob ein Adapter enthalten sein soll und Sie k\u00f6nnen eine Montagehalterung ausw\u00e4hlen.<\/p>\n<p><strong>Wichtigste Funktionen<\/strong><\/p>\n<ul>\n<li>2-Megapixel-Full-HD-Starlight-Mini-Bullet-Kamera<\/li>\n<li>Auf microSD-Karte aufnehmen<\/li>\n<li>Tag-\/Nachtkamera mit automatischem mechanischem IR-Sperrfilter<\/li>\n<li>IR-Nachtsichtbeleuchtung bis zu 60 Meter<\/li>\n<li>Auf 3 Achsen verstellbar<\/li>\n<li>120 dB breiter Dynamikbereich (WDR)<\/li>\n<li>Zonen-optionale Hintergrundbeleuchtungskompensation (BLC)<\/li>\n<li>3D-Digital-Rauschunterdr\u00fcckung (3D-DNR)<\/li>\n<li>Bewegungserkennung, Manipulationsalarm, Privatzonenmaske<\/li>\n<li>ONVIF-Protokoll<\/li>\n<li>Stromversorgung \u00fcber 12VDC-Adapter oder \u00fcber PoE (802.3af)<\/li>\n<\/ul>\n<p><a href=\"https:\/\/webstore4.com\/Copyright\/\" target=\"_blank\" rel=\"noopener\"><span style=\"color: #ff6e03; font-size: 11px;\">\u00a9 Der Text ist urheberrechtlich gesch\u00fctzt<\/span><\/a><\/p>","protected":false},"excerpt":{"rendered":"<p>De Dahua IPC-HFW2231TP-ZS is een Full HD 2MP Starlight buiten bullet met een zeer lichtgevoelige beeldsensor en 60 meter infrarood nachtzicht, 120db WDR, gemotoriseerde varifocale lens, microSD opname en PoE voeding. Slechts \u00e9\u00e9n stuks beschikbaar. Mogelijkheden De\u00a0Dahua IPC-HFW2231TP-ZS geeft beelden weer in een Full HD 1920&#215;1080 resolutie. De camera beschikt over de\u00a0Dahua Starlight Technologie waardoor<\/p>\n<div class=\"klb-readmore button\"><a class=\"btn link\" href=\"https:\/\/webstore4.com\/de\/product\/dahua-ipc-hfw2231tp-zs-2mp-starlight-bullet\/\">Mehr lesen <i class=\"klbth-icon-right-arrow\"><\/i><\/a><\/div>","protected":false},"featured_media":8628,"comment_status":"open","ping_status":"closed","template":"","meta":[],"pwb-brand":[3376],"product_cat":[3435,4184,4219,4199],"product_tag":[],"class_list":{"0":"post-8627","1":"product","2":"type-product","3":"status-publish","4":"has-post-thumbnail","6":"pwb-brand-dahua","7":"product_cat-ip-cameras","8":"product_cat-cameras","9":"product_cat-bullet-box-cameras-cameras","10":"product_cat-dahua-starlight-series","11":"product_shipping_class-pakket","12":"pa_aanbieding-opop","13":"pa_audio-nee","14":"pa_beeldhoek-graden-horizontaal-106-29","15":"pa_beeldsensor-1-2-8-cmos","16":"pa_dag-nacht-ir-cut-filter-ja","17":"pa_geheugenkaart-type-micro-sdsdhcsdxc-128gb","18":"pa_ingebouwd-type-nachtzicht-infrared-ir-led","19":"pa_lens-mm-2-7-13-5","20":"pa_megapixel-2mp","21":"pa_merk-dahua","22":"pa_minimale-verlichting-0-006-lux-0-lux-met-ir","23":"pa_mobiele-app-fabrikant-ja","24":"pa_nachtzicht-ja","25":"pa_omgeving-binnen-en-buiten","26":"pa_opnemen-op-sd-kaart-ja","27":"pa_poe-802-3af","28":"pa_product-status-a","29":"pa_resolutie-max-pixels-full-hd-1920x1080","30":"pa_vandaalbestendig-nee","31":"pa_voeding-12vdc","32":"pa_voeding-poe","33":"pa_wdr-ja","35":"first","36":"instock","37":"sale","38":"sold-individually","39":"taxable","40":"shipping-taxable","41":"purchasable","42":"product-type-simple"},"brands":[{"id":3376,"name":"Dahua","slug":"dahua"}],"_links":{"self":[{"href":"https:\/\/webstore4.com\/de\/wp-json\/wp\/v2\/product\/8627","targetHints":{"allow":["GET"]}}],"collection":[{"href":"https:\/\/webstore4.com\/de\/wp-json\/wp\/v2\/product"}],"about":[{"href":"https:\/\/webstore4.com\/de\/wp-json\/wp\/v2\/types\/product"}],"replies":[{"embeddable":true,"href":"https:\/\/webstore4.com\/de\/wp-json\/wp\/v2\/comments?post=8627"}],"wp:featuredmedia":[{"embeddable":true,"href":"https:\/\/webstore4.com\/de\/wp-json\/wp\/v2\/media\/8628"}],"wp:attachment":[{"href":"https:\/\/webstore4.com\/de\/wp-json\/wp\/v2\/media?parent=8627"}],"wp:term":[{"taxonomy":"pwb-brand","embeddable":true,"href":"https:\/\/webstore4.com\/de\/wp-json\/wp\/v2\/pwb-brand?post=8627"},{"taxonomy":"product_cat","embeddable":true,"href":"https:\/\/webstore4.com\/de\/wp-json\/wp\/v2\/product_cat?post=8627"},{"taxonomy":"product_tag","embeddable":true,"href":"https:\/\/webstore4.com\/de\/wp-json\/wp\/v2\/product_tag?post=8627"}],"curies":[{"name":"wp","href":"https:\/\/api.w.org\/{rel}","templated":true}]}}