{"id":8619,"date":"2019-06-12T11:02:52","date_gmt":"2019-06-12T09:02:52","guid":{"rendered":"https:\/\/webstore4.com\/\/?product=u-tec-ultraloq-bridge-wifi-adapter-by-anviz-voor-verbinden-ul3-en-ul1-met-het-netwerk-en-mobile-app"},"modified":"2025-02-19T05:22:01","modified_gmt":"2025-02-19T04:22:01","slug":"u-tec-ultraloq-bridge-wifi-adapter-by-anviz-voor-verbinden-ul3-en-ul1-met-het-netwerk-en-mobile-app","status":"publish","type":"product","link":"https:\/\/webstore4.com\/de\/product\/u-tec-ultraloq-bridge-wifi-adapter-by-anviz-voor-verbinden-ul3-en-ul1-met-het-netwerk-en-mobile-app\/","title":{"rendered":"U-tec Ultraloq Bridge Wi-Fi adapter by Anviz voor verbinden UL3 en UL1 met het netwerk en mobile app"},"content":{"rendered":"<p>Mit dem U-tec Ultraloq Bridge WLAN-Adapter k\u00f6nnen die Ultraloq UL3 BT, UL1, UL300 BT, Combo und U-Bolt mit dem lokalen WLAN-Netzwerk verbunden werden. Das Smart Lock kann mit der mobilen App verbunden werden, um das Schloss \u00fcberall auf der Welt zu bedienen und zu verwalten. Mit der WiFi Bridge kann ein eKey beispielsweise f\u00fcr Airbnb-G\u00e4ste bereitgestellt werden. Die WiFi Bridge funktioniert auch mit der Sprachsteuerung Amazon Alexa und IFTTT.<\/p>\n<p><strong>M\u00f6glichkeiten<\/strong><\/p>\n<p>Mit dem U-tec Ultraloq Bridge WiFi-Adapter ist es m\u00f6glich, ein Smart Lock aus der Ferne zu entsperren, Push-Benachrichtigungen zu erhalten, eKeys f\u00fcr den geplanten Zugriff auszustellen und Protokolldateien auszulesen, sodass ersichtlich ist, wer das Schloss verwendet hat. Pro Steckplatz muss eine Bridge verwendet werden.<\/p>\n<p>Onder het tabblad &#8216;Documentatie&#8217; is een link naar de product pagina van de fabrikant opgenomen met uitgebreide informatie en handleidingen.<\/p>\n<p><strong>Wichtige Funktionen<\/strong><\/p>\n<ul>\n<li>Mit der mobilen App k\u00f6nnen Sie von \u00fcberall auf der Welt auf eine T\u00fcr zugreifen und diese verwalten<\/li>\n<li>Bluetooth 4.0 (Bluetooth Smart) und 2,4 GHz 802.11b\/g\/n WLAN<\/li>\n<li>100\u2013240 V Plug-and-Play<\/li>\n<li>LED-Anzeigebeleuchtung<\/li>\n<\/ul>\n<p><a href=\"https:\/\/webstore4.com\/Copyright\/\" target=\"_blank\" rel=\"noopener\"><span style=\"color: #ff6e03; font-size: 11px;\">\u00a9 Der Text ist urheberrechtlich gesch\u00fctzt<\/span><\/a><\/p>","protected":false},"excerpt":{"rendered":"<p>De U-tec Ultraloq Bridge Wi-Fi adapter kan gebruikt worden voor het verbinden van de Ultraloq UL3 BT, UL1, UL300 BT, Combo en U-Bolt met het lokale WiFi netwerk. De smart lock kan zo worden verbonden met de mobile app voor het overal ter wereld bedienen en beheren van het slot. Met de Wi-Fi Bridge kan<\/p>\n<div class=\"klb-readmore button\"><a class=\"btn link\" href=\"https:\/\/webstore4.com\/de\/product\/u-tec-ultraloq-bridge-wifi-adapter-by-anviz-voor-verbinden-ul3-en-ul1-met-het-netwerk-en-mobile-app\/\">Mehr lesen <i class=\"klbth-icon-right-arrow\"><\/i><\/a><\/div>","protected":false},"featured_media":16178,"comment_status":"open","ping_status":"closed","template":"","meta":[],"pwb-brand":[3391],"product_cat":[4191,4417],"product_tag":[],"class_list":{"0":"post-8619","1":"product","2":"type-product","3":"status-publish","4":"has-post-thumbnail","6":"pwb-brand-u-tec","7":"product_cat-access","8":"product_cat-smart-sloten","9":"product_shipping_class-pakket","10":"pa_garantie-3-jaar","11":"pa_materiaal-kunststof","12":"pa_merk-u-tec","13":"pa_omgeving-binnen","14":"pa_product-bridge","15":"pa_voeding-230vac","17":"first","18":"onbackorder","19":"taxable","20":"shipping-taxable","21":"purchasable","22":"product-type-simple"},"brands":[{"id":3391,"name":"U-tec","slug":"u-tec"}],"_links":{"self":[{"href":"https:\/\/webstore4.com\/de\/wp-json\/wp\/v2\/product\/8619","targetHints":{"allow":["GET"]}}],"collection":[{"href":"https:\/\/webstore4.com\/de\/wp-json\/wp\/v2\/product"}],"about":[{"href":"https:\/\/webstore4.com\/de\/wp-json\/wp\/v2\/types\/product"}],"replies":[{"embeddable":true,"href":"https:\/\/webstore4.com\/de\/wp-json\/wp\/v2\/comments?post=8619"}],"wp:featuredmedia":[{"embeddable":true,"href":"https:\/\/webstore4.com\/de\/wp-json\/wp\/v2\/media\/16178"}],"wp:attachment":[{"href":"https:\/\/webstore4.com\/de\/wp-json\/wp\/v2\/media?parent=8619"}],"wp:term":[{"taxonomy":"pwb-brand","embeddable":true,"href":"https:\/\/webstore4.com\/de\/wp-json\/wp\/v2\/pwb-brand?post=8619"},{"taxonomy":"product_cat","embeddable":true,"href":"https:\/\/webstore4.com\/de\/wp-json\/wp\/v2\/product_cat?post=8619"},{"taxonomy":"product_tag","embeddable":true,"href":"https:\/\/webstore4.com\/de\/wp-json\/wp\/v2\/product_tag?post=8619"}],"curies":[{"name":"wp","href":"https:\/\/api.w.org\/{rel}","templated":true}]}}