{"id":8585,"date":"2019-05-26T02:21:19","date_gmt":"2019-05-26T00:21:19","guid":{"rendered":"https:\/\/webstore4.com\/\/?product=hikvision-ds-kd8003-ime1flush-ip-video-intercom-buiten-station-camera-module-met-inbouw-behuizing"},"modified":"2024-04-19T15:07:27","modified_gmt":"2024-04-19T14:07:27","slug":"hikvision-ds-kd8003-ime1b-flush-ip-video-intercom-buiten-station-camera-module-met-inbouw-behuizing","status":"publish","type":"product","link":"https:\/\/webstore4.com\/de\/product\/hikvision-ds-kd8003-ime1b-flush-ip-video-intercom-buiten-station-camera-module-met-inbouw-behuizing\/","title":{"rendered":"Hikvision DS-KD8003-IME1(B)\/FLUSH IP-Video-Gegensprechanlage-Kameramodul f\u00fcr Au\u00dfenstationen mit integriertem Geh\u00e4use"},"content":{"rendered":"<div class=\"video-frame-box\" style=\"width: 100%; max-width: 480px; max-height: 270px; float: right; padding: 0px 10px 10px 10px;\">\n<div class=\"video-frame\"><iframe src=\"\/\/www.youtube.com\/embed\/TW-K5pFtcVg?rel=0&amp;modestbranding=1&amp;showinfo=0&amp;autohide=1\" width=\"480\" height=\"270\" frameborder=\"0\"><\/iframe><\/div>\n<\/div>\n<p>De Hikvision DS-KD8003-IME1(B)\/FLUSH is een camera module met een Full HD 2 megapixel 146 graden fisheye lens compleet met een inbouw behuizing en een voorpaneel voor gebruik in het Hikvision second generation IP intercom systeem.<\/p>\n<p>Das System wird durch eine oder mehrere Gegensprechanlagen innerhalb des Monitors vervollst\u00e4ndigt. Auch ein Audio-\/Videogespr\u00e4ch mit Push-Benachrichtigungen \u00fcber die Hikvision-Smartphone-App ist m\u00f6glich.<\/p>\n<p><strong>Eigenschaften<\/strong><\/p>\n<p>Die Kamera verf\u00fcgt \u00fcber einen 2-Megapixel-Full-HD-Bildsensor mit einer Aufl\u00f6sung von 1920x1080 Pixeln und einem weiten horizontalen Betrachtungswinkel von 146 Grad. Dank der Wide Dynamic Range (WDR)-Technologie kommt die Kamera sehr gut mit Gegenlicht zurecht.<br \/>\nDie Kamera ist mit einem lichtempfindlichen Bildsensor ausgestattet, der auch bei wenig Umgebungslicht ein gutes Farbbild liefert. F\u00fcr dunkle Bedingungen ist das Kameramodul mit Infrarot-LED-Licht ausgestattet.<\/p>\n<p>Das Kameramodul muss mit einem oder mehreren passenden Hikvision-Intercom-Innenmonitoren kombiniert werden. Auf dem Kameramodul befinden sich ein Druckknopf und ein Typenschild. Es k\u00f6nnen maximal 6 Monitore verwendet werden.<\/p>\n<p>De Hikvision DS-KD8003-IME1(B)\/FLUSH beschikt over een omni-directionele microfoon en 85dB luidspreker voor een duidelijk audio\/video gesprek. De camera module kan worden verbonden met maximaal 2 elektrische sloten om op afstand bijvoorbeeld een deur te ontgrendelen en\/of een elektrisch hek aan te sturen. De camera module heeft twee alarm ingangen voor magneet contacten en twee ingangen voor exit knoppen.<\/p>\n<p><strong>Montage<\/strong><\/p>\n<p>De Hikvision DS-KD8003-IME1(B)\/FLUSH module moet worden ingebouwd met de bijgeleverde behuizing en voorpaneel. Materiaal voor het bevestigen wordt meegeleverd. De camera module wordt met 1 netwerkkabel aangesloten op het lokale netwerk en kan worden gevoed met standaard 802.3af PoE vanuit een PoE switch of met 12VDC\/1A voeding (niet meegeleverd).<\/p>\n<p>Das Datenblatt und das Handbuch haben wir im Reiter \u201eDokumentation\u201c eingebunden.<\/p>\n<p><strong>Haupteigenschaften<\/strong><\/p>\n<ul>\n<li>2-Megapixel-Full-HD-Bildsensor mit geringer Beleuchtung und 146-Grad-Fisheye-Objektiv<\/li>\n<li>Infrarot-Nachtsicht<\/li>\n<li>Fern\u00f6ffnen von T\u00fcr und\/oder Tor mit Monitor oder App<\/li>\n<li>Flexibles Baukastensystem<\/li>\n<li>Sich gegenseitig anrufen<\/li>\n<li>Eingebaut<\/li>\n<li>Manipulationsalarm und Alarmeing\u00e4nge f\u00fcr T\u00fcrmagnetkontakte<\/li>\n<li>RTSP-Stream<\/li>\n<li>IP65 wetterfest<\/li>\n<li>Stromversorgung und Signal \u00fcber 1 Netzwerkkabel mit Standard 802.3af PoE<\/li>\n<\/ul>\n<p><a href=\"https:\/\/www.webstore4ipcameras.nl\/Copyright\" target=\"_blank\" rel=\"noopener\"><span style=\"color: #ff6e03; font-size: 11px;\">\u00a9 Der Text ist urheberrechtlich gesch\u00fctzt<\/span><\/a><\/p>","protected":false},"excerpt":{"rendered":"<p>De Hikvision DS-KD8003-IME1(B)\/FLUSH is een camera module met een Full HD 2 megapixel 146 graden fisheye lens compleet met een inbouw behuizing en een voorpaneel voor gebruik in het Hikvision second generation IP intercom systeem. Het systeem wordt compleet gemaakt met een of meerdere intercom binnen monitor(en). Een audio\/video gesprek met push notifications via de<\/p>\n<div class=\"klb-readmore button\"><a class=\"btn link\" href=\"https:\/\/webstore4.com\/de\/product\/hikvision-ds-kd8003-ime1b-flush-ip-video-intercom-buiten-station-camera-module-met-inbouw-behuizing\/\">Mehr lesen <i class=\"klbth-icon-right-arrow\"><\/i><\/a><\/div>","protected":false},"featured_media":8586,"comment_status":"open","ping_status":"closed","template":"","meta":[],"pwb-brand":[3367],"product_cat":[4178,4182,4227,4228],"product_tag":[1674],"class_list":{"0":"post-8585","1":"product","2":"type-product","3":"status-publish","4":"has-post-thumbnail","6":"pwb-brand-hikvision","7":"product_cat-intercom","8":"product_cat-hikvision-ip-video","9":"product_cat-series-intercom","10":"product_cat-hikvision-2nd-generation","11":"product_tag-ds-kd8003-ime1-flush","12":"product_shipping_class-pakket","13":"pa_aansluiting-netwerk-kabel","14":"pa_audio-microfoon","15":"pa_audio-speaker","16":"pa_beeldhoek-graden-horizontaal-4554","17":"pa_draadloos-nee","18":"pa_ingebouwd-type-nachtzicht-infrared-ir-led","19":"pa_kaartlezer-nee","20":"pa_kleur-grijs","21":"pa_materiaal-kunststof","22":"pa_megapixel-2mp","23":"pa_merk-hikvision","24":"pa_mobiele-app-fabrikant-ja","25":"pa_modulair-ja","26":"pa_montage-inbouw","27":"pa_omgeving-binnen-en-buiten","28":"pa_poe-802-3af","29":"pa_product-buitenpost","30":"pa_product-status-a","31":"pa_resolutie-max-pixels-full-hd-1920x1080","32":"pa_stand-alone-nee","33":"pa_vandaalbestendig-nee","34":"pa_voeding-12vdc","35":"pa_voeding-poe","37":"first","38":"onbackorder","39":"taxable","40":"shipping-taxable","41":"purchasable","42":"product-type-simple"},"brands":[{"id":3367,"name":"Hikvision","slug":"hikvision"}],"_links":{"self":[{"href":"https:\/\/webstore4.com\/de\/wp-json\/wp\/v2\/product\/8585","targetHints":{"allow":["GET"]}}],"collection":[{"href":"https:\/\/webstore4.com\/de\/wp-json\/wp\/v2\/product"}],"about":[{"href":"https:\/\/webstore4.com\/de\/wp-json\/wp\/v2\/types\/product"}],"replies":[{"embeddable":true,"href":"https:\/\/webstore4.com\/de\/wp-json\/wp\/v2\/comments?post=8585"}],"wp:featuredmedia":[{"embeddable":true,"href":"https:\/\/webstore4.com\/de\/wp-json\/wp\/v2\/media\/8586"}],"wp:attachment":[{"href":"https:\/\/webstore4.com\/de\/wp-json\/wp\/v2\/media?parent=8585"}],"wp:term":[{"taxonomy":"pwb-brand","embeddable":true,"href":"https:\/\/webstore4.com\/de\/wp-json\/wp\/v2\/pwb-brand?post=8585"},{"taxonomy":"product_cat","embeddable":true,"href":"https:\/\/webstore4.com\/de\/wp-json\/wp\/v2\/product_cat?post=8585"},{"taxonomy":"product_tag","embeddable":true,"href":"https:\/\/webstore4.com\/de\/wp-json\/wp\/v2\/product_tag?post=8585"}],"curies":[{"name":"wp","href":"https:\/\/api.w.org\/{rel}","templated":true}]}}