{"id":8581,"date":"2019-05-19T01:28:31","date_gmt":"2019-05-18T23:28:31","guid":{"rendered":"https:\/\/webstore4.com\/\/?product=sp204dmg-grijze-montagebox-van-aluminium"},"modified":"2024-04-19T15:07:26","modified_gmt":"2024-04-19T14:07:26","slug":"sp204dmg-grijze-montagebox-van-aluminium","status":"publish","type":"product","link":"https:\/\/webstore4.com\/de\/product\/sp204dmg-grijze-montagebox-van-aluminium\/","title":{"rendered":"SP204DMG grijze montagebox van aluminium"},"content":{"rendered":"<p>Der SP204DM ist ein Montagekasten aus wei\u00dfem Aluminium, der f\u00fcr die Innen- und Au\u00dfenmontage geeignet ist. Der WL4 SP204DM wird h\u00e4ufig zur Installation von Dome-Kameras an der Wand oder Decke verwendet.<br \/>\nDoor deze grijze montagebox is het mogelijk om een interne bekabeling te cre\u00ebren.<\/p>\n<p><strong>Wichtige Funktionen<\/strong><\/p>\n<ul>\n<li>Montagebox f\u00fcr Dome-Kameras<\/li>\n<li>38MM hoch<\/li>\n<li>92 mm Durchmesser<\/li>\n<li>Kann drinnen und drau\u00dfen verwendet werden<\/li>\n<li>Dunkelgrau<\/li>\n<\/ul>\n<p><a href=\"https:\/\/www.webstore4ipcameras.nl\/Copyright\" target=\"_blank\" rel=\"noopener\"><span style=\"color: #ff6e03; font-size: 11px;\">\u00a9 Der Text ist urheberrechtlich gesch\u00fctzt<\/span><\/a><\/p>","protected":false},"excerpt":{"rendered":"<p>De SP204DMG is een grijze montagebox van aluminium geschikt voor binnen of buiten montage. De WL4 SP204DMG wordt veelal gebruikt voor het plaatsen van dome camera&#8217;s aan wand of plafond. Door deze grijze montagebox is het mogelijk om een interne bekabeling te cre\u00ebren. Belangrijke kenmerken Montagebox voor dome camera&#8217;s 38 MM hoog 92 MM diameter<\/p>\n<div class=\"klb-readmore button\"><a class=\"btn link\" href=\"https:\/\/webstore4.com\/de\/product\/sp204dmg-grijze-montagebox-van-aluminium\/\">Mehr lesen <i class=\"klbth-icon-right-arrow\"><\/i><\/a><\/div>","protected":false},"featured_media":8582,"comment_status":"open","ping_status":"closed","template":"","meta":[],"pwb-brand":[3380],"product_cat":[4620],"product_tag":[],"class_list":{"0":"post-8581","1":"product","2":"type-product","3":"status-publish","4":"has-post-thumbnail","6":"pwb-brand-wl4","7":"product_cat-camera-toebehoren","8":"product_shipping_class-pakket","9":"pa_kleur-donkergrijs","10":"pa_materiaal-aluminium","11":"pa_merk-wl4","12":"pa_omgeving-binnen-en-buiten","13":"pa_product-montagebox","15":"first","16":"instock","17":"taxable","18":"shipping-taxable","19":"purchasable","20":"product-type-simple"},"brands":[{"id":3380,"name":"WL4","slug":"wl4"}],"_links":{"self":[{"href":"https:\/\/webstore4.com\/de\/wp-json\/wp\/v2\/product\/8581","targetHints":{"allow":["GET"]}}],"collection":[{"href":"https:\/\/webstore4.com\/de\/wp-json\/wp\/v2\/product"}],"about":[{"href":"https:\/\/webstore4.com\/de\/wp-json\/wp\/v2\/types\/product"}],"replies":[{"embeddable":true,"href":"https:\/\/webstore4.com\/de\/wp-json\/wp\/v2\/comments?post=8581"}],"wp:featuredmedia":[{"embeddable":true,"href":"https:\/\/webstore4.com\/de\/wp-json\/wp\/v2\/media\/8582"}],"wp:attachment":[{"href":"https:\/\/webstore4.com\/de\/wp-json\/wp\/v2\/media?parent=8581"}],"wp:term":[{"taxonomy":"pwb-brand","embeddable":true,"href":"https:\/\/webstore4.com\/de\/wp-json\/wp\/v2\/pwb-brand?post=8581"},{"taxonomy":"product_cat","embeddable":true,"href":"https:\/\/webstore4.com\/de\/wp-json\/wp\/v2\/product_cat?post=8581"},{"taxonomy":"product_tag","embeddable":true,"href":"https:\/\/webstore4.com\/de\/wp-json\/wp\/v2\/product_tag?post=8581"}],"curies":[{"name":"wp","href":"https:\/\/api.w.org\/{rel}","templated":true}]}}