{"id":8575,"date":"2019-05-19T00:37:27","date_gmt":"2019-05-18T22:37:27","guid":{"rendered":"https:\/\/webstore4.com\/\/?product=x-security-xsc-ipt821ah-5e-full-hd-5mp-buiten-eyeball-camera-met-ir-nachtzicht-vaste-lens-microfoon-en-poe"},"modified":"2024-06-20T08:03:42","modified_gmt":"2024-06-20T07:03:42","slug":"x-security-xsc-ipt821ah-5e-5mp-eyeball-camera","status":"publish","type":"product","link":"https:\/\/webstore4.com\/de\/product\/x-security-xsc-ipt821ah-5e-5mp-eyeball-camera\/","title":{"rendered":"X-Security XSC-IPT821AH-5E Full HD 5MP Augapfelkamera f\u00fcr den Au\u00dfenbereich mit IR-Nachtsicht, festem Objektiv, Mikrofon und PoE"},"content":{"rendered":"<p>Die X-Sicherheit IP-Kameras der XSC-Serie sind sehr preisg\u00fcnstige Kameras mit guten Einsatzm\u00f6glichkeiten, unter anderem aufgrund der einfachen Integration mit Dahua- und X-Security-Rekordern, Software und mobiler App.<\/p>\n<p><strong>M\u00f6glichkeiten<\/strong><\/p>\n<p>Der X-Security XSC-IPT821AH-5E zeigt Bilder in einer Full-HD-Aufl\u00f6sung von 2592 x 1944 an. Die Kamera verf\u00fcgt \u00fcber einen eingebauten automatischen IR-Sperrfilter, was sie zu einer echten Tag-\/Nachtkamera macht. Bei Dunkelheit kann die Kamera die integrierte IR-Beleuchtung einschalten, die auch bei v\u00f6lliger Dunkelheit (0 Lux) f\u00fcr ein gestochen scharfes Bild sorgt. Die IR-Beleuchtung hat eine Reichweite von bis zu 30 Metern. Die Kamera verf\u00fcgt \u00fcber Digital Wide Dynamic Range (DWDR), wodurch die Kamera komplexe Lichtverh\u00e4ltnisse bew\u00e4ltigen kann, beispielsweise durch Gegenlicht der Sonne oder Autoscheinwerfer. Die Kamera verf\u00fcgt \u00fcber ein 3,6-mm-Festobjektiv und ein eingebautes Mikrofon.<\/p>\n<p>De XSC-serie camera&#8217;s beschikken over bewegingsdetectie en line crossing detectie en kunnen een email sturen ingeval van detectie. De XSC-serie hanteert het ONVIF protocol voor een goede integratie met producten van andere merken die ook het ONVIF protocol hanteren. Beelden kunnen onder meer worden opgeslagen op een Netwerk Video Recorder (NVR) van onder meer het merk Dahua, X-Security, Hikvision HiWatch, Safire en UniView.<\/p>\n<p>Configuratie kan vanaf de NVR (met een aangesloten monitor of TV met HDMI) of een PC. Beelden kunnen worden bekeken met een PC, een mobile app op een smartphone of tablet of op een monitor of TV aan de NVR. Onder het tabblad &#8220;Documentatie&#8221; is een gedetailleerde handleiding voor het verbinden met NVR&#8217;s opgenomen. De camera beschikt niet over de mogelijkheid om in de camera op te nemen op een microSD geheugenkaart.<\/p>\n<p>F\u00fcr die Kameras der XSC-Serie sind kostenlose Apple iOS- und Android-Apps verf\u00fcgbar. Die XSC-Serie funktioniert mit der DMSS-App von Dahua und EasyView von Safire. Die Verbindung ist anhand der IP-Adresse und einer eventuellen Portweiterleitung im Router m\u00f6glich. Die App von Danale erm\u00f6glicht eine einfache Verbindung durch das Scannen eines QR-Codes. Auch kostenpflichtiger Cloud-Speicher kann in der Danale-App ausgew\u00e4hlt werden.<\/p>\n<p><strong>Installation<\/strong><\/p>\n<p>Die XSC-Serie verf\u00fcgt \u00fcber die Schutzart IP66, wodurch sich die Kamera ideal f\u00fcr den Au\u00dfenbereich eignet. Das Kamerageh\u00e4use besteht aus Metall. Zur einfacheren Installation kann die Kamera \u00fcber das Netzwerkkabel mit Power over Ethernet (Standard 802.3af POE) mit Strom versorgt werden. PoE kann \u00fcber einen PoE-NVR, einen PoE-Switch oder mit einem PoE-Injektor bezogen werden. Die Kamera kann auch mit einem optionalen 12-V-Netzteil mit Strom versorgt werden. Unter dem Reiter \u201eOptionen\u201c k\u00f6nnen Sie angeben, ob ein Adapter und\/oder eine Montagehalterung enthalten sein soll. Die Kamera eignet sich auch f\u00fcr die vertikale Aufstellung an einer Wand. Zur Lokalisierung der Kamera im Netzwerk und zur Konfiguration der Netzwerkeinstellungen steht Windows-Software zur Verf\u00fcgung. Der Download f\u00fcr die Software und ein Webbrowser-Plugin sind im Reiter \u201eDokumentation\u201c enthalten.<\/p>\n<p><strong>Wichtigste Funktionen<\/strong><\/p>\n<ul>\n<li>5-Megapixel-Full-HD-Kamera<\/li>\n<li>Eingebautes Mikrophon<\/li>\n<li>Tag-\/Nachtkamera mit automatischem mechanischem IR-Sperrfilter<\/li>\n<li>IR-Nachtsichtbeleuchtung bis zu 30 Meter<\/li>\n<li>Digital Wide Dynamic Range (DWDR)<\/li>\n<li>Zonen-optionale Hintergrundbeleuchtungskompensation (BLC)<\/li>\n<li>3D-Digital-Rauschunterdr\u00fcckung (3D-DNR)<\/li>\n<li>Bewegungserkennung, Linien\u00fcberschreitung, Privatzonenmaske<\/li>\n<li>ONVIF-Protokoll<\/li>\n<li>Dual-Stream<\/li>\n<li>H.265-Komprimierung<\/li>\n<li>IP66 wetterfest<\/li>\n<li>Stromversorgung \u00fcber 12VDC-Adapter oder \u00fcber PoE (802.3af)<\/li>\n<\/ul>\n<p><a href=\"https:\/\/webstore4.com\/Copyright\/\" target=\"_blank\" rel=\"noopener\"><span style=\"color: #ff6e03; font-size: 11px;\">\u00a9 Der Text ist urheberrechtlich gesch\u00fctzt<\/span><\/a><\/p>","protected":false},"excerpt":{"rendered":"<p>Die X-Sicherheit IP-Kameras der XSC-Serie sind sehr preisg\u00fcnstige Kameras mit guten Einsatzm\u00f6glichkeiten, unter anderem aufgrund der einfachen Integration mit Dahua- und X-Security-Rekordern, Software und mobiler App.<\/p>\n<div class=\"klb-readmore button\"><a class=\"btn link\" href=\"https:\/\/webstore4.com\/de\/product\/x-security-xsc-ipt821ah-5e-5mp-eyeball-camera\/\">Mehr lesen <i class=\"klbth-icon-right-arrow\"><\/i><\/a><\/div>","protected":false},"featured_media":15118,"comment_status":"open","ping_status":"closed","template":"","meta":[],"pwb-brand":[3395],"product_cat":[3435,4184,4200,4231],"product_tag":[],"class_list":{"0":"post-8575","1":"product","2":"type-product","3":"status-publish","4":"has-post-thumbnail","6":"pwb-brand-x-security","7":"product_cat-ip-cameras","8":"product_cat-cameras","9":"product_cat-dome-eyeball-cameras-cameras","10":"product_cat-x-security-xsc-serie-eco-series","11":"product_shipping_class-pakket","12":"pa_aanbieding-opop","13":"pa_audio-microfoon","14":"pa_beeldsensor-1-2-5-cmos","15":"pa_dag-nacht-ir-cut-filter-ja","16":"pa_ingebouwd-type-nachtzicht-infrared-ir-led","17":"pa_lens-mm-3-6","18":"pa_megapixel-5mp","19":"pa_merk-x-security","20":"pa_minimale-verlichting-0-lux-with-ir","21":"pa_mobiele-app-fabrikant-ja","22":"pa_nachtzicht-ja","23":"pa_omgeving-binnen-en-buiten","24":"pa_opnemen-op-sd-kaart-nee","25":"pa_poe-802-3af","26":"pa_resolutie-max-pixels-full-hd-2592x1944","27":"pa_vandaalbestendig-nee","28":"pa_verstelbare-assen-3631","29":"pa_voeding-12vdc","30":"pa_voeding-poe","31":"pa_wdr-ja","33":"first","34":"instock","35":"sale","36":"sold-individually","37":"taxable","38":"shipping-taxable","39":"purchasable","40":"product-type-simple"},"brands":[{"id":3395,"name":"X-Security","slug":"x-security"}],"_links":{"self":[{"href":"https:\/\/webstore4.com\/de\/wp-json\/wp\/v2\/product\/8575","targetHints":{"allow":["GET"]}}],"collection":[{"href":"https:\/\/webstore4.com\/de\/wp-json\/wp\/v2\/product"}],"about":[{"href":"https:\/\/webstore4.com\/de\/wp-json\/wp\/v2\/types\/product"}],"replies":[{"embeddable":true,"href":"https:\/\/webstore4.com\/de\/wp-json\/wp\/v2\/comments?post=8575"}],"wp:featuredmedia":[{"embeddable":true,"href":"https:\/\/webstore4.com\/de\/wp-json\/wp\/v2\/media\/15118"}],"wp:attachment":[{"href":"https:\/\/webstore4.com\/de\/wp-json\/wp\/v2\/media?parent=8575"}],"wp:term":[{"taxonomy":"pwb-brand","embeddable":true,"href":"https:\/\/webstore4.com\/de\/wp-json\/wp\/v2\/pwb-brand?post=8575"},{"taxonomy":"product_cat","embeddable":true,"href":"https:\/\/webstore4.com\/de\/wp-json\/wp\/v2\/product_cat?post=8575"},{"taxonomy":"product_tag","embeddable":true,"href":"https:\/\/webstore4.com\/de\/wp-json\/wp\/v2\/product_tag?post=8575"}],"curies":[{"name":"wp","href":"https:\/\/api.w.org\/{rel}","templated":true}]}}