{"id":8562,"date":"2019-05-12T00:36:46","date_gmt":"2019-05-11T22:36:46","guid":{"rendered":"https:\/\/webstore4.com\/\/?product=yli-ym-280w-s-elektromagnetisch-slot-opbouw-kleefmagneet-280kg-van-rvs-geschikt-voor-buiten"},"modified":"2025-06-19T07:56:18","modified_gmt":"2025-06-19T06:56:18","slug":"yli-ym-280w-s-elektromagnetisch-slot-kleefmagneet","status":"publish","type":"product","link":"https:\/\/webstore4.com\/de\/product\/yli-ym-280w-s-elektromagnetisch-slot-kleefmagneet\/","title":{"rendered":"YLI YM-280W-S Elektromagnetisches Schloss, oberfl\u00e4chenmontierter Klebemagnet 280 kg aus Edelstahl, geeignet f\u00fcr den Au\u00dfenbereich"},"content":{"rendered":"<p>Das YLI YM-280W-S ist ein hochwertiges elektromagnetisches Schloss f\u00fcr den Au\u00dfenbereich (IP68) aus Edelstahl. Sobald die Stromversorgung des Schlosses unterbrochen wird, ist die T\u00fcr nicht verriegelt (ausfallsicher).<\/p>\n<p><strong>M\u00f6glichkeiten<\/strong><\/p>\n<p>Der YLI YM-280W-S eignet sich f\u00fcr den Einsatz mit Zugangskontrollsystemen wie Gegensprechanlagen und Kartenlesern. Der YLI YM-280W-S wird normalerweise im oder am Rahmen montiert, um eine T\u00fcr geschlossen zu halten. Das Schloss verf\u00fcgt \u00fcber eine LED zur Anzeige des Schlossstatus und einen Schlossstatussensor. Das Schloss verf\u00fcgt \u00fcber keine mechanisch beweglichen Teile und hat daher eine sehr lange Lebensdauer.<\/p>\n<p>De kleefmagneet heeft een kleefkracht van 280KG en kan worden gevoed met 12 of 24VDC. Voeding wordt niet meegeleverd. Onder het tabblad\u00a0 &#8216;Opties&#8217; staan verschillende voedingen aangegeven. De kleefmagneet wordt geleverd met een platte ankerplaat.<\/p>\n<p>Wir empfehlen, das Datenblatt auf der Registerkarte \u201eDokumentation\u201c zu konsultieren, um die richtige Anwendung zu finden.<\/p>\n<p><strong>Wichtigste Funktionen<\/strong><\/p>\n<ul>\n<li>Ausfallsicheres Schloss<\/li>\n<li>Edelstahl und wetterfest IP68<\/li>\n<li>Statussensorausgang<\/li>\n<li>12 VDC\/520 mA oder 24 VDC\/260 mA<\/li>\n<li>280 kg Haltekraft<\/li>\n<li>Inklusive Ankerplatte<\/li>\n<li>Status-LED<\/li>\n<\/ul>\n<p><a href=\"https:\/\/webstore4.com\/Copyright\/\" target=\"_blank\" rel=\"noopener\"><span style=\"color: #ff6e03; font-size: 11px;\">\u00a9 Der Text ist urheberrechtlich gesch\u00fctzt<\/span><\/a><\/p>","protected":false},"excerpt":{"rendered":"<p>De YLI YM-280W-S\u00a0is een hoogwaardig elektromagnetisch slot voor buiten (IP68) gemaakt van roestvrij staal (RVS). Zodra de stroom naar het slot wegvalt is de deur niet op slot (fail safe). Mogelijkheden De YLI YM-280W-S is geschikt om te worden gebruikt met toegangscontrole systemen zoals intercom en paslezers. Dit slot wordt meestal in of op het<\/p>\n<div class=\"klb-readmore button\"><a class=\"btn link\" href=\"https:\/\/webstore4.com\/de\/product\/yli-ym-280w-s-elektromagnetisch-slot-kleefmagneet\/\">Mehr lesen <i class=\"klbth-icon-right-arrow\"><\/i><\/a><\/div>","protected":false},"featured_media":8563,"comment_status":"open","ping_status":"closed","template":"","meta":[],"pwb-brand":[3382],"product_cat":[4191,4197],"product_tag":[],"class_list":{"0":"post-8562","1":"product","2":"type-product","3":"status-publish","4":"has-post-thumbnail","6":"pwb-brand-yli","7":"product_cat-access","8":"product_cat-elektrische-sloten","9":"product_shipping_class-pakket","10":"pa_fail-fail-safe","11":"pa_garantie-3-jaar","12":"pa_materiaal-roestvast-staal","13":"pa_merk-yli","14":"pa_montage-inbouw","15":"pa_montage-opbouw","16":"pa_omgeving-binnen-en-buiten","17":"pa_product-kleefmagneet","18":"pa_voeding-12vdc","19":"pa_voeding-24vdc","20":"pa_weersbestendigheid-ip68","21":"pa_weerstand-kracht-280-kg","23":"first","24":"onbackorder","25":"taxable","26":"shipping-taxable","27":"purchasable","28":"product-type-simple"},"brands":[{"id":3382,"name":"YLI","slug":"yli"}],"_links":{"self":[{"href":"https:\/\/webstore4.com\/de\/wp-json\/wp\/v2\/product\/8562","targetHints":{"allow":["GET"]}}],"collection":[{"href":"https:\/\/webstore4.com\/de\/wp-json\/wp\/v2\/product"}],"about":[{"href":"https:\/\/webstore4.com\/de\/wp-json\/wp\/v2\/types\/product"}],"replies":[{"embeddable":true,"href":"https:\/\/webstore4.com\/de\/wp-json\/wp\/v2\/comments?post=8562"}],"wp:featuredmedia":[{"embeddable":true,"href":"https:\/\/webstore4.com\/de\/wp-json\/wp\/v2\/media\/8563"}],"wp:attachment":[{"href":"https:\/\/webstore4.com\/de\/wp-json\/wp\/v2\/media?parent=8562"}],"wp:term":[{"taxonomy":"pwb-brand","embeddable":true,"href":"https:\/\/webstore4.com\/de\/wp-json\/wp\/v2\/pwb-brand?post=8562"},{"taxonomy":"product_cat","embeddable":true,"href":"https:\/\/webstore4.com\/de\/wp-json\/wp\/v2\/product_cat?post=8562"},{"taxonomy":"product_tag","embeddable":true,"href":"https:\/\/webstore4.com\/de\/wp-json\/wp\/v2\/product_tag?post=8562"}],"curies":[{"name":"wp","href":"https:\/\/api.w.org\/{rel}","templated":true}]}}