{"id":8554,"date":"2019-05-05T20:05:06","date_gmt":"2019-05-05T18:05:06","guid":{"rendered":"https:\/\/webstore4.com\/\/?product=yli-ye-303-elektrisch-pen-slot-voor-dubbele-kastdeuren"},"modified":"2024-04-19T15:07:16","modified_gmt":"2024-04-19T14:07:16","slug":"yli-ye-303-elektrisch-pen-slot-voor-dubbele-kastdeuren","status":"publish","type":"product","link":"https:\/\/webstore4.com\/de\/product\/yli-ye-303-elektrisch-pen-slot-voor-dubbele-kastdeuren\/","title":{"rendered":"YLI YE-303 elektrisches Stiftschloss f\u00fcr Doppelschrankt\u00fcren"},"content":{"rendered":"<p>Das YLI YE-303 ist ein kleines elektrisches Stiftschloss f\u00fcr eine Schrankt\u00fcr, Schublade oder eine kleine Schiebet\u00fcr. Der YLI YE-303 eignet sich sehr gut f\u00fcr Doppelschrankt\u00fcren, beispielsweise einer Vitrine, einer Dokumentenschublade, einem Medikamentenschrank, einem Spind usw.<\/p>\n<p><strong>M\u00f6glichkeiten<\/strong><\/p>\n<p>De YLI YLI YE-303 is geschikt om te worden gebruikt met ieder toegangscontrole systeem. Het slot moet worden gevoed met 12VDC. Voeding wordt niet meegeleverd. In de categorie &#8216;Voedingen&#8217; onder &#8216;Benodigdheden&#8217; staan verschillende geschikte voedingen. Ook onder &#8216;Opties&#8217; zijn enkele geschikte voedingen opgenomen.<\/p>\n<p>Wij adviseren de datasheet, die is opgenomen onder het tabblad &#8216;Documentatie&#8217;, te raadplegen voor de afmetingen en de juiste toepassing.<\/p>\n<p><strong>Wichtigste Funktionen<\/strong><\/p>\n<ul>\n<li>Elektrisch pen slot<\/li>\n<li>Ausfallsicheres Schloss<\/li>\n<li>Geschikt voor kastdeur, lade of kleine schuifdeur<\/li>\n<li>12VDC-Stromversorgung<\/li>\n<\/ul>\n<p><a href=\"https:\/\/webstore4.com\/Copyright\/\" target=\"_blank\" rel=\"noopener\"><span style=\"color: #ff6e03; font-size: 11px;\">\u00a9 Der Text ist urheberrechtlich gesch\u00fctzt<\/span><\/a><\/p>","protected":false},"excerpt":{"rendered":"<p>De\u00a0YLI YE-303 is een klein elektrisch penslot voor een kastdeur, lade of een kleine schuifdeur. De YLI YE-303 is zeer geschikt voor dubbele kastdeuren van bijvoorbeeld een vitrine, documentlade, medicijnenkast, locker etc. Mogelijkheden De YLI YLI YE-303 is geschikt om te worden gebruikt met ieder toegangscontrole systeem. Het slot moet worden gevoed met 12VDC. Voeding<\/p>\n<div class=\"klb-readmore button\"><a class=\"btn link\" href=\"https:\/\/webstore4.com\/de\/product\/yli-ye-303-elektrisch-pen-slot-voor-dubbele-kastdeuren\/\">Mehr lesen <i class=\"klbth-icon-right-arrow\"><\/i><\/a><\/div>","protected":false},"featured_media":8555,"comment_status":"open","ping_status":"closed","template":"","meta":[],"pwb-brand":[3382],"product_cat":[4191,4197],"product_tag":[],"class_list":{"0":"post-8554","1":"product","2":"type-product","3":"status-publish","4":"has-post-thumbnail","6":"pwb-brand-yli","7":"product_cat-access","8":"product_cat-elektrische-sloten","9":"product_shipping_class-pakket","10":"pa_fail-fail-safe","11":"pa_garantie-2-jaar","12":"pa_materiaal-kunststof","13":"pa_materiaal-staal","14":"pa_merk-yli","15":"pa_montage-opbouw","16":"pa_omgeving-binnen","17":"pa_product-kast-slot","18":"pa_product-mini-slot","19":"pa_voeding-12vdc","21":"first","22":"instock","23":"taxable","24":"shipping-taxable","25":"purchasable","26":"product-type-simple"},"brands":[{"id":3382,"name":"YLI","slug":"yli"}],"_links":{"self":[{"href":"https:\/\/webstore4.com\/de\/wp-json\/wp\/v2\/product\/8554","targetHints":{"allow":["GET"]}}],"collection":[{"href":"https:\/\/webstore4.com\/de\/wp-json\/wp\/v2\/product"}],"about":[{"href":"https:\/\/webstore4.com\/de\/wp-json\/wp\/v2\/types\/product"}],"replies":[{"embeddable":true,"href":"https:\/\/webstore4.com\/de\/wp-json\/wp\/v2\/comments?post=8554"}],"wp:featuredmedia":[{"embeddable":true,"href":"https:\/\/webstore4.com\/de\/wp-json\/wp\/v2\/media\/8555"}],"wp:attachment":[{"href":"https:\/\/webstore4.com\/de\/wp-json\/wp\/v2\/media?parent=8554"}],"wp:term":[{"taxonomy":"pwb-brand","embeddable":true,"href":"https:\/\/webstore4.com\/de\/wp-json\/wp\/v2\/pwb-brand?post=8554"},{"taxonomy":"product_cat","embeddable":true,"href":"https:\/\/webstore4.com\/de\/wp-json\/wp\/v2\/product_cat?post=8554"},{"taxonomy":"product_tag","embeddable":true,"href":"https:\/\/webstore4.com\/de\/wp-json\/wp\/v2\/product_tag?post=8554"}],"curies":[{"name":"wp","href":"https:\/\/api.w.org\/{rel}","templated":true}]}}