{"id":8548,"date":"2019-05-05T01:53:06","date_gmt":"2019-05-04T23:53:06","guid":{"rendered":"https:\/\/webstore4.com\/\/?product=yli-ym-2400sl-elektromagnetisch-inbouw-slot-kleefmagneet-met-pensluiting-1200kg-12vdc-fail-safe-met-sensor-en-led"},"modified":"2026-04-17T13:16:53","modified_gmt":"2026-04-17T12:16:53","slug":"yli-ym-2400sl-elektromagnetisch-inbouw-slot-kleefmagneet-met-pensluiting-1200kg-12vdc-fail-safe-met-sensor-en-led","status":"publish","type":"product","link":"https:\/\/webstore4.com\/de\/product\/yli-ym-2400sl-elektromagnetisch-inbouw-slot-kleefmagneet-met-pensluiting-1200kg-12vdc-fail-safe-met-sensor-en-led\/","title":{"rendered":"YLI YM-2400SL Elektromagnetischer eingebauter Haftmagnet mit Stiftverriegelung, 1200 kg, 12 VDC, ausfallsicher, mit Sensor und LED"},"content":{"rendered":"<p>Das YLI YM-2400SL ist ein hochwertiges kombiniertes elektromagnetisches Schloss mit Stiften f\u00fcr den Einbau in T\u00fcr und Rahmen. Der YM-2400SL verf\u00fcgt \u00fcber einen Timer, einen T\u00fcrsensorausgang und eine LED-Anzeige. Sobald die Stromversorgung des Schlosses unterbrochen wird, ist die T\u00fcr nicht verriegelt (ausfallsicher). Der Widerstand des Schlosses ist sehr hoch: 1200 kg.<\/p>\n<p><strong>M\u00f6glichkeiten<\/strong><\/p>\n<p>Der YLI YM-2400SL ist f\u00fcr den Einsatz mit Zugangskontrollsystemen wie Gegensprechanlagen und Kartenlesern geeignet. Der YLI YM-2400SL wird im Rahmen und in der T\u00fcr montiert. Das Schloss verf\u00fcgt \u00fcber eine LED zur Anzeige des Schlossstatus, einen T\u00fcr- und Schlossstatussensor und einen einstellbaren Timer.<\/p>\n<p>De YLI YM-2400SL heeft een kleefkracht van maar liefst 1200KG en moet worden gevoed met 12VDC. Voeding wordt niet meegeleverd. Onder het tabblad &#8216;Opties&#8217; staan verschillende voedingen aangegeven.<\/p>\n<p>Wir empfehlen, das Datenblatt auf der Registerkarte \u201eDokumentation\u201c zu konsultieren, um die richtige Anwendung zu finden.<\/p>\n<p><strong>Wichtigste Funktionen<\/strong><\/p>\n<ul>\n<li>Ausfallsicheres Schloss<\/li>\n<li>Ausgang des T\u00fcr- und Schlossstatussensors<\/li>\n<li>Einstellbarer Timer 0\/5\/10\/15 Sek<\/li>\n<li>12VDC<\/li>\n<li>1200 kg Haltekraft<\/li>\n<li>Status-LED<\/li>\n<\/ul>\n<p><a href=\"https:\/\/webstore4.com\/Copyright\/\" target=\"_blank\" rel=\"noopener\"><span style=\"color: #ff6e03; font-size: 11px;\">\u00a9 Der Text ist urheberrechtlich gesch\u00fctzt<\/span><\/a><\/p>","protected":false},"excerpt":{"rendered":"<p>Das YLI YM-2400SL ist ein hochwertiges kombiniertes elektromagnetisches Schloss mit Stiften f\u00fcr den Einbau in T\u00fcr und Rahmen. Der YM-2400SL verf\u00fcgt \u00fcber einen Timer, einen T\u00fcrsensorausgang und eine LED-Anzeige. Sobald die Stromversorgung des Schlosses unterbrochen wird, ist die T\u00fcr nicht verriegelt (ausfallsicher). Der Widerstand des Schlosses ist sehr hoch: 1200 kg.<\/p>\n<div class=\"klb-readmore button\"><a class=\"btn link\" href=\"https:\/\/webstore4.com\/de\/product\/yli-ym-2400sl-elektromagnetisch-inbouw-slot-kleefmagneet-met-pensluiting-1200kg-12vdc-fail-safe-met-sensor-en-led\/\">Mehr lesen <i class=\"klbth-icon-right-arrow\"><\/i><\/a><\/div>","protected":false},"featured_media":8549,"comment_status":"open","ping_status":"closed","template":"","meta":[],"pwb-brand":[3382],"product_cat":[4191,4197],"product_tag":[],"class_list":{"0":"post-8548","1":"product","2":"type-product","3":"status-publish","4":"has-post-thumbnail","6":"pwb-brand-yli","7":"product_cat-access","8":"product_cat-elektrische-sloten","9":"product_shipping_class-pakket","10":"pa_fail-fail-safe","11":"pa_garantie-3-jaar","12":"pa_materiaal-staal","13":"pa_merk-yli","14":"pa_montage-opbouw","15":"pa_omgeving-binnen","16":"pa_product-kleefmagneet","17":"pa_voeding-12vdc","18":"pa_weerstand-kracht-1200-kg","20":"first","21":"instock","22":"taxable","23":"shipping-taxable","24":"purchasable","25":"product-type-simple"},"brands":[{"id":3382,"name":"YLI","slug":"yli"}],"_links":{"self":[{"href":"https:\/\/webstore4.com\/de\/wp-json\/wp\/v2\/product\/8548","targetHints":{"allow":["GET"]}}],"collection":[{"href":"https:\/\/webstore4.com\/de\/wp-json\/wp\/v2\/product"}],"about":[{"href":"https:\/\/webstore4.com\/de\/wp-json\/wp\/v2\/types\/product"}],"replies":[{"embeddable":true,"href":"https:\/\/webstore4.com\/de\/wp-json\/wp\/v2\/comments?post=8548"}],"wp:featuredmedia":[{"embeddable":true,"href":"https:\/\/webstore4.com\/de\/wp-json\/wp\/v2\/media\/8549"}],"wp:attachment":[{"href":"https:\/\/webstore4.com\/de\/wp-json\/wp\/v2\/media?parent=8548"}],"wp:term":[{"taxonomy":"pwb-brand","embeddable":true,"href":"https:\/\/webstore4.com\/de\/wp-json\/wp\/v2\/pwb-brand?post=8548"},{"taxonomy":"product_cat","embeddable":true,"href":"https:\/\/webstore4.com\/de\/wp-json\/wp\/v2\/product_cat?post=8548"},{"taxonomy":"product_tag","embeddable":true,"href":"https:\/\/webstore4.com\/de\/wp-json\/wp\/v2\/product_tag?post=8548"}],"curies":[{"name":"wp","href":"https:\/\/api.w.org\/{rel}","templated":true}]}}