{"id":8539,"date":"2019-04-06T13:58:49","date_gmt":"2019-04-06T11:58:49","guid":{"rendered":"https:\/\/webstore4.com\/\/?product=yli-ybc-431-bluetooth-controller-voor-toegang-via-app"},"modified":"2024-06-25T08:30:05","modified_gmt":"2024-06-25T07:30:05","slug":"yli-ybc-431-bluetooth-controller-voor-toegang-via-app","status":"publish","type":"product","link":"https:\/\/webstore4.com\/de\/product\/yli-ybc-431-bluetooth-controller-voor-toegang-via-app\/","title":{"rendered":"YLI YBC-431 Bluetooth-Controller f\u00fcr den Zugriff per App"},"content":{"rendered":"<p>Der YLI YBC-431 Bluetooth Controller steuert beispielsweise ein elektrisches Schloss, Tor, Rollladen oder Garagentor \u00fcber eine kostenlose App auf einem Smartphone oder Tablet mit Bluetooth.<\/p>\n<p>Wij zijn officieel dealer van YLI.\u00a0Wij leveren YLI producten uit eigen voorraad.<\/p>\n<p><strong>M\u00f6glichkeiten<\/strong><\/p>\n<p>Mit dem YLI YBC-431 k\u00f6nnen ein elektrisches Schloss, ein Zaun, ein Tor, eine T\u00fcr usw. von bis zu 255 Benutzern mit einer kostenlosen iOS- oder Android-App auf einem mobilen Ger\u00e4t mit Bluetooth bedient werden. Der maximale Betriebsabstand vom Controller betr\u00e4gt 10 Meter. Es gibt drei Benutzerebenen: Master-Administrator, Administrator und Benutzer. Gleichzeitig kann 1 Smartphone eine aktive Verbindung mit dem Controller haben. Es ist kein Abonnement erforderlich.<\/p>\n<p>De YLI YBC-431 moet worden gevoed met 12VDC\/1A. Een voeding wordt niet meegeleverd. Onder het tabblad &#8216;Documentatie&#8217; is een link naar de handleiding opgenomen.<\/p>\n<p><strong>Wichtigste Funktionen<\/strong><\/p>\n<ul>\n<li>Bluetooth-gesteuerter Controller<\/li>\n<li>Maximale Entfernung 10 Meter<\/li>\n<li>Maximal 255 Benutzer<\/li>\n<li>Einstellbare Verz\u00f6gerung von 3, 6, 9 oder 12 Sekunden<\/li>\n<li>NO- und NC-Relais<\/li>\n<li>12VDC (12V\/1A) voeding (niet meegeleverd)<\/li>\n<li>Kostenlose App f\u00fcr iOS und Android<\/li>\n<\/ul>\n<p><a href=\"https:\/\/webstore4.com\/Copyright\/\" target=\"_blank\" rel=\"noopener\"><span style=\"color: #ff6e03; font-size: 11px;\">\u00a9 Der Text ist urheberrechtlich gesch\u00fctzt<\/span><\/a><\/p>","protected":false},"excerpt":{"rendered":"<p>De YLI YBC-431 Bluetooth Controller is een aansturing voor een elektrisch slot, hek, rolluik of bijvoorbeeld garagedeur via een gratis app op een smartphone of tablet met bluetooth. Wij zijn officieel dealer van YLI.\u00a0Wij leveren YLI producten uit eigen voorraad. Mogelijkheden Met de YLI YBC-431 kan met een gratis iOS of Android app op een<\/p>\n<div class=\"klb-readmore button\"><a class=\"btn link\" href=\"https:\/\/webstore4.com\/de\/product\/yli-ybc-431-bluetooth-controller-voor-toegang-via-app\/\">Mehr lesen <i class=\"klbth-icon-right-arrow\"><\/i><\/a><\/div>","protected":false},"featured_media":8540,"comment_status":"closed","ping_status":"closed","template":"","meta":[],"pwb-brand":[3382],"product_cat":[4191,4197],"product_tag":[],"class_list":{"0":"post-8539","1":"product","2":"type-product","3":"status-publish","4":"has-post-thumbnail","6":"pwb-brand-yli","7":"product_cat-access","8":"product_cat-elektrische-sloten","9":"pa_garantie-2-jaar","10":"pa_merk-yli","11":"pa_omgeving-binnen","12":"pa_product-accessoires","13":"pa_voeding-12vdc","15":"first","16":"instock","17":"taxable","18":"shipping-taxable","19":"purchasable","20":"product-type-simple"},"brands":[{"id":3382,"name":"YLI","slug":"yli"}],"_links":{"self":[{"href":"https:\/\/webstore4.com\/de\/wp-json\/wp\/v2\/product\/8539","targetHints":{"allow":["GET"]}}],"collection":[{"href":"https:\/\/webstore4.com\/de\/wp-json\/wp\/v2\/product"}],"about":[{"href":"https:\/\/webstore4.com\/de\/wp-json\/wp\/v2\/types\/product"}],"replies":[{"embeddable":true,"href":"https:\/\/webstore4.com\/de\/wp-json\/wp\/v2\/comments?post=8539"}],"wp:featuredmedia":[{"embeddable":true,"href":"https:\/\/webstore4.com\/de\/wp-json\/wp\/v2\/media\/8540"}],"wp:attachment":[{"href":"https:\/\/webstore4.com\/de\/wp-json\/wp\/v2\/media?parent=8539"}],"wp:term":[{"taxonomy":"pwb-brand","embeddable":true,"href":"https:\/\/webstore4.com\/de\/wp-json\/wp\/v2\/pwb-brand?post=8539"},{"taxonomy":"product_cat","embeddable":true,"href":"https:\/\/webstore4.com\/de\/wp-json\/wp\/v2\/product_cat?post=8539"},{"taxonomy":"product_tag","embeddable":true,"href":"https:\/\/webstore4.com\/de\/wp-json\/wp\/v2\/product_tag?post=8539"}],"curies":[{"name":"wp","href":"https:\/\/api.w.org\/{rel}","templated":true}]}}