{"id":8535,"date":"2019-03-30T21:22:21","date_gmt":"2019-03-30T19:22:21","guid":{"rendered":"https:\/\/webstore4.com\/\/?product=yli-ym-280nled-ds-elektromagnetisch-slot-opbouw-kleefmagneet-280kg-1224vdc-fail-safe"},"modified":"2025-02-13T20:42:53","modified_gmt":"2025-02-13T19:42:53","slug":"yli-ym-280nled-ds-elektromagnetisch-slot-kleefmagneet","status":"publish","type":"product","link":"https:\/\/webstore4.com\/de\/product\/yli-ym-280nled-ds-elektromagnetisch-slot-kleefmagneet\/","title":{"rendered":"YLI YM-280N(LED)-DS Elektromagnetisches Schloss, oberfl\u00e4chenmontierter Klebemagnet, 280 kg, 12\/24 VDC, ausfallsicher"},"content":{"rendered":"<p>Das YLI YM-280N(LED)-DS ist ein hochwertiges elektromagnetisches Schloss, das als Haftmagnet beispielsweise an oder in einem T\u00fcrrahmen montiert werden kann. Sobald die Stromversorgung des Schlosses unterbrochen wird, ist die T\u00fcr nicht verriegelt (ausfallsicher).<\/p>\n<p><strong>M\u00f6glichkeiten<\/strong><\/p>\n<p>Der YLI YM-280N(LED) eignet sich f\u00fcr den Einsatz mit Zugangskontrollsystemen wie Gegensprechanlagen und Kartenlesern. Der YLI YM-280N(LED) wird normalerweise im oder am Rahmen montiert, um eine T\u00fcr geschlossen zu halten. Das Schloss kann auch an einer Wand montiert werden, sodass T\u00fcren offen bleiben, bis die Stromversorgung unterbrochen wird. Bei einem Selbsteinzug\/T\u00fcrschlie\u00dfer an der T\u00fcr schlie\u00dft die T\u00fcr, sobald der Strom ausf\u00e4llt, beispielsweise bei einem Feueralarm oder nach Ladenschluss eines Geb\u00e4udes.<\/p>\n<p>Das Schloss verf\u00fcgt \u00fcber eine rot\/gr\u00fcne LED, die den Status des Schlosses anzeigt, und das Schloss verf\u00fcgt \u00fcber einen T\u00fcr- und Schlossstatussensor. Das Schloss verf\u00fcgt \u00fcber keine mechanisch beweglichen Teile und hat daher eine sehr lange Lebensdauer.<\/p>\n<p>Der YLI YM-280N(LED)-DS verf\u00fcgt \u00fcber eine Haftkraft von 280KG und kann mit 12 oder 24VDC betrieben werden. Netzteil ist nicht im Lieferumfang enthalten. Unter dem Reiter \u201eOptionen\u201c sind verschiedene Netzteile aufgef\u00fchrt. Der YLI YM-280N(LED)-DS wird mit einer flachen Ankerplatte mit Kunststoffhalter geliefert. F\u00fcr die passende Montage stehen verschiedene Profile f\u00fcr die Ankerplatte zur Verf\u00fcgung. Diese Profile sind im Reiter \u201eOptionen\u201c enthalten und k\u00f6nnen bestellt werden. F\u00fcr die richtige Anwendung und ggf. f\u00fcr die Auswahl eines geeigneten Profils f\u00fcr die Ankerplatte empfehlen wir Ihnen, das Datenblatt zu Rate zu ziehen, das Sie im Reiter \u201eDokumentation\u201c finden.<\/p>\n<p><strong>Wichtigste Funktionen<\/strong><\/p>\n<ul>\n<li>Ausfallsicheres Schloss<\/li>\n<li>Ausgang des T\u00fcr- und Schlossstatussensors (NO\/NC\/COM)<\/li>\n<li>12 VDC\/500 mA oder 24 VDC\/250 mA<\/li>\n<li>280 kg Haltekraft<\/li>\n<li>Inklusive Ankerplatte<\/li>\n<li>Status-LED<\/li>\n<li>Eingebauter Varistor (Schutz vor Selbstbeeinflussung)<\/li>\n<\/ul>\n<p><a href=\"https:\/\/webstore4.com\/Copyright\/\" target=\"_blank\" rel=\"noopener\"><span style=\"color: #ff6e03; font-size: 11px;\">\u00a9 Der Text ist urheberrechtlich gesch\u00fctzt<\/span><\/a><\/p>","protected":false},"excerpt":{"rendered":"<p>De YLI YM-280N(LED)-DS is een hoogwaardig elektromagnetisch slot dat als kleefmagneet bijvoorbeeld op of in een deurkozijn kan worden gemonteerd. Zodra de stroom naar het slot wegvalt is de deur niet op slot (fail safe). Mogelijkheden De YLI YM-280N(LED)-DS\u00a0is geschikt om te worden gebruikt met toegangscontrole systemen zoals intercom en paslezers. De YLI YM-280N(LED)-DS\u00a0wordt meestal<\/p>\n<div class=\"klb-readmore button\"><a class=\"btn link\" href=\"https:\/\/webstore4.com\/de\/product\/yli-ym-280nled-ds-elektromagnetisch-slot-kleefmagneet\/\">Mehr lesen <i class=\"klbth-icon-right-arrow\"><\/i><\/a><\/div>","protected":false},"featured_media":10850,"comment_status":"open","ping_status":"closed","template":"","meta":[],"pwb-brand":[3382],"product_cat":[4191,4197],"product_tag":[],"class_list":{"0":"post-8535","1":"product","2":"type-product","3":"status-publish","4":"has-post-thumbnail","6":"pwb-brand-yli","7":"product_cat-access","8":"product_cat-elektrische-sloten","9":"product_shipping_class-pakket","10":"pa_fail-fail-safe","11":"pa_garantie-3-jaar","12":"pa_materiaal-aluminium","13":"pa_merk-yli","14":"pa_montage-inbouw","15":"pa_montage-opbouw","16":"pa_omgeving-binnen","17":"pa_product-kleefmagneet","18":"pa_voeding-12vdc","19":"pa_voeding-24vdc","20":"pa_weerstand-kracht-280-kg","22":"first","23":"instock","24":"taxable","25":"shipping-taxable","26":"purchasable","27":"product-type-simple"},"brands":[{"id":3382,"name":"YLI","slug":"yli"}],"_links":{"self":[{"href":"https:\/\/webstore4.com\/de\/wp-json\/wp\/v2\/product\/8535","targetHints":{"allow":["GET"]}}],"collection":[{"href":"https:\/\/webstore4.com\/de\/wp-json\/wp\/v2\/product"}],"about":[{"href":"https:\/\/webstore4.com\/de\/wp-json\/wp\/v2\/types\/product"}],"replies":[{"embeddable":true,"href":"https:\/\/webstore4.com\/de\/wp-json\/wp\/v2\/comments?post=8535"}],"wp:featuredmedia":[{"embeddable":true,"href":"https:\/\/webstore4.com\/de\/wp-json\/wp\/v2\/media\/10850"}],"wp:attachment":[{"href":"https:\/\/webstore4.com\/de\/wp-json\/wp\/v2\/media?parent=8535"}],"wp:term":[{"taxonomy":"pwb-brand","embeddable":true,"href":"https:\/\/webstore4.com\/de\/wp-json\/wp\/v2\/pwb-brand?post=8535"},{"taxonomy":"product_cat","embeddable":true,"href":"https:\/\/webstore4.com\/de\/wp-json\/wp\/v2\/product_cat?post=8535"},{"taxonomy":"product_tag","embeddable":true,"href":"https:\/\/webstore4.com\/de\/wp-json\/wp\/v2\/product_tag?post=8535"}],"curies":[{"name":"wp","href":"https:\/\/api.w.org\/{rel}","templated":true}]}}