{"id":8529,"date":"2019-02-28T01:55:56","date_gmt":"2019-02-27T23:55:56","guid":{"rendered":"https:\/\/webstore4.com\/\/?product=dahua-yx-4cm-mifare-tag-rond-zonder-key-ring"},"modified":"2025-05-07T13:04:58","modified_gmt":"2025-05-07T12:04:58","slug":"dahua-yx-4cm-mifare-tag-rond-zonder-key-ring","status":"publish","type":"product","link":"https:\/\/webstore4.com\/de\/product\/dahua-yx-4cm-mifare-tag-rond-zonder-key-ring\/","title":{"rendered":"Dahua YX-4CM Mifare-Tag rund ohne Schl\u00fcsselring (5 St\u00fcck)"},"content":{"rendered":"<p>Der Dahua YX-4CM ist ein runder und blauer Mifare-Tag ohne Schl\u00fcsselring zur Zugangskontrolle f\u00fcr beispielsweise eine IP-Video-Gegensprechanlage von Dahua oder Hikvision mit Mifare-Leser oder einen anderen Mifare-Tag oder Kartenleser.<br \/>\nDe tags hebben een gat voor een key ring. Daardoor is de tag eenvoudig aan een sleutelbos te verbinden. De tag werkt op 13.56 Mhz en is niet kopieerbaar.<\/p>\n<p><strong>Wichtigste Funktionen<\/strong><\/p>\n<ul>\n<li>Frequenz 13,56 MHz<\/li>\n<li>Blau<\/li>\n<\/ul>\n<p><a href=\"https:\/\/webstore4.com\/Copyright\/\" target=\"_blank\" rel=\"noopener\"><span style=\"color: #ff6e03; font-size: 11px;\">\u00a9 Der Text ist urheberrechtlich gesch\u00fctzt<\/span><\/a><\/p>","protected":false},"excerpt":{"rendered":"<p>De Dahua YX-4CM is een ronde en blauwe Mifare tag rond zonder key ring voor toegangscontrole voor bijvoorbeeld een Dahua of Hikvision IP video intercom buiten station met Mifare lezer of elk andere Mifare tag of kaartlezer. De tags hebben een gat voor een key ring. Daardoor is de tag eenvoudig aan een sleutelbos te<\/p>\n<div class=\"klb-readmore button\"><a class=\"btn link\" href=\"https:\/\/webstore4.com\/de\/product\/dahua-yx-4cm-mifare-tag-rond-zonder-key-ring\/\">Mehr lesen <i class=\"klbth-icon-right-arrow\"><\/i><\/a><\/div>","protected":false},"featured_media":16937,"comment_status":"open","ping_status":"closed","template":"","meta":[],"pwb-brand":[3376],"product_cat":[4191,4196],"product_tag":[],"class_list":{"0":"post-8529","1":"product","2":"type-product","3":"status-publish","4":"has-post-thumbnail","6":"pwb-brand-dahua","7":"product_cat-access","8":"product_cat-tags","9":"product_shipping_class-brievenbuspakket","10":"pa_frequentie-tags-en-readers-mifare-13-56-mhz","11":"pa_kleur-blauw","12":"pa_materiaal-kunststof","13":"pa_merk-dahua","14":"pa_product-tag","16":"first","17":"onbackorder","18":"taxable","19":"shipping-taxable","20":"purchasable","21":"product-type-simple"},"brands":[{"id":3376,"name":"Dahua","slug":"dahua"}],"_links":{"self":[{"href":"https:\/\/webstore4.com\/de\/wp-json\/wp\/v2\/product\/8529","targetHints":{"allow":["GET"]}}],"collection":[{"href":"https:\/\/webstore4.com\/de\/wp-json\/wp\/v2\/product"}],"about":[{"href":"https:\/\/webstore4.com\/de\/wp-json\/wp\/v2\/types\/product"}],"replies":[{"embeddable":true,"href":"https:\/\/webstore4.com\/de\/wp-json\/wp\/v2\/comments?post=8529"}],"wp:featuredmedia":[{"embeddable":true,"href":"https:\/\/webstore4.com\/de\/wp-json\/wp\/v2\/media\/16937"}],"wp:attachment":[{"href":"https:\/\/webstore4.com\/de\/wp-json\/wp\/v2\/media?parent=8529"}],"wp:term":[{"taxonomy":"pwb-brand","embeddable":true,"href":"https:\/\/webstore4.com\/de\/wp-json\/wp\/v2\/pwb-brand?post=8529"},{"taxonomy":"product_cat","embeddable":true,"href":"https:\/\/webstore4.com\/de\/wp-json\/wp\/v2\/product_cat?post=8529"},{"taxonomy":"product_tag","embeddable":true,"href":"https:\/\/webstore4.com\/de\/wp-json\/wp\/v2\/product_tag?post=8529"}],"curies":[{"name":"wp","href":"https:\/\/api.w.org\/{rel}","templated":true}]}}